{"id":8753,"date":"2024-06-23T18:12:52","date_gmt":"2024-06-23T16:12:52","guid":{"rendered":"https:\/\/www.bynaldis-shop.com\/?post_type=product&#038;p=8753"},"modified":"2026-05-05T11:06:55","modified_gmt":"2026-05-05T09:06:55","slug":"gartenschild-moewe","status":"publish","type":"product","link":"https:\/\/www.bynaldis-shop.com\/?product=gartenschild-moewe","title":{"rendered":"Gartenschild \u201eGute Zeiten in Sicht\u201c \u2013 Blau mit M\u00f6we, 13 x 31 cm"},"content":{"rendered":"<p data-start=\"93\" data-end=\"160\"><strong data-start=\"93\" data-end=\"160\">Gartenschild \u201eGute Zeiten in Sicht\u201c \u2013 Blau mit M\u00f6we, 13 x 31 cm<\/strong><\/p>\n<p data-start=\"162\" data-end=\"419\">Mit einem Augenzwinkern k\u00fcndigt dieses maritime Schild mit M\u00f6we und Fernglas an: <strong data-start=\"243\" data-end=\"268\">Gute Zeiten in Sicht!<\/strong> Der frische Blauton und das verspielte Design bringen sofort Urlaubsgef\u00fchl und Meeresbrise in deinen Garten, auf die Terrasse oder an die Eingangst\u00fcr.<\/p>\n<p data-start=\"421\" data-end=\"632\">Gefertigt aus stabilem Stahlblech im trendigen Used-Look, ist das Schild wetterfest lackiert und somit bestens f\u00fcr den Au\u00dfenbereich geeignet. Dank der praktischen Aufh\u00e4ngung l\u00e4sst es sich ganz einfach anbringen.<\/p>\n<p data-start=\"634\" data-end=\"766\" data-is-last-node=\"\" data-is-only-node=\"\">Ein wunderbares Geschenk \u2013 oder ein t\u00e4glicher Mutmacher f\u00fcr dich selbst, der daran erinnert, dass immer etwas Sch\u00f6nes vor dir liegt.<\/p>\n","protected":false},"excerpt":{"rendered":"<p>Gartenschild \u201eGute Zeiten in Sicht\u201c \u2013 Blau mit M\u00f6we, 13 x 31 cm Mit einem Augenzwinkern k\u00fcndigt dieses maritime Schild mit M\u00f6we und Fernglas an: Gute Zeiten in Sicht! Der frische Blauton und das verspielte Design bringen sofort Urlaubsgef\u00fchl und Meeresbrise in deinen Garten, auf die Terrasse oder an die Eingangst\u00fcr. Gefertigt aus stabilem Stahlblech [&hellip;]<\/p>\n<p><a class=\"read-more\" href=\"https:\/\/www.bynaldis-shop.com\/?product=gartenschild-moewe\">Mehr lesen<span class=\"meta-nav\">&rarr;<\/span><\/a><\/p>\n","protected":false},"featured_media":8754,"template":"","meta":[],"product_brand":[],"product_cat":[262],"product_tag":[],"class_list":{"0":"post-8753","1":"product","2":"type-product","3":"status-publish","4":"has-post-thumbnail","6":"product_cat-garten","8":"first","9":"instock","10":"taxable","11":"shipping-taxable","12":"purchasable","13":"product-type-simple"},"_links":{"self":[{"href":"https:\/\/www.bynaldis-shop.com\/index.php?rest_route=\/wp\/v2\/product\/8753","targetHints":{"allow":["GET"]}}],"collection":[{"href":"https:\/\/www.bynaldis-shop.com\/index.php?rest_route=\/wp\/v2\/product"}],"about":[{"href":"https:\/\/www.bynaldis-shop.com\/index.php?rest_route=\/wp\/v2\/types\/product"}],"wp:featuredmedia":[{"embeddable":true,"href":"https:\/\/www.bynaldis-shop.com\/index.php?rest_route=\/wp\/v2\/media\/8754"}],"wp:attachment":[{"href":"https:\/\/www.bynaldis-shop.com\/index.php?rest_route=%2Fwp%2Fv2%2Fmedia&parent=8753"}],"wp:term":[{"taxonomy":"product_brand","embeddable":true,"href":"https:\/\/www.bynaldis-shop.com\/index.php?rest_route=%2Fwp%2Fv2%2Fproduct_brand&post=8753"},{"taxonomy":"product_cat","embeddable":true,"href":"https:\/\/www.bynaldis-shop.com\/index.php?rest_route=%2Fwp%2Fv2%2Fproduct_cat&post=8753"},{"taxonomy":"product_tag","embeddable":true,"href":"https:\/\/www.bynaldis-shop.com\/index.php?rest_route=%2Fwp%2Fv2%2Fproduct_tag&post=8753"}],"curies":[{"name":"wp","href":"https:\/\/api.w.org\/{rel}","templated":true}]}}