{"id":8749,"date":"2024-06-23T18:08:25","date_gmt":"2024-06-23T16:08:25","guid":{"rendered":"https:\/\/www.bynaldis-shop.com\/?post_type=product&#038;p=8749"},"modified":"2025-10-21T19:29:06","modified_gmt":"2025-10-21T17:29:06","slug":"magnetschild-lass-dein-licht-leuchten","status":"publish","type":"product","link":"https:\/\/www.bynaldis-shop.com\/?product=magnetschild-lass-dein-licht-leuchten","title":{"rendered":"Magnetschild \u201eLass dein Licht leuchten\u201c \u2013 Farbe: Mokka"},"content":{"rendered":"<article class=\"text-token-text-primary w-full focus:outline-none scroll-mt-[calc(var(--header-height)+min(200px,max(70px,20svh)))]\" dir=\"auto\" tabindex=\"-1\" data-testid=\"conversation-turn-450\" data-scroll-anchor=\"true\" data-turn=\"assistant\">\n<div class=\"text-base my-auto mx-auto pb-10 [--thread-content-margin:--spacing(4)] @[37rem]:[--thread-content-margin:--spacing(6)] @[72rem]:[--thread-content-margin:--spacing(16)] px-(--thread-content-margin)\">\n<div class=\"[--thread-content-max-width:32rem] @[34rem]:[--thread-content-max-width:40rem] @[64rem]:[--thread-content-max-width:48rem] mx-auto max-w-(--thread-content-max-width) flex-1 group\/turn-messages focus-visible:outline-hidden relative flex w-full min-w-0 flex-col agent-turn\" tabindex=\"-1\">\n<div class=\"flex max-w-full flex-col grow\">\n<div class=\"min-h-8 text-message relative flex w-full flex-col items-end gap-2 text-start break-words whitespace-normal [.text-message+&amp;]:mt-5\" dir=\"auto\" data-message-author-role=\"assistant\" data-message-id=\"6449de35-bb96-421b-b448-bca375d9f751\" data-message-model-slug=\"gpt-4o\">\n<div class=\"flex w-full flex-col gap-1 empty:hidden first:pt-[3px]\">\n<div class=\"markdown prose dark:prose-invert w-full break-words light\">\n<p data-start=\"78\" data-end=\"219\"><strong data-start=\"78\" data-end=\"136\">Magnetschild \u201eLass dein Licht leuchten\u201c \u2013 Farbe: Mokka<\/strong><\/p>\n<p data-start=\"78\" data-end=\"219\"><br data-start=\"136\" data-end=\"139\" \/><strong data-start=\"139\" data-end=\"148\">Ma\u00dfe:<\/strong> 7 x 7 cm<br data-start=\"157\" data-end=\"160\" \/><strong data-start=\"160\" data-end=\"173\">Material:<\/strong> Stahlblech, matt lackiert mit Magnetr\u00fcckseite<\/p>\n<p data-start=\"221\" data-end=\"410\">Ein kleiner Impuls mit gro\u00dfer Wirkung: <em data-start=\"260\" data-end=\"287\">Lass dein Licht leuchten.<\/em> Dieses schlichte, stilvolle Magnetschild in warmem Mokkaton erinnert uns daran, das eigene Strahlen nicht zu verstecken.<\/p>\n<p data-start=\"412\" data-end=\"564\" data-is-last-node=\"\" data-is-only-node=\"\">Ob am K\u00fchlschrank, am Whiteboard oder als Geschenk f\u00fcr einen Herzensmenschen \u2013 dieses Schild inspiriert, ermutigt und bringt stille St\u00e4rke in jeden Tag.<\/p>\n<\/div>\n<\/div>\n<\/div>\n<\/div>\n<\/div>\n<\/div>\n<\/article>\n","protected":false},"excerpt":{"rendered":"<p>Magnetschild \u201eLass dein Licht leuchten\u201c \u2013 Farbe: Mokka Ma\u00dfe: 7 x 7 cmMaterial: Stahlblech, matt lackiert mit Magnetr\u00fcckseite Ein kleiner Impuls mit gro\u00dfer Wirkung: Lass dein Licht leuchten. Dieses schlichte, stilvolle Magnetschild in warmem Mokkaton erinnert uns daran, das eigene Strahlen nicht zu verstecken. Ob am K\u00fchlschrank, am Whiteboard oder als Geschenk f\u00fcr einen Herzensmenschen [&hellip;]<\/p>\n<p><a class=\"read-more\" href=\"https:\/\/www.bynaldis-shop.com\/?product=magnetschild-lass-dein-licht-leuchten\">Mehr lesen<span class=\"meta-nav\">&rarr;<\/span><\/a><\/p>\n","protected":false},"featured_media":8750,"template":"","meta":[],"product_brand":[],"product_cat":[245],"product_tag":[],"class_list":{"0":"post-8749","1":"product","2":"type-product","3":"status-publish","4":"has-post-thumbnail","6":"product_cat-dies-und-das","8":"first","9":"instock","10":"taxable","11":"shipping-taxable","12":"purchasable","13":"product-type-simple"},"_links":{"self":[{"href":"https:\/\/www.bynaldis-shop.com\/index.php?rest_route=\/wp\/v2\/product\/8749","targetHints":{"allow":["GET"]}}],"collection":[{"href":"https:\/\/www.bynaldis-shop.com\/index.php?rest_route=\/wp\/v2\/product"}],"about":[{"href":"https:\/\/www.bynaldis-shop.com\/index.php?rest_route=\/wp\/v2\/types\/product"}],"wp:featuredmedia":[{"embeddable":true,"href":"https:\/\/www.bynaldis-shop.com\/index.php?rest_route=\/wp\/v2\/media\/8750"}],"wp:attachment":[{"href":"https:\/\/www.bynaldis-shop.com\/index.php?rest_route=%2Fwp%2Fv2%2Fmedia&parent=8749"}],"wp:term":[{"taxonomy":"product_brand","embeddable":true,"href":"https:\/\/www.bynaldis-shop.com\/index.php?rest_route=%2Fwp%2Fv2%2Fproduct_brand&post=8749"},{"taxonomy":"product_cat","embeddable":true,"href":"https:\/\/www.bynaldis-shop.com\/index.php?rest_route=%2Fwp%2Fv2%2Fproduct_cat&post=8749"},{"taxonomy":"product_tag","embeddable":true,"href":"https:\/\/www.bynaldis-shop.com\/index.php?rest_route=%2Fwp%2Fv2%2Fproduct_tag&post=8749"}],"curies":[{"name":"wp","href":"https:\/\/api.w.org\/{rel}","templated":true}]}}