{"id":8735,"date":"2024-06-23T16:18:28","date_gmt":"2024-06-23T14:18:28","guid":{"rendered":"https:\/\/www.bynaldis-shop.com\/?post_type=product&#038;p=8735"},"modified":"2025-12-04T20:58:19","modified_gmt":"2025-12-04T19:58:19","slug":"notizblock-gartenelfe","status":"publish","type":"product","link":"https:\/\/www.bynaldis-shop.com\/?product=notizblock-gartenelfe","title":{"rendered":"Notizblock \u201eGartenelfe \u2013 Gedankenst\u00fctze\u201c"},"content":{"rendered":"<p data-start=\"109\" data-end=\"194\"><strong data-start=\"109\" data-end=\"153\">Notizblock \u201eGartenelfe \u2013 Gedankenst\u00fctze\u201c<\/strong><\/p>\n<p data-start=\"109\" data-end=\"194\"><br data-start=\"153\" data-end=\"156\" \/>Format: A6 (10,5 x 14,8 cm) | 50 Blatt<\/p>\n<p data-start=\"196\" data-end=\"462\">Ein Hauch von Zauber f\u00fcr deinen Alltag: Mit liebevoller Illustration einer Gartenelfe erinnert dich dieser Notizblock daran, dass gute Gedanken nicht verloren gehen d\u00fcrfen. Ob kleine Geistesblitze, Einkaufslisten oder Herzensnotizen \u2013 hier findet alles seinen Platz.<\/p>\n<p data-start=\"464\" data-end=\"646\">50 Bl\u00e4tter im handlichen A6-Format laden dazu ein, den \u00dcberblick zu behalten und sich selbst kleine Erinnerungshilfen zu schenken \u2013 mit einem Augenzwinkern und einer Prise Elfenstaub.<\/p>\n<p data-start=\"648\" data-end=\"729\" data-is-last-node=\"\" data-is-only-node=\"\">Ideal f\u00fcr alle, die das Allt\u00e4gliche ein bisschen m\u00e4rchenhafter gestalten m\u00f6chten.<\/p>\n","protected":false},"excerpt":{"rendered":"<p>Notizblock \u201eGartenelfe \u2013 Gedankenst\u00fctze\u201c Format: A6 (10,5 x 14,8 cm) | 50 Blatt Ein Hauch von Zauber f\u00fcr deinen Alltag: Mit liebevoller Illustration einer Gartenelfe erinnert dich dieser Notizblock daran, dass gute Gedanken nicht verloren gehen d\u00fcrfen. Ob kleine Geistesblitze, Einkaufslisten oder Herzensnotizen \u2013 hier findet alles seinen Platz. 50 Bl\u00e4tter im handlichen A6-Format laden [&hellip;]<\/p>\n<p><a class=\"read-more\" href=\"https:\/\/www.bynaldis-shop.com\/?product=notizblock-gartenelfe\">Mehr lesen<span class=\"meta-nav\">&rarr;<\/span><\/a><\/p>\n","protected":false},"featured_media":8736,"template":"","meta":[],"product_brand":[],"product_cat":[288,190],"product_tag":[],"class_list":{"0":"post-8735","1":"product","2":"type-product","3":"status-publish","4":"has-post-thumbnail","6":"product_cat-alles-fuer-das-kinderherz","7":"product_cat-notizhefte","9":"first","10":"instock","11":"taxable","12":"shipping-taxable","13":"purchasable","14":"product-type-simple"},"_links":{"self":[{"href":"https:\/\/www.bynaldis-shop.com\/index.php?rest_route=\/wp\/v2\/product\/8735","targetHints":{"allow":["GET"]}}],"collection":[{"href":"https:\/\/www.bynaldis-shop.com\/index.php?rest_route=\/wp\/v2\/product"}],"about":[{"href":"https:\/\/www.bynaldis-shop.com\/index.php?rest_route=\/wp\/v2\/types\/product"}],"wp:featuredmedia":[{"embeddable":true,"href":"https:\/\/www.bynaldis-shop.com\/index.php?rest_route=\/wp\/v2\/media\/8736"}],"wp:attachment":[{"href":"https:\/\/www.bynaldis-shop.com\/index.php?rest_route=%2Fwp%2Fv2%2Fmedia&parent=8735"}],"wp:term":[{"taxonomy":"product_brand","embeddable":true,"href":"https:\/\/www.bynaldis-shop.com\/index.php?rest_route=%2Fwp%2Fv2%2Fproduct_brand&post=8735"},{"taxonomy":"product_cat","embeddable":true,"href":"https:\/\/www.bynaldis-shop.com\/index.php?rest_route=%2Fwp%2Fv2%2Fproduct_cat&post=8735"},{"taxonomy":"product_tag","embeddable":true,"href":"https:\/\/www.bynaldis-shop.com\/index.php?rest_route=%2Fwp%2Fv2%2Fproduct_tag&post=8735"}],"curies":[{"name":"wp","href":"https:\/\/api.w.org\/{rel}","templated":true}]}}