{"id":8733,"date":"2024-06-23T16:18:21","date_gmt":"2024-06-23T14:18:21","guid":{"rendered":"https:\/\/www.bynaldis-shop.com\/?post_type=product&#038;p=8733"},"modified":"2025-10-21T19:26:05","modified_gmt":"2025-10-21T17:26:05","slug":"notizblock-moewe","status":"publish","type":"product","link":"https:\/\/www.bynaldis-shop.com\/?product=notizblock-moewe","title":{"rendered":"Notizblock \u201eM\u00f6we \u2013 Alles im Blick\u201c"},"content":{"rendered":"<p data-start=\"66\" data-end=\"145\"><strong data-start=\"66\" data-end=\"104\">Notizblock \u201eM\u00f6we \u2013 Alles im Blick\u201c<\/strong><\/p>\n<p data-start=\"66\" data-end=\"145\"><br data-start=\"104\" data-end=\"107\" \/>Format: A6 (10,5 x 14,8 cm) | 50 Blatt<\/p>\n<p data-start=\"147\" data-end=\"340\">Mit klarem Blick und nordischem Charme: Dieser liebevoll gestaltete Notizblock mit M\u00f6wenmotiv erinnert dich daran, <em data-start=\"262\" data-end=\"280\">\u201eAlles im Blick\u201c<\/em> zu behalten \u2013 egal ob Alltag, Termine oder Herzensgedanken.<\/p>\n<p data-start=\"342\" data-end=\"539\">Die 50 leicht beschreibbaren Bl\u00e4tter im handlichen A6-Format machen ihn zum idealen Begleiter f\u00fcr B\u00fcro, K\u00fcche oder Handtasche. Perfekt f\u00fcr To-do-Listen, spontane Einf\u00e4lle oder kleine Botschaften.<\/p>\n<p data-start=\"541\" data-end=\"587\" data-is-last-node=\"\" data-is-only-node=\"\">Praktisch. Sch\u00f6n. Und mit einem Augenzwinkern.<\/p>\n","protected":false},"excerpt":{"rendered":"<p>Notizblock \u201eM\u00f6we \u2013 Alles im Blick\u201c Format: A6 (10,5 x 14,8 cm) | 50 Blatt Mit klarem Blick und nordischem Charme: Dieser liebevoll gestaltete Notizblock mit M\u00f6wenmotiv erinnert dich daran, \u201eAlles im Blick\u201c zu behalten \u2013 egal ob Alltag, Termine oder Herzensgedanken. Die 50 leicht beschreibbaren Bl\u00e4tter im handlichen A6-Format machen ihn zum idealen Begleiter [&hellip;]<\/p>\n<p><a class=\"read-more\" href=\"https:\/\/www.bynaldis-shop.com\/?product=notizblock-moewe\">Mehr lesen<span class=\"meta-nav\">&rarr;<\/span><\/a><\/p>\n","protected":false},"featured_media":8734,"template":"","meta":[],"product_brand":[],"product_cat":[288,190],"product_tag":[],"class_list":{"0":"post-8733","1":"product","2":"type-product","3":"status-publish","4":"has-post-thumbnail","6":"product_cat-alles-fuer-das-kinderherz","7":"product_cat-notizhefte","9":"first","10":"instock","11":"taxable","12":"shipping-taxable","13":"purchasable","14":"product-type-simple"},"_links":{"self":[{"href":"https:\/\/www.bynaldis-shop.com\/index.php?rest_route=\/wp\/v2\/product\/8733","targetHints":{"allow":["GET"]}}],"collection":[{"href":"https:\/\/www.bynaldis-shop.com\/index.php?rest_route=\/wp\/v2\/product"}],"about":[{"href":"https:\/\/www.bynaldis-shop.com\/index.php?rest_route=\/wp\/v2\/types\/product"}],"wp:featuredmedia":[{"embeddable":true,"href":"https:\/\/www.bynaldis-shop.com\/index.php?rest_route=\/wp\/v2\/media\/8734"}],"wp:attachment":[{"href":"https:\/\/www.bynaldis-shop.com\/index.php?rest_route=%2Fwp%2Fv2%2Fmedia&parent=8733"}],"wp:term":[{"taxonomy":"product_brand","embeddable":true,"href":"https:\/\/www.bynaldis-shop.com\/index.php?rest_route=%2Fwp%2Fv2%2Fproduct_brand&post=8733"},{"taxonomy":"product_cat","embeddable":true,"href":"https:\/\/www.bynaldis-shop.com\/index.php?rest_route=%2Fwp%2Fv2%2Fproduct_cat&post=8733"},{"taxonomy":"product_tag","embeddable":true,"href":"https:\/\/www.bynaldis-shop.com\/index.php?rest_route=%2Fwp%2Fv2%2Fproduct_tag&post=8733"}],"curies":[{"name":"wp","href":"https:\/\/api.w.org\/{rel}","templated":true}]}}