{"id":8707,"date":"2024-05-30T15:07:40","date_gmt":"2024-05-30T13:07:40","guid":{"rendered":"https:\/\/www.bynaldis-shop.com\/?post_type=product&#038;p=8707"},"modified":"2026-01-26T15:07:41","modified_gmt":"2026-01-26T14:07:41","slug":"ich-denk-an-dich-demnaechst-verfuegbar","status":"publish","type":"product","link":"https:\/\/www.bynaldis-shop.com\/?product=ich-denk-an-dich-demnaechst-verfuegbar","title":{"rendered":"Postkarte \u2013 \u201eIch denk an dich\u201c mit Hundemotiv"},"content":{"rendered":"<p data-start=\"122\" data-end=\"205\"><strong data-start=\"122\" data-end=\"171\">Postkarte \u2013 \u201eIch denk an dich\u201c mit Hundemotiv<\/strong><\/p>\n<p data-start=\"207\" data-end=\"362\">Ein treuer Blick, ein stiller Gru\u00df: Diese herzliche Postkarte mit liebevollem Hundemotiv sagt ohne viele Worte genau das Richtige \u2013 <em data-start=\"339\" data-end=\"359\">\u201eIch denk an dich\u201c<\/em>.<\/p>\n<p data-start=\"364\" data-end=\"553\">Ob als kleine Aufmunterung, Zeichen der Verbundenheit oder einfach nur so \u2013 sie bringt N\u00e4he, wo Worte fehlen. Gedruckt auf hochwertigem Karton, ideal zum Verschenken oder selbst Behalten.\u00a0Ein kleines St\u00fcck Geborgenheit zum Verschicken.<\/p>\n<p data-start=\"364\" data-end=\"553\">Passend zu unseren liebevoll gestalteten Postkarten findest du in unserem Shop auch wundersch\u00f6ne Postkartenhalter aus Holz und Gips. Sie setzen deine Karten elegant in Szene und sorgen daf\u00fcr, dass deine liebsten Botschaften immer gut sichtbar und stilvoll pr\u00e4sentiert werden. Ob auf dem Schreibtisch, im Regal oder auf dem Fensterbrett \u2013 unsere Halter sind kleine Hingucker und machen das Postkartenerlebnis noch besonderer. Entdecke die Vielfalt und gestalte deine pers\u00f6nliche Wohlf\u00fchloase mit Herz!<\/p>\n","protected":false},"excerpt":{"rendered":"<p>Postkarte \u2013 \u201eIch denk an dich\u201c mit Hundemotiv Ein treuer Blick, ein stiller Gru\u00df: Diese herzliche Postkarte mit liebevollem Hundemotiv sagt ohne viele Worte genau das Richtige \u2013 \u201eIch denk an dich\u201c. Ob als kleine Aufmunterung, Zeichen der Verbundenheit oder einfach nur so \u2013 sie bringt N\u00e4he, wo Worte fehlen. Gedruckt auf hochwertigem Karton, ideal [&hellip;]<\/p>\n<p><a class=\"read-more\" href=\"https:\/\/www.bynaldis-shop.com\/?product=ich-denk-an-dich-demnaechst-verfuegbar\">Mehr lesen<span class=\"meta-nav\">&rarr;<\/span><\/a><\/p>\n","protected":false},"featured_media":8691,"template":"","meta":[],"product_brand":[],"product_cat":[215],"product_tag":[],"class_list":{"0":"post-8707","1":"product","2":"type-product","3":"status-publish","4":"has-post-thumbnail","6":"product_cat-postkarten","8":"first","9":"instock","10":"taxable","11":"shipping-taxable","12":"purchasable","13":"product-type-simple"},"_links":{"self":[{"href":"https:\/\/www.bynaldis-shop.com\/index.php?rest_route=\/wp\/v2\/product\/8707","targetHints":{"allow":["GET"]}}],"collection":[{"href":"https:\/\/www.bynaldis-shop.com\/index.php?rest_route=\/wp\/v2\/product"}],"about":[{"href":"https:\/\/www.bynaldis-shop.com\/index.php?rest_route=\/wp\/v2\/types\/product"}],"wp:featuredmedia":[{"embeddable":true,"href":"https:\/\/www.bynaldis-shop.com\/index.php?rest_route=\/wp\/v2\/media\/8691"}],"wp:attachment":[{"href":"https:\/\/www.bynaldis-shop.com\/index.php?rest_route=%2Fwp%2Fv2%2Fmedia&parent=8707"}],"wp:term":[{"taxonomy":"product_brand","embeddable":true,"href":"https:\/\/www.bynaldis-shop.com\/index.php?rest_route=%2Fwp%2Fv2%2Fproduct_brand&post=8707"},{"taxonomy":"product_cat","embeddable":true,"href":"https:\/\/www.bynaldis-shop.com\/index.php?rest_route=%2Fwp%2Fv2%2Fproduct_cat&post=8707"},{"taxonomy":"product_tag","embeddable":true,"href":"https:\/\/www.bynaldis-shop.com\/index.php?rest_route=%2Fwp%2Fv2%2Fproduct_tag&post=8707"}],"curies":[{"name":"wp","href":"https:\/\/api.w.org\/{rel}","templated":true}]}}