{"id":8706,"date":"2024-05-30T15:07:07","date_gmt":"2024-05-30T13:07:07","guid":{"rendered":"https:\/\/www.bynaldis-shop.com\/?post_type=product&#038;p=8706"},"modified":"2026-01-26T15:08:04","modified_gmt":"2026-01-26T14:08:04","slug":"nimm-dir-zeit-demnaechst-verfuegbar","status":"publish","type":"product","link":"https:\/\/www.bynaldis-shop.com\/?product=nimm-dir-zeit-demnaechst-verfuegbar","title":{"rendered":"Postkarte\u00a0 \u201eNimm dir Zeit\u201c"},"content":{"rendered":"<p data-start=\"102\" data-end=\"178\"><strong data-start=\"102\" data-end=\"144\">Postkarte\u00a0 \u201eNimm dir Zeit\u201c<\/strong><\/p>\n<p data-start=\"102\" data-end=\"178\"><br data-start=\"144\" data-end=\"147\" \/>Diese liebevoll gestaltete Postkarte erinnert uns daran, was im Trubel des Alltags oft verloren geht: Zeit f\u00fcr sich selbst. \u201eNimm dir Zeit\u201c ist eine stille Einladung, innezuhalten, durchzuatmen und sich selbst wieder n\u00e4herzukommen.<\/p>\n<p data-start=\"413\" data-end=\"576\">Ob als kleine Achtsamkeits-Erinnerung im eigenen Zuhause oder als herzlicher Gru\u00df f\u00fcr eine Freundin \u2013 diese Karte schenkt einen Moment der Ruhe und Selbstf\u00fcrsorge.\u00a0Gedruckt auf hochwertigem Karton \u2013 perfekt zum Versenden, Verschenken oder f\u00fcr deinen ganz pers\u00f6nlichen Wohlf\u00fchlplatz.<\/p>\n<article class=\"text-token-text-primary w-full focus:outline-none scroll-mt-[calc(var(--header-height)+min(200px,max(70px,20svh)))]\" dir=\"auto\" tabindex=\"-1\" data-turn-id=\"request-6899f888-be8c-8333-870a-c5b8a99a1f93-405\" data-testid=\"conversation-turn-434\" data-scroll-anchor=\"true\" data-turn=\"assistant\">\n<div class=\"text-base my-auto mx-auto pb-10 [--thread-content-margin:--spacing(4)] @[37rem]:[--thread-content-margin:--spacing(6)] @[72rem]:[--thread-content-margin:--spacing(16)] px-(--thread-content-margin)\">\n<div class=\"[--thread-content-max-width:32rem] @[34rem]:[--thread-content-max-width:40rem] @[64rem]:[--thread-content-max-width:48rem] mx-auto max-w-(--thread-content-max-width) flex-1 group\/turn-messages focus-visible:outline-hidden relative flex w-full min-w-0 flex-col agent-turn\" tabindex=\"-1\">\n<div class=\"flex max-w-full flex-col grow\">\n<div class=\"min-h-8 text-message relative flex w-full flex-col items-end gap-2 text-start break-words whitespace-normal [.text-message+&amp;]:mt-5\" dir=\"auto\" data-message-author-role=\"assistant\" data-message-id=\"71faf6a4-6177-4517-8991-525293fab61f\" data-message-model-slug=\"gpt-4-1-mini\">\n<div class=\"flex w-full flex-col gap-1 empty:hidden first:pt-[3px]\">\n<div class=\"markdown prose dark:prose-invert w-full break-words light markdown-new-styling\">\n<p data-start=\"0\" data-end=\"500\" data-is-last-node=\"\" data-is-only-node=\"\">Passend zu unseren liebevoll gestalteten Postkarten findest du in unserem Shop auch wundersch\u00f6ne Postkartenhalter aus Holz und Gips. Sie setzen deine Karten elegant in Szene und sorgen daf\u00fcr, dass deine liebsten Botschaften immer gut sichtbar und stilvoll pr\u00e4sentiert werden. Ob auf dem Schreibtisch, im Regal oder auf dem Fensterbrett \u2013 unsere Halter sind kleine Hingucker und machen das Postkartenerlebnis noch besonderer. Entdecke die Vielfalt und gestalte deine pers\u00f6nliche Wohlf\u00fchloase mit Herz!<\/p>\n<\/div>\n<\/div>\n<\/div>\n<\/div>\n<\/div>\n<\/div>\n<\/article>\n","protected":false},"excerpt":{"rendered":"<p>Postkarte\u00a0 \u201eNimm dir Zeit\u201c Diese liebevoll gestaltete Postkarte erinnert uns daran, was im Trubel des Alltags oft verloren geht: Zeit f\u00fcr sich selbst. \u201eNimm dir Zeit\u201c ist eine stille Einladung, innezuhalten, durchzuatmen und sich selbst wieder n\u00e4herzukommen. Ob als kleine Achtsamkeits-Erinnerung im eigenen Zuhause oder als herzlicher Gru\u00df f\u00fcr eine Freundin \u2013 diese Karte schenkt [&hellip;]<\/p>\n<p><a class=\"read-more\" href=\"https:\/\/www.bynaldis-shop.com\/?product=nimm-dir-zeit-demnaechst-verfuegbar\">Mehr lesen<span class=\"meta-nav\">&rarr;<\/span><\/a><\/p>\n","protected":false},"featured_media":8694,"template":"","meta":[],"product_brand":[],"product_cat":[215],"product_tag":[],"class_list":{"0":"post-8706","1":"product","2":"type-product","3":"status-publish","4":"has-post-thumbnail","6":"product_cat-postkarten","8":"first","9":"instock","10":"taxable","11":"shipping-taxable","12":"purchasable","13":"product-type-simple"},"_links":{"self":[{"href":"https:\/\/www.bynaldis-shop.com\/index.php?rest_route=\/wp\/v2\/product\/8706","targetHints":{"allow":["GET"]}}],"collection":[{"href":"https:\/\/www.bynaldis-shop.com\/index.php?rest_route=\/wp\/v2\/product"}],"about":[{"href":"https:\/\/www.bynaldis-shop.com\/index.php?rest_route=\/wp\/v2\/types\/product"}],"wp:featuredmedia":[{"embeddable":true,"href":"https:\/\/www.bynaldis-shop.com\/index.php?rest_route=\/wp\/v2\/media\/8694"}],"wp:attachment":[{"href":"https:\/\/www.bynaldis-shop.com\/index.php?rest_route=%2Fwp%2Fv2%2Fmedia&parent=8706"}],"wp:term":[{"taxonomy":"product_brand","embeddable":true,"href":"https:\/\/www.bynaldis-shop.com\/index.php?rest_route=%2Fwp%2Fv2%2Fproduct_brand&post=8706"},{"taxonomy":"product_cat","embeddable":true,"href":"https:\/\/www.bynaldis-shop.com\/index.php?rest_route=%2Fwp%2Fv2%2Fproduct_cat&post=8706"},{"taxonomy":"product_tag","embeddable":true,"href":"https:\/\/www.bynaldis-shop.com\/index.php?rest_route=%2Fwp%2Fv2%2Fproduct_tag&post=8706"}],"curies":[{"name":"wp","href":"https:\/\/api.w.org\/{rel}","templated":true}]}}