{"id":8705,"date":"2024-05-30T15:06:33","date_gmt":"2024-05-30T13:06:33","guid":{"rendered":"https:\/\/www.bynaldis-shop.com\/?post_type=product&#038;p=8705"},"modified":"2026-01-26T15:08:20","modified_gmt":"2026-01-26T14:08:20","slug":"gluecklich-demnaechst-verfuegbar","status":"publish","type":"product","link":"https:\/\/www.bynaldis-shop.com\/?product=gluecklich-demnaechst-verfuegbar","title":{"rendered":"Postkarte \u201eGl\u00fccklich\u201c"},"content":{"rendered":"<p data-start=\"89\" data-end=\"161\"><strong data-start=\"89\" data-end=\"127\">Postkarte \u201eGl\u00fccklich\u201c<\/strong><\/p>\n<p data-start=\"89\" data-end=\"161\"><br data-start=\"127\" data-end=\"130\" \/>Die Postkarte \u201eGl\u00fccklich\u201c erinnert an das, worauf es wirklich ankommt: kleine, leise Momente des Gl\u00fccks, die das Herz ber\u00fchren. Mit ihrem liebevollen Design ist sie eine wundervolle Botschaft \u2013 an dich selbst oder einen besonderen Menschen.<\/p>\n<p data-start=\"405\" data-end=\"577\">Ob als Achtsamkeitsimpuls auf dem Schreibtisch, als Gru\u00df f\u00fcr die beste Freundin oder als kleine Motivation im Alltag \u2013 diese Karte schenkt ein L\u00e4cheln und ein gutes Gef\u00fchl.\u00a0Gedruckt auf hochwertigem Karton \u2013 ideal zum Verschenken, Versenden oder Sichtbar-Machen. Ein Hauch von Gl\u00fcck im Postkartenformat.<\/p>\n<article class=\"text-token-text-primary w-full focus:outline-none scroll-mt-[calc(var(--header-height)+min(200px,max(70px,20svh)))]\" dir=\"auto\" tabindex=\"-1\" data-turn-id=\"request-6899f888-be8c-8333-870a-c5b8a99a1f93-405\" data-testid=\"conversation-turn-434\" data-scroll-anchor=\"true\" data-turn=\"assistant\">\n<div class=\"text-base my-auto mx-auto pb-10 [--thread-content-margin:--spacing(4)] @[37rem]:[--thread-content-margin:--spacing(6)] @[72rem]:[--thread-content-margin:--spacing(16)] px-(--thread-content-margin)\">\n<div class=\"[--thread-content-max-width:32rem] @[34rem]:[--thread-content-max-width:40rem] @[64rem]:[--thread-content-max-width:48rem] mx-auto max-w-(--thread-content-max-width) flex-1 group\/turn-messages focus-visible:outline-hidden relative flex w-full min-w-0 flex-col agent-turn\" tabindex=\"-1\">\n<div class=\"flex max-w-full flex-col grow\">\n<div class=\"min-h-8 text-message relative flex w-full flex-col items-end gap-2 text-start break-words whitespace-normal [.text-message+&amp;]:mt-5\" dir=\"auto\" data-message-author-role=\"assistant\" data-message-id=\"71faf6a4-6177-4517-8991-525293fab61f\" data-message-model-slug=\"gpt-4-1-mini\">\n<div class=\"flex w-full flex-col gap-1 empty:hidden first:pt-[3px]\">\n<div class=\"markdown prose dark:prose-invert w-full break-words light markdown-new-styling\">\n<p data-start=\"0\" data-end=\"500\" data-is-last-node=\"\" data-is-only-node=\"\">Passend zu unseren liebevoll gestalteten Postkarten findest du in unserem Shop auch wundersch\u00f6ne Postkartenhalter aus Holz und Gips. Sie setzen deine Karten elegant in Szene und sorgen daf\u00fcr, dass deine liebsten Botschaften immer gut sichtbar und stilvoll pr\u00e4sentiert werden. Ob auf dem Schreibtisch, im Regal oder auf dem Fensterbrett \u2013 unsere Halter sind kleine Hingucker und machen das Postkartenerlebnis noch besonderer. Entdecke die Vielfalt und gestalte deine pers\u00f6nliche Wohlf\u00fchloase mit Herz!<\/p>\n<\/div>\n<\/div>\n<\/div>\n<\/div>\n<\/div>\n<\/div>\n<\/article>\n","protected":false},"excerpt":{"rendered":"<p>Postkarte \u201eGl\u00fccklich\u201c Die Postkarte \u201eGl\u00fccklich\u201c erinnert an das, worauf es wirklich ankommt: kleine, leise Momente des Gl\u00fccks, die das Herz ber\u00fchren. Mit ihrem liebevollen Design ist sie eine wundervolle Botschaft \u2013 an dich selbst oder einen besonderen Menschen. Ob als Achtsamkeitsimpuls auf dem Schreibtisch, als Gru\u00df f\u00fcr die beste Freundin oder als kleine Motivation im [&hellip;]<\/p>\n<p><a class=\"read-more\" href=\"https:\/\/www.bynaldis-shop.com\/?product=gluecklich-demnaechst-verfuegbar\">Mehr lesen<span class=\"meta-nav\">&rarr;<\/span><\/a><\/p>\n","protected":false},"featured_media":8690,"template":"","meta":[],"product_brand":[],"product_cat":[215],"product_tag":[],"class_list":{"0":"post-8705","1":"product","2":"type-product","3":"status-publish","4":"has-post-thumbnail","6":"product_cat-postkarten","8":"first","9":"instock","10":"taxable","11":"shipping-taxable","12":"purchasable","13":"product-type-simple"},"_links":{"self":[{"href":"https:\/\/www.bynaldis-shop.com\/index.php?rest_route=\/wp\/v2\/product\/8705","targetHints":{"allow":["GET"]}}],"collection":[{"href":"https:\/\/www.bynaldis-shop.com\/index.php?rest_route=\/wp\/v2\/product"}],"about":[{"href":"https:\/\/www.bynaldis-shop.com\/index.php?rest_route=\/wp\/v2\/types\/product"}],"wp:featuredmedia":[{"embeddable":true,"href":"https:\/\/www.bynaldis-shop.com\/index.php?rest_route=\/wp\/v2\/media\/8690"}],"wp:attachment":[{"href":"https:\/\/www.bynaldis-shop.com\/index.php?rest_route=%2Fwp%2Fv2%2Fmedia&parent=8705"}],"wp:term":[{"taxonomy":"product_brand","embeddable":true,"href":"https:\/\/www.bynaldis-shop.com\/index.php?rest_route=%2Fwp%2Fv2%2Fproduct_brand&post=8705"},{"taxonomy":"product_cat","embeddable":true,"href":"https:\/\/www.bynaldis-shop.com\/index.php?rest_route=%2Fwp%2Fv2%2Fproduct_cat&post=8705"},{"taxonomy":"product_tag","embeddable":true,"href":"https:\/\/www.bynaldis-shop.com\/index.php?rest_route=%2Fwp%2Fv2%2Fproduct_tag&post=8705"}],"curies":[{"name":"wp","href":"https:\/\/api.w.org\/{rel}","templated":true}]}}