{"id":8704,"date":"2024-05-30T15:05:57","date_gmt":"2024-05-30T13:05:57","guid":{"rendered":"https:\/\/www.bynaldis-shop.com\/?post_type=product&#038;p=8704"},"modified":"2026-01-26T15:08:43","modified_gmt":"2026-01-26T14:08:43","slug":"balance-demnaechst-verfuegbar","status":"publish","type":"product","link":"https:\/\/www.bynaldis-shop.com\/?product=balance-demnaechst-verfuegbar","title":{"rendered":"Postkarte \u201eWorklife-Balance\u201c"},"content":{"rendered":"<p data-start=\"94\" data-end=\"173\"><strong data-start=\"94\" data-end=\"139\">Postkarte \u201eWorklife-Balance\u201c<\/strong><\/p>\n<p data-start=\"94\" data-end=\"173\"><br data-start=\"139\" data-end=\"142\" \/>Die Postkarte \u201eWorklife-Balance\u201c ist ein liebevoller Reminder an das Gleichgewicht zwischen Tun und Sein. Sie spricht alle Frauen an, die im Trubel des Alltags nicht vergessen m\u00f6chten, sich selbst Raum und Ruhe zu schenken.<\/p>\n<p data-start=\"400\" data-end=\"618\">Perfekt als kleiner Mutmacher im Homeoffice, als Geschenk f\u00fcr Kolleginnen oder als inspirierender Akzent an deinem Arbeitsplatz. Hochwertig gedruckt auf festem Karton \u2013 zum Verschicken, Verschenken oder Selbstbehalten.\u00a0Ein zarter Impuls f\u00fcr mehr Balance im Leben.<\/p>\n<article class=\"text-token-text-primary w-full focus:outline-none scroll-mt-[calc(var(--header-height)+min(200px,max(70px,20svh)))]\" dir=\"auto\" tabindex=\"-1\" data-turn-id=\"request-6899f888-be8c-8333-870a-c5b8a99a1f93-405\" data-testid=\"conversation-turn-434\" data-scroll-anchor=\"true\" data-turn=\"assistant\">\n<div class=\"text-base my-auto mx-auto pb-10 [--thread-content-margin:--spacing(4)] @[37rem]:[--thread-content-margin:--spacing(6)] @[72rem]:[--thread-content-margin:--spacing(16)] px-(--thread-content-margin)\">\n<div class=\"[--thread-content-max-width:32rem] @[34rem]:[--thread-content-max-width:40rem] @[64rem]:[--thread-content-max-width:48rem] mx-auto max-w-(--thread-content-max-width) flex-1 group\/turn-messages focus-visible:outline-hidden relative flex w-full min-w-0 flex-col agent-turn\" tabindex=\"-1\">\n<div class=\"flex max-w-full flex-col grow\">\n<div class=\"min-h-8 text-message relative flex w-full flex-col items-end gap-2 text-start break-words whitespace-normal [.text-message+&amp;]:mt-5\" dir=\"auto\" data-message-author-role=\"assistant\" data-message-id=\"71faf6a4-6177-4517-8991-525293fab61f\" data-message-model-slug=\"gpt-4-1-mini\">\n<div class=\"flex w-full flex-col gap-1 empty:hidden first:pt-[3px]\">\n<div class=\"markdown prose dark:prose-invert w-full break-words light markdown-new-styling\">\n<p data-start=\"0\" data-end=\"500\" data-is-last-node=\"\" data-is-only-node=\"\">Passend zu unseren liebevoll gestalteten Postkarten findest du in unserem Shop auch wundersch\u00f6ne Postkartenhalter aus Holz und Gips. Sie setzen deine Karten elegant in Szene und sorgen daf\u00fcr, dass deine liebsten Botschaften immer gut sichtbar und stilvoll pr\u00e4sentiert werden. Ob auf dem Schreibtisch, im Regal oder auf dem Fensterbrett \u2013 unsere Halter sind kleine Hingucker und machen das Postkartenerlebnis noch besonderer. Entdecke die Vielfalt und gestalte deine pers\u00f6nliche Wohlf\u00fchloase mit Herz!<\/p>\n<\/div>\n<\/div>\n<\/div>\n<\/div>\n<div class=\"flex min-h-[46px] justify-start\">\n<div class=\"touch:-me-2 touch:-ms-3.5 -ms-2.5 -me-1 flex flex-wrap items-center gap-y-4 p-1 select-none touch:w-[calc(100%+--spacing(3.5))] -mt-1 w-[calc(100%+--spacing(2.5))] duration-[1.5s] focus-within:transition-none hover:transition-none pointer-events-none [mask-image:linear-gradient(to_right,black_33%,transparent_66%)] [mask-size:300%_100%] [mask-position:100%_0%] motion-safe:transition-[mask-position] group-hover\/turn-messages:pointer-events-auto group-hover\/turn-messages:[mask-position:0_0] group-focus-within\/turn-messages:pointer-events-auto group-focus-within\/turn-messages:[mask-position:0_0] has-data-[state=open]:pointer-events-auto has-data-[state=open]:[mask-position:0_0]\">\n<p>&nbsp;<\/p>\n<div class=\"flex items-center\"><\/div>\n<div class=\"grow\"><\/div>\n<\/div>\n<\/div>\n<div class=\"aria-live=polite absolute select-none\">\n<div class=\"flex items-center justify-center\"><\/div>\n<\/div>\n<\/div>\n<\/div>\n<\/article>\n<div class=\"pointer-events-none h-px w-px\" aria-hidden=\"true\" data-edge=\"true\"><\/div>\n","protected":false},"excerpt":{"rendered":"<p>Postkarte \u201eWorklife-Balance\u201c Die Postkarte \u201eWorklife-Balance\u201c ist ein liebevoller Reminder an das Gleichgewicht zwischen Tun und Sein. Sie spricht alle Frauen an, die im Trubel des Alltags nicht vergessen m\u00f6chten, sich selbst Raum und Ruhe zu schenken. Perfekt als kleiner Mutmacher im Homeoffice, als Geschenk f\u00fcr Kolleginnen oder als inspirierender Akzent an deinem Arbeitsplatz. Hochwertig gedruckt [&hellip;]<\/p>\n<p><a class=\"read-more\" href=\"https:\/\/www.bynaldis-shop.com\/?product=balance-demnaechst-verfuegbar\">Mehr lesen<span class=\"meta-nav\">&rarr;<\/span><\/a><\/p>\n","protected":false},"featured_media":8687,"template":"","meta":[],"product_brand":[],"product_cat":[215],"product_tag":[],"class_list":{"0":"post-8704","1":"product","2":"type-product","3":"status-publish","4":"has-post-thumbnail","6":"product_cat-postkarten","8":"first","9":"instock","10":"taxable","11":"shipping-taxable","12":"purchasable","13":"product-type-simple"},"_links":{"self":[{"href":"https:\/\/www.bynaldis-shop.com\/index.php?rest_route=\/wp\/v2\/product\/8704","targetHints":{"allow":["GET"]}}],"collection":[{"href":"https:\/\/www.bynaldis-shop.com\/index.php?rest_route=\/wp\/v2\/product"}],"about":[{"href":"https:\/\/www.bynaldis-shop.com\/index.php?rest_route=\/wp\/v2\/types\/product"}],"wp:featuredmedia":[{"embeddable":true,"href":"https:\/\/www.bynaldis-shop.com\/index.php?rest_route=\/wp\/v2\/media\/8687"}],"wp:attachment":[{"href":"https:\/\/www.bynaldis-shop.com\/index.php?rest_route=%2Fwp%2Fv2%2Fmedia&parent=8704"}],"wp:term":[{"taxonomy":"product_brand","embeddable":true,"href":"https:\/\/www.bynaldis-shop.com\/index.php?rest_route=%2Fwp%2Fv2%2Fproduct_brand&post=8704"},{"taxonomy":"product_cat","embeddable":true,"href":"https:\/\/www.bynaldis-shop.com\/index.php?rest_route=%2Fwp%2Fv2%2Fproduct_cat&post=8704"},{"taxonomy":"product_tag","embeddable":true,"href":"https:\/\/www.bynaldis-shop.com\/index.php?rest_route=%2Fwp%2Fv2%2Fproduct_tag&post=8704"}],"curies":[{"name":"wp","href":"https:\/\/api.w.org\/{rel}","templated":true}]}}