{"id":8676,"date":"2024-05-30T14:17:35","date_gmt":"2024-05-30T12:17:35","guid":{"rendered":"https:\/\/www.bynaldis-shop.com\/?post_type=product&#038;p=8676"},"modified":"2025-10-28T10:36:26","modified_gmt":"2025-10-28T09:36:26","slug":"anhaenger-hugo-demnaechst-verfuegbar","status":"publish","type":"product","link":"https:\/\/www.bynaldis-shop.com\/?product=anhaenger-hugo-demnaechst-verfuegbar","title":{"rendered":"Herz-Anh\u00e4nger mit Wichtel Hugo"},"content":{"rendered":"<p data-start=\"56\" data-end=\"134\"><strong data-start=\"56\" data-end=\"90\">Herz-Anh\u00e4nger mit Wichtel Hugo<\/strong><\/p>\n<p data-start=\"56\" data-end=\"134\"><br data-start=\"90\" data-end=\"93\" \/>Material: Metall, Holz<br data-start=\"115\" data-end=\"118\" \/>Gr\u00f6\u00dfe: ca. 16 cm<\/p>\n<p data-start=\"136\" data-end=\"434\">Dieser liebevoll gestaltete Herz-Anh\u00e4nger aus Metall und Holz bringt mit Wichtel Hugo eine Extraportion Charme in deine Winter- oder Weihnachtsdekoration. Das wei\u00dfe Herz mit filigranen Details ist ein echter Hingucker an T\u00fcren, Zweigen oder als Geschenkbeigabe \u2013 nordisch, schlicht und voller Herz.<\/p>\n<p data-start=\"436\" data-end=\"536\" data-is-last-node=\"\" data-is-only-node=\"\">Bitte beachte: Jeder Anh\u00e4nger ist handgefertigt und kann in Farbe und Holzmaserung leicht variieren.<\/p>\n","protected":false},"excerpt":{"rendered":"<p>Herz-Anh\u00e4nger mit Wichtel Hugo Material: Metall, HolzGr\u00f6\u00dfe: ca. 16 cm Dieser liebevoll gestaltete Herz-Anh\u00e4nger aus Metall und Holz bringt mit Wichtel Hugo eine Extraportion Charme in deine Winter- oder Weihnachtsdekoration. Das wei\u00dfe Herz mit filigranen Details ist ein echter Hingucker an T\u00fcren, Zweigen oder als Geschenkbeigabe \u2013 nordisch, schlicht und voller Herz. Bitte beachte: Jeder [&hellip;]<\/p>\n<p><a class=\"read-more\" href=\"https:\/\/www.bynaldis-shop.com\/?product=anhaenger-hugo-demnaechst-verfuegbar\">Mehr lesen<span class=\"meta-nav\">&rarr;<\/span><\/a><\/p>\n","protected":false},"featured_media":8677,"template":"","meta":[],"product_brand":[],"product_cat":[290,281],"product_tag":[],"class_list":{"0":"post-8676","1":"product","2":"type-product","3":"status-publish","4":"has-post-thumbnail","6":"product_cat-weihnachtszauber-fuer-kleine-herzen","7":"product_cat-anhaenger","9":"first","10":"instock","11":"taxable","12":"shipping-taxable","13":"purchasable","14":"product-type-simple"},"_links":{"self":[{"href":"https:\/\/www.bynaldis-shop.com\/index.php?rest_route=\/wp\/v2\/product\/8676","targetHints":{"allow":["GET"]}}],"collection":[{"href":"https:\/\/www.bynaldis-shop.com\/index.php?rest_route=\/wp\/v2\/product"}],"about":[{"href":"https:\/\/www.bynaldis-shop.com\/index.php?rest_route=\/wp\/v2\/types\/product"}],"wp:featuredmedia":[{"embeddable":true,"href":"https:\/\/www.bynaldis-shop.com\/index.php?rest_route=\/wp\/v2\/media\/8677"}],"wp:attachment":[{"href":"https:\/\/www.bynaldis-shop.com\/index.php?rest_route=%2Fwp%2Fv2%2Fmedia&parent=8676"}],"wp:term":[{"taxonomy":"product_brand","embeddable":true,"href":"https:\/\/www.bynaldis-shop.com\/index.php?rest_route=%2Fwp%2Fv2%2Fproduct_brand&post=8676"},{"taxonomy":"product_cat","embeddable":true,"href":"https:\/\/www.bynaldis-shop.com\/index.php?rest_route=%2Fwp%2Fv2%2Fproduct_cat&post=8676"},{"taxonomy":"product_tag","embeddable":true,"href":"https:\/\/www.bynaldis-shop.com\/index.php?rest_route=%2Fwp%2Fv2%2Fproduct_tag&post=8676"}],"curies":[{"name":"wp","href":"https:\/\/api.w.org\/{rel}","templated":true}]}}