{"id":8674,"date":"2024-05-30T14:17:26","date_gmt":"2024-05-30T12:17:26","guid":{"rendered":"https:\/\/www.bynaldis-shop.com\/?post_type=product&#038;p=8674"},"modified":"2025-10-28T10:37:19","modified_gmt":"2025-10-28T09:37:19","slug":"anhaenger-fiete-demnaechst-verfuegbar","status":"publish","type":"product","link":"https:\/\/www.bynaldis-shop.com\/?product=anhaenger-fiete-demnaechst-verfuegbar","title":{"rendered":"Runder Anh\u00e4nger mit Wichtel Claas und Baum"},"content":{"rendered":"<p data-start=\"77\" data-end=\"167\"><strong data-start=\"77\" data-end=\"123\">Runder Anh\u00e4nger mit Wichtel Fiete und Baum<\/strong><\/p>\n<p data-start=\"77\" data-end=\"167\"><br data-start=\"123\" data-end=\"126\" \/>Material: Metall, Holz<br data-start=\"148\" data-end=\"151\" \/>Gr\u00f6\u00dfe: ca. 16 cm<\/p>\n<p data-start=\"169\" data-end=\"454\">Ein liebevoll gestalteter Anh\u00e4nger aus Holz und Metall \u2013 mit Wichtel Fiete und einem filigranen Baummotiv. Die runde Form in Wei\u00df macht ihn zu einem zauberhaften Blickfang an Zweigen, Geschenken oder der T\u00fcr. Eine charmante Deko-Idee f\u00fcr die Winterzeit \u2013 schlicht, nordisch, besonders.<\/p>\n<p data-start=\"456\" data-end=\"552\" data-is-last-node=\"\" data-is-only-node=\"\">Bitte beachte: Jeder Anh\u00e4nger ist handgefertigt und kann in Maserung und Farbe leicht variieren.<\/p>\n","protected":false},"excerpt":{"rendered":"<p>Runder Anh\u00e4nger mit Wichtel Fiete und Baum Material: Metall, HolzGr\u00f6\u00dfe: ca. 16 cm Ein liebevoll gestalteter Anh\u00e4nger aus Holz und Metall \u2013 mit Wichtel Fiete und einem filigranen Baummotiv. Die runde Form in Wei\u00df macht ihn zu einem zauberhaften Blickfang an Zweigen, Geschenken oder der T\u00fcr. Eine charmante Deko-Idee f\u00fcr die Winterzeit \u2013 schlicht, nordisch, [&hellip;]<\/p>\n<p><a class=\"read-more\" href=\"https:\/\/www.bynaldis-shop.com\/?product=anhaenger-fiete-demnaechst-verfuegbar\">Mehr lesen<span class=\"meta-nav\">&rarr;<\/span><\/a><\/p>\n","protected":false},"featured_media":8675,"template":"","meta":[],"product_brand":[],"product_cat":[290,281],"product_tag":[],"class_list":{"0":"post-8674","1":"product","2":"type-product","3":"status-publish","4":"has-post-thumbnail","6":"product_cat-weihnachtszauber-fuer-kleine-herzen","7":"product_cat-anhaenger","9":"first","10":"instock","11":"taxable","12":"shipping-taxable","13":"purchasable","14":"product-type-simple"},"_links":{"self":[{"href":"https:\/\/www.bynaldis-shop.com\/index.php?rest_route=\/wp\/v2\/product\/8674","targetHints":{"allow":["GET"]}}],"collection":[{"href":"https:\/\/www.bynaldis-shop.com\/index.php?rest_route=\/wp\/v2\/product"}],"about":[{"href":"https:\/\/www.bynaldis-shop.com\/index.php?rest_route=\/wp\/v2\/types\/product"}],"wp:featuredmedia":[{"embeddable":true,"href":"https:\/\/www.bynaldis-shop.com\/index.php?rest_route=\/wp\/v2\/media\/8675"}],"wp:attachment":[{"href":"https:\/\/www.bynaldis-shop.com\/index.php?rest_route=%2Fwp%2Fv2%2Fmedia&parent=8674"}],"wp:term":[{"taxonomy":"product_brand","embeddable":true,"href":"https:\/\/www.bynaldis-shop.com\/index.php?rest_route=%2Fwp%2Fv2%2Fproduct_brand&post=8674"},{"taxonomy":"product_cat","embeddable":true,"href":"https:\/\/www.bynaldis-shop.com\/index.php?rest_route=%2Fwp%2Fv2%2Fproduct_cat&post=8674"},{"taxonomy":"product_tag","embeddable":true,"href":"https:\/\/www.bynaldis-shop.com\/index.php?rest_route=%2Fwp%2Fv2%2Fproduct_tag&post=8674"}],"curies":[{"name":"wp","href":"https:\/\/api.w.org\/{rel}","templated":true}]}}