{"id":8672,"date":"2024-05-30T14:12:42","date_gmt":"2024-05-30T12:12:42","guid":{"rendered":"https:\/\/www.bynaldis-shop.com\/?post_type=product&#038;p=8672"},"modified":"2025-10-28T11:06:04","modified_gmt":"2025-10-28T10:06:04","slug":"engel-lilly-demnaechst-verfuegbar","status":"publish","type":"product","link":"https:\/\/www.bynaldis-shop.com\/?product=engel-lilly-demnaechst-verfuegbar","title":{"rendered":"Engel Lilly \u2013 ein zarter Gru\u00df aus Porzellan in Wei\u00df und Gold"},"content":{"rendered":"<p data-start=\"110\" data-end=\"174\"><strong data-start=\"110\" data-end=\"174\">Engel Lilly \u2013 ein zarter Gru\u00df aus Porzellan in Wei\u00df und Gold<\/strong><\/p>\n<p data-start=\"176\" data-end=\"475\">Unser wundersch\u00f6ner Engel Lilly wurde mit viel Liebe von Hand aus feinstem Porzellan gefertigt und mit einer sanften wei\u00dfen Glasur veredelt. Sein Heiligenschein und die filigran gestalteten Fl\u00fcgel sind in zartem, schimmerndem Gold umrandet \u2013 ein echtes Strahlen voller Anmut und himmlischer Eleganz.<\/p>\n<p data-start=\"477\" data-end=\"770\">Mit einer H\u00f6he von 11 cm ist Lilly mehr als nur eine Dekoration: Sie ist ein liebevoller Begleiter, der Licht, Geborgenheit und W\u00e4rme in dein Zuhause bringt. Ob auf der Fensterbank, dem Regal oder als besonderes Geschenk \u2013 Lilly erinnert dich daran, dass du beh\u00fctet bist und von Liebe umgeben.<\/p>\n<p data-start=\"772\" data-end=\"1036\">In unserem Shop findest du neben Lilly viele weitere zauberhafte Dekoengel, die alle mit Herz gestaltet wurden, um deinem Leben und deinem Zuhause eine besondere Magie zu schenken. Lass dich verzaubern und finde deinen ganz pers\u00f6nlichen Schutzengel f\u00fcr jeden Raum.<\/p>\n","protected":false},"excerpt":{"rendered":"<p>Engel Lilly \u2013 ein zarter Gru\u00df aus Porzellan in Wei\u00df und Gold Unser wundersch\u00f6ner Engel Lilly wurde mit viel Liebe von Hand aus feinstem Porzellan gefertigt und mit einer sanften wei\u00dfen Glasur veredelt. Sein Heiligenschein und die filigran gestalteten Fl\u00fcgel sind in zartem, schimmerndem Gold umrandet \u2013 ein echtes Strahlen voller Anmut und himmlischer Eleganz. [&hellip;]<\/p>\n<p><a class=\"read-more\" href=\"https:\/\/www.bynaldis-shop.com\/?product=engel-lilly-demnaechst-verfuegbar\">Mehr lesen<span class=\"meta-nav\">&rarr;<\/span><\/a><\/p>\n","protected":false},"featured_media":8673,"template":"","meta":[],"product_brand":[],"product_cat":[219,279],"product_tag":[],"class_list":{"0":"post-8672","1":"product","2":"type-product","3":"status-publish","4":"has-post-thumbnail","6":"product_cat-noch-mehr-engel","7":"product_cat-weihnachtsengel","9":"first","10":"instock","11":"taxable","12":"shipping-taxable","13":"purchasable","14":"product-type-simple"},"_links":{"self":[{"href":"https:\/\/www.bynaldis-shop.com\/index.php?rest_route=\/wp\/v2\/product\/8672","targetHints":{"allow":["GET"]}}],"collection":[{"href":"https:\/\/www.bynaldis-shop.com\/index.php?rest_route=\/wp\/v2\/product"}],"about":[{"href":"https:\/\/www.bynaldis-shop.com\/index.php?rest_route=\/wp\/v2\/types\/product"}],"wp:featuredmedia":[{"embeddable":true,"href":"https:\/\/www.bynaldis-shop.com\/index.php?rest_route=\/wp\/v2\/media\/8673"}],"wp:attachment":[{"href":"https:\/\/www.bynaldis-shop.com\/index.php?rest_route=%2Fwp%2Fv2%2Fmedia&parent=8672"}],"wp:term":[{"taxonomy":"product_brand","embeddable":true,"href":"https:\/\/www.bynaldis-shop.com\/index.php?rest_route=%2Fwp%2Fv2%2Fproduct_brand&post=8672"},{"taxonomy":"product_cat","embeddable":true,"href":"https:\/\/www.bynaldis-shop.com\/index.php?rest_route=%2Fwp%2Fv2%2Fproduct_cat&post=8672"},{"taxonomy":"product_tag","embeddable":true,"href":"https:\/\/www.bynaldis-shop.com\/index.php?rest_route=%2Fwp%2Fv2%2Fproduct_tag&post=8672"}],"curies":[{"name":"wp","href":"https:\/\/api.w.org\/{rel}","templated":true}]}}