{"id":8668,"date":"2024-05-30T14:07:17","date_gmt":"2024-05-30T12:07:17","guid":{"rendered":"https:\/\/www.bynaldis-shop.com\/?post_type=product&#038;p=8668"},"modified":"2025-10-28T11:06:47","modified_gmt":"2025-10-28T10:06:47","slug":"engel-rosaly","status":"publish","type":"product","link":"https:\/\/www.bynaldis-shop.com\/?product=engel-rosaly","title":{"rendered":"Engel Rosaly \u2013 strahlende Sch\u00f6nheit aus Porzellan in Wei\u00df und Gold"},"content":{"rendered":"<p data-start=\"65\" data-end=\"136\"><strong data-start=\"65\" data-end=\"136\">Engel Rosaly \u2013 strahlende Sch\u00f6nheit aus Porzellan in Wei\u00df und Gold<\/strong><\/p>\n<p data-start=\"138\" data-end=\"436\">Unser zauberhafter Engel Rosaly ist handgemalt und aus feinstem Porzellan gefertigt. Mit einer edlen wei\u00dfen Glasur veredelt, erstrahlen ihre filigranen Fl\u00fcgel in schimmerndem Gold, und ein liebevoll gestaltetes goldenes Herz ziert sanft ihren Bauch \u2013 ein Zeichen von W\u00e4rme, Liebe und Geborgenheit.<\/p>\n<p data-start=\"438\" data-end=\"676\">Mit den Ma\u00dfen 7,8 x 4 x 14,8 cm bringt Rosaly eine besondere Ruhe und himmlische Eleganz in dein Zuhause. Sie ist ein sanfter Begleiter, der dir liebevolle Energie schenkt und dich daran erinnert, dass du immer geborgen und geliebt bist.<\/p>\n<p data-start=\"678\" data-end=\"920\">In unserem Shop findest du neben Rosaly viele weitere liebevoll gestaltete Dekoengel, die mit Herz und Hingabe gefertigt wurden, um dein Leben und dein Zuhause zu bereichern. Entdecke deinen pers\u00f6nlichen Schutzengel und lass dich verzaubern.<\/p>\n","protected":false},"excerpt":{"rendered":"<p>Engel Rosaly \u2013 strahlende Sch\u00f6nheit aus Porzellan in Wei\u00df und Gold Unser zauberhafter Engel Rosaly ist handgemalt und aus feinstem Porzellan gefertigt. Mit einer edlen wei\u00dfen Glasur veredelt, erstrahlen ihre filigranen Fl\u00fcgel in schimmerndem Gold, und ein liebevoll gestaltetes goldenes Herz ziert sanft ihren Bauch \u2013 ein Zeichen von W\u00e4rme, Liebe und Geborgenheit. Mit den [&hellip;]<\/p>\n<p><a class=\"read-more\" href=\"https:\/\/www.bynaldis-shop.com\/?product=engel-rosaly\">Mehr lesen<span class=\"meta-nav\">&rarr;<\/span><\/a><\/p>\n","protected":false},"featured_media":8669,"template":"","meta":[],"product_brand":[],"product_cat":[219,279],"product_tag":[],"class_list":{"0":"post-8668","1":"product","2":"type-product","3":"status-publish","4":"has-post-thumbnail","6":"product_cat-noch-mehr-engel","7":"product_cat-weihnachtsengel","9":"first","10":"instock","11":"taxable","12":"shipping-taxable","13":"purchasable","14":"product-type-simple"},"_links":{"self":[{"href":"https:\/\/www.bynaldis-shop.com\/index.php?rest_route=\/wp\/v2\/product\/8668","targetHints":{"allow":["GET"]}}],"collection":[{"href":"https:\/\/www.bynaldis-shop.com\/index.php?rest_route=\/wp\/v2\/product"}],"about":[{"href":"https:\/\/www.bynaldis-shop.com\/index.php?rest_route=\/wp\/v2\/types\/product"}],"wp:featuredmedia":[{"embeddable":true,"href":"https:\/\/www.bynaldis-shop.com\/index.php?rest_route=\/wp\/v2\/media\/8669"}],"wp:attachment":[{"href":"https:\/\/www.bynaldis-shop.com\/index.php?rest_route=%2Fwp%2Fv2%2Fmedia&parent=8668"}],"wp:term":[{"taxonomy":"product_brand","embeddable":true,"href":"https:\/\/www.bynaldis-shop.com\/index.php?rest_route=%2Fwp%2Fv2%2Fproduct_brand&post=8668"},{"taxonomy":"product_cat","embeddable":true,"href":"https:\/\/www.bynaldis-shop.com\/index.php?rest_route=%2Fwp%2Fv2%2Fproduct_cat&post=8668"},{"taxonomy":"product_tag","embeddable":true,"href":"https:\/\/www.bynaldis-shop.com\/index.php?rest_route=%2Fwp%2Fv2%2Fproduct_tag&post=8668"}],"curies":[{"name":"wp","href":"https:\/\/api.w.org\/{rel}","templated":true}]}}