{"id":8667,"date":"2024-05-30T14:02:35","date_gmt":"2024-05-30T12:02:35","guid":{"rendered":"https:\/\/www.bynaldis-shop.com\/?post_type=product&#038;p=8667"},"modified":"2025-10-28T11:11:17","modified_gmt":"2025-10-28T10:11:17","slug":"teelichthalter-weiss-demnaechst-verfuegbar","status":"publish","type":"product","link":"https:\/\/www.bynaldis-shop.com\/?product=teelichthalter-weiss-demnaechst-verfuegbar","title":{"rendered":"Teelichthalter Stern \u2013 zarte Ruhe in wei\u00dfem Glanz"},"content":{"rendered":"<p data-start=\"139\" data-end=\"192\"><strong data-start=\"139\" data-end=\"192\">Teelichthalter Stern \u2013 zarte Ruhe in wei\u00dfem Glanz<\/strong><\/p>\n<p data-start=\"194\" data-end=\"561\">Dieser schlichte, doch besondere Teelichthalter in Sternform misst 7,5 x 8 x 8 cm und wird in liebevoller Handarbeit aus Keramik gefertigt und mit einer sanften Wei\u00dflasur veredelt. Sein zur\u00fcckhaltendes Design bringt Licht und Leichtigkeit in jeden Raum und passt zu jeder Jahreszeit \u2013 ob als stiller Begleiter in der Adventszeit oder als strahlender Akzent im Alltag.<\/p>\n<p data-start=\"563\" data-end=\"655\">Ein feines Geschenk mit Bedeutung \u2013 oder ein kleines St\u00fcck stille Sch\u00f6nheit f\u00fcr dich selbst.<\/p>\n<p data-start=\"657\" data-end=\"891\">Passend dazu findest du in unserem Shop wundersch\u00f6ne Bienenwachsteelichter, die mit ihrem warmen, nat\u00fcrlichen Licht perfekt zum Sternteelichthalter harmonieren. Entdecke dein Lieblingslicht und schaffe dir zauberhafte Wohlf\u00fchlmomente.<\/p>\n<p>&nbsp;<\/p>\n","protected":false},"excerpt":{"rendered":"<p>Teelichthalter Stern \u2013 zarte Ruhe in wei\u00dfem Glanz Dieser schlichte, doch besondere Teelichthalter in Sternform misst 7,5 x 8 x 8 cm und wird in liebevoller Handarbeit aus Keramik gefertigt und mit einer sanften Wei\u00dflasur veredelt. Sein zur\u00fcckhaltendes Design bringt Licht und Leichtigkeit in jeden Raum und passt zu jeder Jahreszeit \u2013 ob als stiller [&hellip;]<\/p>\n<p><a class=\"read-more\" href=\"https:\/\/www.bynaldis-shop.com\/?product=teelichthalter-weiss-demnaechst-verfuegbar\">Mehr lesen<span class=\"meta-nav\">&rarr;<\/span><\/a><\/p>\n","protected":false},"featured_media":8666,"template":"","meta":[],"product_brand":[],"product_cat":[264,274],"product_tag":[],"class_list":{"0":"post-8667","1":"product","2":"type-product","3":"status-publish","4":"has-post-thumbnail","6":"product_cat-teelichter-und-halter","7":"product_cat-lichter","9":"first","10":"instock","11":"taxable","12":"shipping-taxable","13":"purchasable","14":"product-type-simple"},"_links":{"self":[{"href":"https:\/\/www.bynaldis-shop.com\/index.php?rest_route=\/wp\/v2\/product\/8667","targetHints":{"allow":["GET"]}}],"collection":[{"href":"https:\/\/www.bynaldis-shop.com\/index.php?rest_route=\/wp\/v2\/product"}],"about":[{"href":"https:\/\/www.bynaldis-shop.com\/index.php?rest_route=\/wp\/v2\/types\/product"}],"wp:featuredmedia":[{"embeddable":true,"href":"https:\/\/www.bynaldis-shop.com\/index.php?rest_route=\/wp\/v2\/media\/8666"}],"wp:attachment":[{"href":"https:\/\/www.bynaldis-shop.com\/index.php?rest_route=%2Fwp%2Fv2%2Fmedia&parent=8667"}],"wp:term":[{"taxonomy":"product_brand","embeddable":true,"href":"https:\/\/www.bynaldis-shop.com\/index.php?rest_route=%2Fwp%2Fv2%2Fproduct_brand&post=8667"},{"taxonomy":"product_cat","embeddable":true,"href":"https:\/\/www.bynaldis-shop.com\/index.php?rest_route=%2Fwp%2Fv2%2Fproduct_cat&post=8667"},{"taxonomy":"product_tag","embeddable":true,"href":"https:\/\/www.bynaldis-shop.com\/index.php?rest_route=%2Fwp%2Fv2%2Fproduct_tag&post=8667"}],"curies":[{"name":"wp","href":"https:\/\/api.w.org\/{rel}","templated":true}]}}