{"id":8665,"date":"2024-05-30T14:02:26","date_gmt":"2024-05-30T12:02:26","guid":{"rendered":"https:\/\/www.bynaldis-shop.com\/?post_type=product&#038;p=8665"},"modified":"2026-05-05T11:01:43","modified_gmt":"2026-05-05T09:01:43","slug":"teelichthalter-gold-demnaechst-verfuegbar","status":"publish","type":"product","link":"https:\/\/www.bynaldis-shop.com\/?product=teelichthalter-gold-demnaechst-verfuegbar","title":{"rendered":"Teelichthalter Stern \u2013 warmes Licht trifft goldene Schlichtheit"},"content":{"rendered":"<p data-start=\"118\" data-end=\"185\"><strong data-start=\"118\" data-end=\"185\">Teelichthalter Stern \u2013 warmes Licht trifft goldene Schlichtheit<\/strong><\/p>\n<p data-start=\"187\" data-end=\"430\">Dieser handgefertigte Teelichthalter aus Keramik misst 7,5 x 8 x 8 cm und ist ein Stern f\u00fcr besondere Momente. Die schlichte Form mit der zarten Goldlasur f\u00e4ngt das Kerzenlicht stimmungsvoll ein und bringt ein sanftes Leuchten in dein Zuhause.<\/p>\n<p data-start=\"432\" data-end=\"617\">Ob zur Winterzeit, f\u00fcr feierliche Abende oder als liebevolles Geschenk \u2013 dieser Stern erinnert daran, dass das Wesentliche oft ganz still erstrahlt. Ein St\u00fcck Handwerk. Ein Hauch Magie.<\/p>\n<p data-start=\"619\" data-end=\"858\">Passend dazu findest du in unserem Shop liebevoll ausgew\u00e4hlte Bienenwachsteelichter und weitere Teelichter, die deinem Stern ein besonders warmes und nat\u00fcrliches Licht schenken. Entdecke deine Lieblingslichter und kreiere magische Momente.<\/p>\n<p>&nbsp;<\/p>\n<p>&nbsp;<\/p>\n","protected":false},"excerpt":{"rendered":"<p>Teelichthalter Stern \u2013 warmes Licht trifft goldene Schlichtheit Dieser handgefertigte Teelichthalter aus Keramik misst 7,5 x 8 x 8 cm und ist ein Stern f\u00fcr besondere Momente. Die schlichte Form mit der zarten Goldlasur f\u00e4ngt das Kerzenlicht stimmungsvoll ein und bringt ein sanftes Leuchten in dein Zuhause. Ob zur Winterzeit, f\u00fcr feierliche Abende oder als [&hellip;]<\/p>\n<p><a class=\"read-more\" href=\"https:\/\/www.bynaldis-shop.com\/?product=teelichthalter-gold-demnaechst-verfuegbar\">Mehr lesen<span class=\"meta-nav\">&rarr;<\/span><\/a><\/p>\n","protected":false},"featured_media":8666,"template":"","meta":[],"product_brand":[],"product_cat":[264,274],"product_tag":[],"class_list":{"0":"post-8665","1":"product","2":"type-product","3":"status-publish","4":"has-post-thumbnail","6":"product_cat-teelichter-und-halter","7":"product_cat-lichter","9":"first","10":"instock","11":"taxable","12":"shipping-taxable","13":"purchasable","14":"product-type-simple"},"_links":{"self":[{"href":"https:\/\/www.bynaldis-shop.com\/index.php?rest_route=\/wp\/v2\/product\/8665","targetHints":{"allow":["GET"]}}],"collection":[{"href":"https:\/\/www.bynaldis-shop.com\/index.php?rest_route=\/wp\/v2\/product"}],"about":[{"href":"https:\/\/www.bynaldis-shop.com\/index.php?rest_route=\/wp\/v2\/types\/product"}],"wp:featuredmedia":[{"embeddable":true,"href":"https:\/\/www.bynaldis-shop.com\/index.php?rest_route=\/wp\/v2\/media\/8666"}],"wp:attachment":[{"href":"https:\/\/www.bynaldis-shop.com\/index.php?rest_route=%2Fwp%2Fv2%2Fmedia&parent=8665"}],"wp:term":[{"taxonomy":"product_brand","embeddable":true,"href":"https:\/\/www.bynaldis-shop.com\/index.php?rest_route=%2Fwp%2Fv2%2Fproduct_brand&post=8665"},{"taxonomy":"product_cat","embeddable":true,"href":"https:\/\/www.bynaldis-shop.com\/index.php?rest_route=%2Fwp%2Fv2%2Fproduct_cat&post=8665"},{"taxonomy":"product_tag","embeddable":true,"href":"https:\/\/www.bynaldis-shop.com\/index.php?rest_route=%2Fwp%2Fv2%2Fproduct_tag&post=8665"}],"curies":[{"name":"wp","href":"https:\/\/api.w.org\/{rel}","templated":true}]}}