{"id":8663,"date":"2024-05-30T13:56:47","date_gmt":"2024-05-30T11:56:47","guid":{"rendered":"https:\/\/www.bynaldis-shop.com\/?post_type=product&#038;p=8663"},"modified":"2026-03-17T11:08:26","modified_gmt":"2026-03-17T10:08:26","slug":"servietten-engel-demnaechst-verfuegbar","status":"publish","type":"product","link":"https:\/\/www.bynaldis-shop.com\/?product=servietten-engel-demnaechst-verfuegbar","title":{"rendered":"Serviette mit Engel \u2013 himmlische Begleiter f\u00fcr deine Festtafel"},"content":{"rendered":"<p data-start=\"95\" data-end=\"217\"><strong data-start=\"95\" data-end=\"161\">Serviette mit Engel \u2013 himmlische Begleiter f\u00fcr deine Festtafel<\/strong><\/p>\n<p data-start=\"95\" data-end=\"217\"><br data-start=\"161\" data-end=\"164\" \/><strong data-start=\"164\" data-end=\"173\">Ma\u00dfe:<\/strong> 17 x 17 x 3 cm<br data-start=\"188\" data-end=\"191\" \/><strong data-start=\"191\" data-end=\"208\">Lieferumfang:<\/strong> 20 St\u00fcck<\/p>\n<p data-start=\"219\" data-end=\"505\">Diese zauberhaften Servietten mit liebevoll gestaltetem Engelmotiv bringen eine sanfte, lichtvolle Stimmung auf jede Kaffeetafel. Ob als kleines Mitbringsel in der Adventszeit oder als feines Detail f\u00fcr Gastgeber:innen mit Herz \u2013 sie sind ein stiller Gru\u00df voller W\u00e4rme und Geborgenheit.<\/p>\n<p data-start=\"507\" data-end=\"728\">Ein himmlischer Akzent, der Erinnerungen an Kindheit, Lichterglanz und stille Wunder weckt. Besonders sch\u00f6n in Kombination mit unserem rosa Serviettenset \u2013 f\u00fcr ein liebevoll arrangiertes Tischbild, das von innen leuchtet.<\/p>\n<p data-start=\"730\" data-end=\"765\" data-is-last-node=\"\" data-is-only-node=\"\"><strong data-start=\"730\" data-end=\"765\" data-is-last-node=\"\">Einfach. Besonders. Von Herzen.<\/strong><\/p>\n<p>&nbsp;<\/p>\n","protected":false},"excerpt":{"rendered":"<p>Serviette mit Engel \u2013 himmlische Begleiter f\u00fcr deine Festtafel Ma\u00dfe: 17 x 17 x 3 cmLieferumfang: 20 St\u00fcck Diese zauberhaften Servietten mit liebevoll gestaltetem Engelmotiv bringen eine sanfte, lichtvolle Stimmung auf jede Kaffeetafel. Ob als kleines Mitbringsel in der Adventszeit oder als feines Detail f\u00fcr Gastgeber:innen mit Herz \u2013 sie sind ein stiller Gru\u00df voller [&hellip;]<\/p>\n<p><a class=\"read-more\" href=\"https:\/\/www.bynaldis-shop.com\/?product=servietten-engel-demnaechst-verfuegbar\">Mehr lesen<span class=\"meta-nav\">&rarr;<\/span><\/a><\/p>\n","protected":false},"featured_media":8664,"template":"","meta":[],"product_brand":[],"product_cat":[219,362,279,280],"product_tag":[],"class_list":{"0":"post-8663","1":"product","2":"type-product","3":"status-publish","4":"has-post-thumbnail","6":"product_cat-noch-mehr-engel","7":"product_cat-servietten","8":"product_cat-weihnachtsengel","9":"product_cat-noch-mehr-weihnachten","11":"first","12":"instock","13":"taxable","14":"shipping-taxable","15":"purchasable","16":"product-type-simple"},"_links":{"self":[{"href":"https:\/\/www.bynaldis-shop.com\/index.php?rest_route=\/wp\/v2\/product\/8663","targetHints":{"allow":["GET"]}}],"collection":[{"href":"https:\/\/www.bynaldis-shop.com\/index.php?rest_route=\/wp\/v2\/product"}],"about":[{"href":"https:\/\/www.bynaldis-shop.com\/index.php?rest_route=\/wp\/v2\/types\/product"}],"wp:featuredmedia":[{"embeddable":true,"href":"https:\/\/www.bynaldis-shop.com\/index.php?rest_route=\/wp\/v2\/media\/8664"}],"wp:attachment":[{"href":"https:\/\/www.bynaldis-shop.com\/index.php?rest_route=%2Fwp%2Fv2%2Fmedia&parent=8663"}],"wp:term":[{"taxonomy":"product_brand","embeddable":true,"href":"https:\/\/www.bynaldis-shop.com\/index.php?rest_route=%2Fwp%2Fv2%2Fproduct_brand&post=8663"},{"taxonomy":"product_cat","embeddable":true,"href":"https:\/\/www.bynaldis-shop.com\/index.php?rest_route=%2Fwp%2Fv2%2Fproduct_cat&post=8663"},{"taxonomy":"product_tag","embeddable":true,"href":"https:\/\/www.bynaldis-shop.com\/index.php?rest_route=%2Fwp%2Fv2%2Fproduct_tag&post=8663"}],"curies":[{"name":"wp","href":"https:\/\/api.w.org\/{rel}","templated":true}]}}