{"id":8658,"date":"2024-05-30T13:47:04","date_gmt":"2024-05-30T11:47:04","guid":{"rendered":"https:\/\/www.bynaldis-shop.com\/?post_type=product&#038;p=8658"},"modified":"2026-04-26T20:41:46","modified_gmt":"2026-04-26T18:41:46","slug":"weihnachten-1","status":"publish","type":"product","link":"https:\/\/www.bynaldis-shop.com\/?product=weihnachten-1","title":{"rendered":"Weihnachtsserviette mit Wichteln \u2013 liebevolle Tischzauberer"},"content":{"rendered":"<p data-start=\"106\" data-end=\"225\"><strong data-start=\"106\" data-end=\"169\">Weihnachtsserviette mit Wichteln \u2013 liebevolle Tischzauberer<\/strong><\/p>\n<p data-start=\"106\" data-end=\"225\"><br data-start=\"169\" data-end=\"172\" \/><strong data-start=\"172\" data-end=\"181\">Ma\u00dfe:<\/strong> 17 x 17 x 3 cm<br data-start=\"196\" data-end=\"199\" \/><strong data-start=\"199\" data-end=\"216\">Lieferumfang:<\/strong> 20 St\u00fcck<\/p>\n<p data-start=\"227\" data-end=\"496\">Diese charmanten Weihnachtsservietten mit fr\u00f6hlichen Wichteln bringen Herzensw\u00e4rme auf deine Kaffeetafel. Ob als liebevolles Mitbringsel in der Adventszeit oder als kleiner Hingucker auf dem eigenen Weihnachtstisch \u2013 sie zaubern im Handumdrehen ein L\u00e4cheln ins Gesicht.<\/p>\n<p data-start=\"498\" data-end=\"767\">Die liebevollen Illustrationen und die hochwertige Verarbeitung machen diese Servietten zu einem besonderen Detail mit gro\u00dfer Wirkung. Perfekt kombinierbar mit dem passenden Serviettenset in zartem Rosa \u2013 f\u00fcr ein festlich-verspieltes Tischarrangement mit Stil und Herz.<\/p>\n<p data-start=\"769\" data-end=\"800\" data-is-last-node=\"\" data-is-only-node=\"\">Einfach. Besonders. Von Herzen.<\/p>\n","protected":false},"excerpt":{"rendered":"<p>Weihnachtsserviette mit Wichteln \u2013 liebevolle Tischzauberer Ma\u00dfe: 17 x 17 x 3 cmLieferumfang: 20 St\u00fcck Diese charmanten Weihnachtsservietten mit fr\u00f6hlichen Wichteln bringen Herzensw\u00e4rme auf deine Kaffeetafel. Ob als liebevolles Mitbringsel in der Adventszeit oder als kleiner Hingucker auf dem eigenen Weihnachtstisch \u2013 sie zaubern im Handumdrehen ein L\u00e4cheln ins Gesicht. Die liebevollen Illustrationen und die [&hellip;]<\/p>\n<p><a class=\"read-more\" href=\"https:\/\/www.bynaldis-shop.com\/?product=weihnachten-1\">Mehr lesen<span class=\"meta-nav\">&rarr;<\/span><\/a><\/p>\n","protected":false},"featured_media":8659,"template":"","meta":[],"product_brand":[],"product_cat":[362,276],"product_tag":[],"class_list":{"0":"post-8658","1":"product","2":"type-product","3":"status-publish","4":"has-post-thumbnail","6":"product_cat-servietten","7":"product_cat-weihnachtsmaenner-und-wichtel","9":"first","10":"instock","11":"taxable","12":"shipping-taxable","13":"purchasable","14":"product-type-simple"},"_links":{"self":[{"href":"https:\/\/www.bynaldis-shop.com\/index.php?rest_route=\/wp\/v2\/product\/8658","targetHints":{"allow":["GET"]}}],"collection":[{"href":"https:\/\/www.bynaldis-shop.com\/index.php?rest_route=\/wp\/v2\/product"}],"about":[{"href":"https:\/\/www.bynaldis-shop.com\/index.php?rest_route=\/wp\/v2\/types\/product"}],"wp:featuredmedia":[{"embeddable":true,"href":"https:\/\/www.bynaldis-shop.com\/index.php?rest_route=\/wp\/v2\/media\/8659"}],"wp:attachment":[{"href":"https:\/\/www.bynaldis-shop.com\/index.php?rest_route=%2Fwp%2Fv2%2Fmedia&parent=8658"}],"wp:term":[{"taxonomy":"product_brand","embeddable":true,"href":"https:\/\/www.bynaldis-shop.com\/index.php?rest_route=%2Fwp%2Fv2%2Fproduct_brand&post=8658"},{"taxonomy":"product_cat","embeddable":true,"href":"https:\/\/www.bynaldis-shop.com\/index.php?rest_route=%2Fwp%2Fv2%2Fproduct_cat&post=8658"},{"taxonomy":"product_tag","embeddable":true,"href":"https:\/\/www.bynaldis-shop.com\/index.php?rest_route=%2Fwp%2Fv2%2Fproduct_tag&post=8658"}],"curies":[{"name":"wp","href":"https:\/\/api.w.org\/{rel}","templated":true}]}}