{"id":8655,"date":"2024-05-30T12:38:11","date_gmt":"2024-05-30T10:38:11","guid":{"rendered":"https:\/\/www.bynaldis-shop.com\/?post_type=product&#038;p=8655"},"modified":"2025-10-08T20:34:52","modified_gmt":"2025-10-08T18:34:52","slug":"silberaugen-serpentin-xxxl","status":"publish","type":"product","link":"https:\/\/www.bynaldis-shop.com\/?product=silberaugen-serpentin-xxxl","title":{"rendered":"Trommelstein Silberaugen-Serpentin"},"content":{"rendered":"<p data-start=\"108\" data-end=\"274\"><strong data-start=\"108\" data-end=\"146\">Trommelstein Silberaugen-Serpentin<\/strong><\/p>\n<p data-start=\"108\" data-end=\"274\"><br data-start=\"146\" data-end=\"149\" \/><strong data-start=\"149\" data-end=\"159\">Gr\u00f6\u00dfe:<\/strong> ca. 5 \u2013 6 cm (XL)<br data-start=\"177\" data-end=\"180\" \/><strong data-start=\"180\" data-end=\"197\">Besonderheit:<\/strong> Sanft gr\u00fcn mit silbrigen Strukturen \u2013 beruhigend wie ein alter Baum im Nebel<\/p>\n<p data-start=\"276\" data-end=\"584\">Der Silberaugen-Serpentin beeindruckt durch seine ruhige, oft moosgr\u00fcne Farbe mit schimmernden Einschl\u00fcssen, die an silberne Lichtreflexe erinnern \u2013 daher auch der Name \u201eSilberauge\u201c. Dieser kraftvolle Stein wirkt wie eine Einladung, zur Ruhe zu kommen und sich mit der stillen Weisheit der Erde zu verbinden.<\/p>\n<p data-start=\"586\" data-end=\"940\">In der Steinheilkunde gilt Serpentin als sch\u00fctzend und stabilisierend. Er unterst\u00fctzt dabei, innere Spannungen zu l\u00f6sen, emotionale Altlasten sanft loszulassen und das Nervensystem zu beruhigen. Der Silberaugen-Serpentin schenkt Gelassenheit in herausfordernden Zeiten, f\u00f6rdert Geduld und sanfte St\u00e4rke \u2013 ganz im Einklang mit deinem nat\u00fcrlichen Rhythmus.<\/p>\n<p data-start=\"942\" data-end=\"1070\">Ein idealer Begleiter f\u00fcr alle, die Entspannung, Schutz und Erdung suchen \u2013 mit der Kraft der Stille und der Weisheit des Alten.<\/p>\n<p data-start=\"1072\" data-end=\"1239\">\ud83d\udd2e <strong data-start=\"1075\" data-end=\"1087\">Hinweis:<\/strong><br data-start=\"1087\" data-end=\"1090\" \/>Jeder Stein ist ein Naturunikat \u2013 einzigartig in Farbe, Muster und Form \u2013 und kommt genau dann zu dir, wenn du bereit bist, seine Kraft zu empfangen.<\/p>\n<p data-start=\"1072\" data-end=\"1239\"><strong>Hinweis<\/strong>: Die beschriebenen Wirkungen basieren auf Erfahrungen von Anwendern und Edelsteintherapeuten und sind wissenschaftlich nicht erwiesen. Sie ersetzen keine medizinische Diagnose oder Behandlung. Bitte konsultiere bei gesundheitlichen Beschwerden immer einen Arzt.<\/p>\n","protected":false},"excerpt":{"rendered":"<p>Trommelstein Silberaugen-Serpentin Gr\u00f6\u00dfe: ca. 5 \u2013 6 cm (XL)Besonderheit: Sanft gr\u00fcn mit silbrigen Strukturen \u2013 beruhigend wie ein alter Baum im Nebel Der Silberaugen-Serpentin beeindruckt durch seine ruhige, oft moosgr\u00fcne Farbe mit schimmernden Einschl\u00fcssen, die an silberne Lichtreflexe erinnern \u2013 daher auch der Name \u201eSilberauge\u201c. Dieser kraftvolle Stein wirkt wie eine Einladung, zur Ruhe zu [&hellip;]<\/p>\n<p><a class=\"read-more\" href=\"https:\/\/www.bynaldis-shop.com\/?product=silberaugen-serpentin-xxxl\">Mehr lesen<span class=\"meta-nav\">&rarr;<\/span><\/a><\/p>\n","protected":false},"featured_media":8656,"template":"","meta":[],"product_brand":[],"product_cat":[206],"product_tag":[],"class_list":{"0":"post-8655","1":"product","2":"type-product","3":"status-publish","4":"has-post-thumbnail","6":"product_cat-trommelsteine","8":"first","9":"instock","10":"taxable","11":"shipping-taxable","12":"purchasable","13":"product-type-simple"},"_links":{"self":[{"href":"https:\/\/www.bynaldis-shop.com\/index.php?rest_route=\/wp\/v2\/product\/8655","targetHints":{"allow":["GET"]}}],"collection":[{"href":"https:\/\/www.bynaldis-shop.com\/index.php?rest_route=\/wp\/v2\/product"}],"about":[{"href":"https:\/\/www.bynaldis-shop.com\/index.php?rest_route=\/wp\/v2\/types\/product"}],"wp:featuredmedia":[{"embeddable":true,"href":"https:\/\/www.bynaldis-shop.com\/index.php?rest_route=\/wp\/v2\/media\/8656"}],"wp:attachment":[{"href":"https:\/\/www.bynaldis-shop.com\/index.php?rest_route=%2Fwp%2Fv2%2Fmedia&parent=8655"}],"wp:term":[{"taxonomy":"product_brand","embeddable":true,"href":"https:\/\/www.bynaldis-shop.com\/index.php?rest_route=%2Fwp%2Fv2%2Fproduct_brand&post=8655"},{"taxonomy":"product_cat","embeddable":true,"href":"https:\/\/www.bynaldis-shop.com\/index.php?rest_route=%2Fwp%2Fv2%2Fproduct_cat&post=8655"},{"taxonomy":"product_tag","embeddable":true,"href":"https:\/\/www.bynaldis-shop.com\/index.php?rest_route=%2Fwp%2Fv2%2Fproduct_tag&post=8655"}],"curies":[{"name":"wp","href":"https:\/\/api.w.org\/{rel}","templated":true}]}}