{"id":8649,"date":"2024-05-30T12:31:24","date_gmt":"2024-05-30T10:31:24","guid":{"rendered":"https:\/\/www.bynaldis-shop.com\/?post_type=product&#038;p=8649"},"modified":"2025-10-08T20:36:16","modified_gmt":"2025-10-08T18:36:16","slug":"picasso-marmor","status":"publish","type":"product","link":"https:\/\/www.bynaldis-shop.com\/?product=picasso-marmor","title":{"rendered":"Trommelstein Picasso-Marmor"},"content":{"rendered":"<p data-start=\"164\" data-end=\"311\"><strong data-start=\"164\" data-end=\"195\">Trommelstein Picasso-Marmor<\/strong><\/p>\n<p data-start=\"164\" data-end=\"311\"><br data-start=\"195\" data-end=\"198\" \/><strong data-start=\"198\" data-end=\"208\">Gr\u00f6\u00dfe:<\/strong> ca. 2,0 \u2013 2,5 cm<br data-start=\"225\" data-end=\"228\" \/><strong data-start=\"228\" data-end=\"245\">Besonderheit:<\/strong> Faszinierende Musterungen in Grau, Schwarz und Beige \u2013 wie gemalt<\/p>\n<p data-start=\"313\" data-end=\"567\">Der Picasso-Marmor \u2013 auch Picasso-Jaspis genannt \u2013 erinnert mit seinen grafischen Linien und Kontrasten an ein abstraktes Kunstwerk der Natur. Kein Stein gleicht dem anderen: jeder einzelne tr\u00e4gt eine eigene, von der Erde gezeichnete Komposition in sich.<\/p>\n<p data-start=\"569\" data-end=\"909\">\ud83d\udda4 <strong data-start=\"572\" data-end=\"598\">Klarheit &amp; Kreativit\u00e4t<\/strong><br data-start=\"598\" data-end=\"601\" \/>In der Steinheilkunde wird Picasso-Marmor gesch\u00e4tzt f\u00fcr seine unterst\u00fctzende Wirkung bei Klarheit, innerer Ordnung und der Entfaltung kreativer Kr\u00e4fte. Er hilft dabei, das Wesentliche zu erkennen und mit ruhiger Pr\u00e4senz durchs Leben zu gehen \u2013 besonders in Phasen der Neuausrichtung und Selbstverwirklichung.<\/p>\n<p data-start=\"911\" data-end=\"1074\">\u2728 <strong data-start=\"913\" data-end=\"940\">Ein Stein f\u00fcr Vision\u00e4re<\/strong><br data-start=\"940\" data-end=\"943\" \/>Picasso-Marmor verbindet Struktur mit Ausdruck \u2013 ein Seelenstein f\u00fcr alle, die Klarheit mit sch\u00f6pferischer Tiefe verbinden m\u00f6chten.<\/p>\n<p data-start=\"1076\" data-end=\"1249\">\ud83d\udd2e <strong data-start=\"1079\" data-end=\"1091\">Hinweis:<\/strong><br data-start=\"1091\" data-end=\"1094\" \/>Jeder Stein ist ein Unikat \u2013 in Farbe, Musterung und Form einzigartig \u2013 und findet genau dann zu dir, wenn du bereit bist, mit ihm in Verbindung zu treten.<\/p>\n<p data-start=\"1076\" data-end=\"1249\"><strong>Hinweis:<\/strong> Die beschriebenen Wirkungen basieren auf Erfahrungen von Anwendern und Edelsteintherapeuten und sind wissenschaftlich nicht erwiesen. Sie ersetzen keine medizinische Diagnose oder Behandlung. Bitte konsultiere bei gesundheitlichen Beschwerden immer einen Arzt.<\/p>\n","protected":false},"excerpt":{"rendered":"<p>Trommelstein Picasso-Marmor Gr\u00f6\u00dfe: ca. 2,0 \u2013 2,5 cmBesonderheit: Faszinierende Musterungen in Grau, Schwarz und Beige \u2013 wie gemalt Der Picasso-Marmor \u2013 auch Picasso-Jaspis genannt \u2013 erinnert mit seinen grafischen Linien und Kontrasten an ein abstraktes Kunstwerk der Natur. Kein Stein gleicht dem anderen: jeder einzelne tr\u00e4gt eine eigene, von der Erde gezeichnete Komposition in sich. [&hellip;]<\/p>\n<p><a class=\"read-more\" href=\"https:\/\/www.bynaldis-shop.com\/?product=picasso-marmor\">Mehr lesen<span class=\"meta-nav\">&rarr;<\/span><\/a><\/p>\n","protected":false},"featured_media":8650,"template":"","meta":[],"product_brand":[],"product_cat":[206],"product_tag":[],"class_list":{"0":"post-8649","1":"product","2":"type-product","3":"status-publish","4":"has-post-thumbnail","6":"product_cat-trommelsteine","8":"first","9":"instock","10":"taxable","11":"shipping-taxable","12":"purchasable","13":"product-type-simple"},"_links":{"self":[{"href":"https:\/\/www.bynaldis-shop.com\/index.php?rest_route=\/wp\/v2\/product\/8649","targetHints":{"allow":["GET"]}}],"collection":[{"href":"https:\/\/www.bynaldis-shop.com\/index.php?rest_route=\/wp\/v2\/product"}],"about":[{"href":"https:\/\/www.bynaldis-shop.com\/index.php?rest_route=\/wp\/v2\/types\/product"}],"wp:featuredmedia":[{"embeddable":true,"href":"https:\/\/www.bynaldis-shop.com\/index.php?rest_route=\/wp\/v2\/media\/8650"}],"wp:attachment":[{"href":"https:\/\/www.bynaldis-shop.com\/index.php?rest_route=%2Fwp%2Fv2%2Fmedia&parent=8649"}],"wp:term":[{"taxonomy":"product_brand","embeddable":true,"href":"https:\/\/www.bynaldis-shop.com\/index.php?rest_route=%2Fwp%2Fv2%2Fproduct_brand&post=8649"},{"taxonomy":"product_cat","embeddable":true,"href":"https:\/\/www.bynaldis-shop.com\/index.php?rest_route=%2Fwp%2Fv2%2Fproduct_cat&post=8649"},{"taxonomy":"product_tag","embeddable":true,"href":"https:\/\/www.bynaldis-shop.com\/index.php?rest_route=%2Fwp%2Fv2%2Fproduct_tag&post=8649"}],"curies":[{"name":"wp","href":"https:\/\/api.w.org\/{rel}","templated":true}]}}