{"id":8645,"date":"2024-05-30T12:27:25","date_gmt":"2024-05-30T10:27:25","guid":{"rendered":"https:\/\/www.bynaldis-shop.com\/?post_type=product&#038;p=8645"},"modified":"2025-10-08T20:38:39","modified_gmt":"2025-10-08T18:38:39","slug":"larimar","status":"publish","type":"product","link":"https:\/\/www.bynaldis-shop.com\/?product=larimar","title":{"rendered":"Trommelstein Larimar in Matrix (C-Qualit\u00e4t)"},"content":{"rendered":"<p data-start=\"179\" data-end=\"347\"><strong data-start=\"179\" data-end=\"226\">Trommelstein Larimar in Matrix (C-Qualit\u00e4t)<\/strong><\/p>\n<p data-start=\"179\" data-end=\"347\"><br data-start=\"226\" data-end=\"229\" \/><strong data-start=\"229\" data-end=\"239\">Gr\u00f6\u00dfe:<\/strong> ca. 1,5 \u2013 2,5 cm<br data-start=\"256\" data-end=\"259\" \/><strong data-start=\"259\" data-end=\"276\">Besonderheit:<\/strong> Seltenes Mineral aus der Karibik mit sanfter, lichtvoller Ausstrahlung<\/p>\n<p data-start=\"349\" data-end=\"638\">Der Larimar \u2013 auch bekannt als Atlantisstein oder blauer Pektolith \u2013 fasziniert durch seine sanften Blaut\u00f6ne, die an tropisches Wasser erinnern. In diesen Trommelsteinen zeigt sich der Larimar eingebettet in seine nat\u00fcrliche Matrix \u2013 roh, urspr\u00fcnglich und kraftvoll in seiner Ausstrahlung.<\/p>\n<p data-start=\"640\" data-end=\"955\">\ud83c\udf0a <strong data-start=\"643\" data-end=\"672\">Klarheit &amp; geistige Weite<\/strong><br data-start=\"672\" data-end=\"675\" \/>In der Steinheilkunde wird Larimar gesch\u00e4tzt, um Offenheit zu f\u00f6rdern und den inneren Horizont zu erweitern. Seine lichtvolle Energie hilft dabei, emotionale Eindr\u00fccke besser zu verarbeiten, Stress loszulassen und in den eigenen Gedankenraum Weite und Frieden einkehren zu lassen.<\/p>\n<p data-start=\"957\" data-end=\"1153\">\ud83c\udf00 <strong data-start=\"960\" data-end=\"986\">Ein Hauch von Atlantis<\/strong><br data-start=\"986\" data-end=\"989\" \/>Larimar gilt als Stein des Bewusstseins \u2013 ein Begleiter f\u00fcr alle, die sich auf eine innere Reise begeben und geistige Entwicklung mit Herzensruhe verbinden m\u00f6chten.<\/p>\n<p data-start=\"1155\" data-end=\"1351\">\ud83d\udd2e <strong data-start=\"1158\" data-end=\"1170\">Hinweis:<\/strong><br data-start=\"1170\" data-end=\"1173\" \/>Jeder Stein ist ein einzigartiges Geschenk der Natur \u2013 in Farbe, Musterung und Form individuell \u2013 und findet genau dann zu dir, wenn du bereit bist, seine Botschaft zu empfangen.<\/p>\n<p data-start=\"1155\" data-end=\"1351\"><strong>Hinweis:<\/strong> Die beschriebenen Wirkungen basieren auf Erfahrungen von Anwendern und Edelsteintherapeuten und sind wissenschaftlich nicht erwiesen. Sie ersetzen keine medizinische Diagnose oder Behandlung. Bitte konsultiere bei gesundheitlichen Beschwerden immer einen Arzt.<\/p>\n","protected":false},"excerpt":{"rendered":"<p>Trommelstein Larimar in Matrix (C-Qualit\u00e4t) Gr\u00f6\u00dfe: ca. 1,5 \u2013 2,5 cmBesonderheit: Seltenes Mineral aus der Karibik mit sanfter, lichtvoller Ausstrahlung Der Larimar \u2013 auch bekannt als Atlantisstein oder blauer Pektolith \u2013 fasziniert durch seine sanften Blaut\u00f6ne, die an tropisches Wasser erinnern. In diesen Trommelsteinen zeigt sich der Larimar eingebettet in seine nat\u00fcrliche Matrix \u2013 roh, [&hellip;]<\/p>\n<p><a class=\"read-more\" href=\"https:\/\/www.bynaldis-shop.com\/?product=larimar\">Mehr lesen<span class=\"meta-nav\">&rarr;<\/span><\/a><\/p>\n","protected":false},"featured_media":8646,"template":"","meta":[],"product_brand":[],"product_cat":[206],"product_tag":[],"class_list":{"0":"post-8645","1":"product","2":"type-product","3":"status-publish","4":"has-post-thumbnail","6":"product_cat-trommelsteine","8":"first","9":"instock","10":"taxable","11":"shipping-taxable","12":"purchasable","13":"product-type-simple"},"_links":{"self":[{"href":"https:\/\/www.bynaldis-shop.com\/index.php?rest_route=\/wp\/v2\/product\/8645","targetHints":{"allow":["GET"]}}],"collection":[{"href":"https:\/\/www.bynaldis-shop.com\/index.php?rest_route=\/wp\/v2\/product"}],"about":[{"href":"https:\/\/www.bynaldis-shop.com\/index.php?rest_route=\/wp\/v2\/types\/product"}],"wp:featuredmedia":[{"embeddable":true,"href":"https:\/\/www.bynaldis-shop.com\/index.php?rest_route=\/wp\/v2\/media\/8646"}],"wp:attachment":[{"href":"https:\/\/www.bynaldis-shop.com\/index.php?rest_route=%2Fwp%2Fv2%2Fmedia&parent=8645"}],"wp:term":[{"taxonomy":"product_brand","embeddable":true,"href":"https:\/\/www.bynaldis-shop.com\/index.php?rest_route=%2Fwp%2Fv2%2Fproduct_brand&post=8645"},{"taxonomy":"product_cat","embeddable":true,"href":"https:\/\/www.bynaldis-shop.com\/index.php?rest_route=%2Fwp%2Fv2%2Fproduct_cat&post=8645"},{"taxonomy":"product_tag","embeddable":true,"href":"https:\/\/www.bynaldis-shop.com\/index.php?rest_route=%2Fwp%2Fv2%2Fproduct_tag&post=8645"}],"curies":[{"name":"wp","href":"https:\/\/api.w.org\/{rel}","templated":true}]}}