{"id":8641,"date":"2024-05-30T12:22:53","date_gmt":"2024-05-30T10:22:53","guid":{"rendered":"https:\/\/www.bynaldis-shop.com\/?post_type=product&#038;p=8641"},"modified":"2025-10-08T20:45:29","modified_gmt":"2025-10-08T18:45:29","slug":"silberstreifen-jaspis","status":"publish","type":"product","link":"https:\/\/www.bynaldis-shop.com\/?product=silberstreifen-jaspis","title":{"rendered":"Trommelstein Schlangenhautjaspis"},"content":{"rendered":"<p data-start=\"126\" data-end=\"274\"><strong data-start=\"126\" data-end=\"162\">Trommelstein Schlangenhautjaspis<\/strong><\/p>\n<p data-start=\"126\" data-end=\"274\"><br data-start=\"162\" data-end=\"165\" \/><strong data-start=\"165\" data-end=\"175\">Gr\u00f6\u00dfe:<\/strong> ca. 1,5 \u2013 2,0 cm (S)<br data-start=\"196\" data-end=\"199\" \/><strong data-start=\"199\" data-end=\"216\">Besonderheit:<\/strong> Charakteristische Maserung, die an Schlangenhaut erinnert<\/p>\n<p data-start=\"276\" data-end=\"512\">Der Schlangenhautjaspis fasziniert durch seine au\u00dfergew\u00f6hnliche Zeichnung, die \u2013 wie sein Name verr\u00e4t \u2013 an die Musterung von Reptilienhaut erinnert. Seine feine, naturnahe \u00c4sthetik macht ihn zu einem kleinen, aber kraftvollen Begleiter.<\/p>\n<p data-start=\"514\" data-end=\"849\">\ud83d\udc0d <strong data-start=\"517\" data-end=\"549\">Symbol f\u00fcr Wandlung &amp; Schutz<\/strong><br data-start=\"549\" data-end=\"552\" \/>In der Steinheilkunde steht der Schlangenhautjaspis sinnbildlich f\u00fcr H\u00e4utung, Wandlung und den Mut, alte Muster abzustreifen. Er unterst\u00fctzt innere Prozesse des Loslassens, hilft dabei, mit mehr Flexibilit\u00e4t auf Ver\u00e4nderungen zu reagieren und schenkt gleichzeitig ein Gef\u00fchl von Schutz und Erdung.<\/p>\n<p data-start=\"851\" data-end=\"1024\">\ud83c\udf3f <strong data-start=\"854\" data-end=\"882\">Natur in ihrer Vielfalt:<\/strong><br data-start=\"882\" data-end=\"885\" \/>Ob hell- oder dunkelgemasert, jeder Schlangenhautjaspis ist ein Kunstwerk der Natur \u2013 wild, lebendig und einzigartig in Farbe und Struktur.<\/p>\n<p data-start=\"1026\" data-end=\"1196\">\ud83d\udd2e <strong data-start=\"1029\" data-end=\"1041\">Hinweis:<\/strong><br data-start=\"1041\" data-end=\"1044\" \/>Bitte beachte, dass jeder Stein in seiner Gr\u00f6\u00dfe, Form und Farbgebung ein Einzelst\u00fcck ist \u2013 dein pers\u00f6nlicher Seelenstein findet dich zur richtigen Zeit.<\/p>\n<p data-start=\"1026\" data-end=\"1196\"><strong>Hinweis<\/strong>: Die beschriebenen Wirkungen basieren auf Erfahrungen von Anwendern und Edelsteintherapeuten und sind wissenschaftlich nicht erwiesen. Sie ersetzen keine medizinische Diagnose oder Behandlung. Bitte konsultiere bei gesundheitlichen Beschwerden immer einen Arzt.<\/p>\n","protected":false},"excerpt":{"rendered":"<p>Trommelstein Schlangenhautjaspis Gr\u00f6\u00dfe: ca. 1,5 \u2013 2,0 cm (S)Besonderheit: Charakteristische Maserung, die an Schlangenhaut erinnert Der Schlangenhautjaspis fasziniert durch seine au\u00dfergew\u00f6hnliche Zeichnung, die \u2013 wie sein Name verr\u00e4t \u2013 an die Musterung von Reptilienhaut erinnert. Seine feine, naturnahe \u00c4sthetik macht ihn zu einem kleinen, aber kraftvollen Begleiter. \ud83d\udc0d Symbol f\u00fcr Wandlung &amp; SchutzIn der Steinheilkunde [&hellip;]<\/p>\n<p><a class=\"read-more\" href=\"https:\/\/www.bynaldis-shop.com\/?product=silberstreifen-jaspis\">Mehr lesen<span class=\"meta-nav\">&rarr;<\/span><\/a><\/p>\n","protected":false},"featured_media":8642,"template":"","meta":[],"product_brand":[],"product_cat":[206],"product_tag":[],"class_list":{"0":"post-8641","1":"product","2":"type-product","3":"status-publish","4":"has-post-thumbnail","6":"product_cat-trommelsteine","8":"first","9":"instock","10":"taxable","11":"shipping-taxable","12":"purchasable","13":"product-type-simple"},"_links":{"self":[{"href":"https:\/\/www.bynaldis-shop.com\/index.php?rest_route=\/wp\/v2\/product\/8641","targetHints":{"allow":["GET"]}}],"collection":[{"href":"https:\/\/www.bynaldis-shop.com\/index.php?rest_route=\/wp\/v2\/product"}],"about":[{"href":"https:\/\/www.bynaldis-shop.com\/index.php?rest_route=\/wp\/v2\/types\/product"}],"wp:featuredmedia":[{"embeddable":true,"href":"https:\/\/www.bynaldis-shop.com\/index.php?rest_route=\/wp\/v2\/media\/8642"}],"wp:attachment":[{"href":"https:\/\/www.bynaldis-shop.com\/index.php?rest_route=%2Fwp%2Fv2%2Fmedia&parent=8641"}],"wp:term":[{"taxonomy":"product_brand","embeddable":true,"href":"https:\/\/www.bynaldis-shop.com\/index.php?rest_route=%2Fwp%2Fv2%2Fproduct_brand&post=8641"},{"taxonomy":"product_cat","embeddable":true,"href":"https:\/\/www.bynaldis-shop.com\/index.php?rest_route=%2Fwp%2Fv2%2Fproduct_cat&post=8641"},{"taxonomy":"product_tag","embeddable":true,"href":"https:\/\/www.bynaldis-shop.com\/index.php?rest_route=%2Fwp%2Fv2%2Fproduct_tag&post=8641"}],"curies":[{"name":"wp","href":"https:\/\/api.w.org\/{rel}","templated":true}]}}