{"id":8637,"date":"2024-05-30T12:17:53","date_gmt":"2024-05-30T10:17:53","guid":{"rendered":"https:\/\/www.bynaldis-shop.com\/?post_type=product&#038;p=8637"},"modified":"2025-10-08T20:49:13","modified_gmt":"2025-10-08T18:49:13","slug":"versteinertes-holz","status":"publish","type":"product","link":"https:\/\/www.bynaldis-shop.com\/?product=versteinertes-holz","title":{"rendered":"Trommelstein Baumquarz (versteinertes Holz)"},"content":{"rendered":"<p data-start=\"112\" data-end=\"263\"><strong data-start=\"112\" data-end=\"159\">Trommelstein Baumquarz (versteinertes Holz)<\/strong><\/p>\n<p data-start=\"112\" data-end=\"263\"><br data-start=\"159\" data-end=\"162\" \/><strong data-start=\"162\" data-end=\"172\">Gr\u00f6\u00dfe:<\/strong> ca. 2,0 \u2013 3,0 cm<br data-start=\"189\" data-end=\"192\" \/><strong data-start=\"192\" data-end=\"209\">Besonderheit:<\/strong> Fossiles, versteinertes Holz in r\u00f6tlich-braunen T\u00f6nen<\/p>\n<p data-start=\"265\" data-end=\"510\">Diese Trommelsteine aus r\u00f6tlichem Baumquarz sind versteinerte Zeugen vergangener Erdzeitalter. Millionen Jahre altes Holz wurde Schicht f\u00fcr Schicht durch Quarz ersetzt \u2013 zur\u00fcck bleibt ein Stein, der Ruhe, Kraft und tiefe Verwurzelung ausstrahlt.<\/p>\n<p data-start=\"512\" data-end=\"821\">\ud83c\udf3f <strong data-start=\"515\" data-end=\"541\">Erdung &amp; Best\u00e4ndigkeit<\/strong><br data-start=\"541\" data-end=\"544\" \/>In der Steinheilkunde wird versteinertes Holz besonders gesch\u00e4tzt, wenn es darum geht, Bodenst\u00e4ndigkeit, Realit\u00e4tssinn und innere Stabilit\u00e4t zu st\u00e4rken. Der Baumquarz hilft dir, dich mit deinen Wurzeln zu verbinden und auch in bewegten Zeiten gelassen und zentriert zu bleiben.<\/p>\n<p data-start=\"823\" data-end=\"1088\">\ud83c\udf42 <strong data-start=\"826\" data-end=\"853\">Naturkraft in Steinform<\/strong><br data-start=\"853\" data-end=\"856\" \/>Mit seiner warmen, nat\u00fcrlichen Farbgebung erinnert dieser Stein an alte W\u00e4lder, die Ruhe und Weisheit der Natur \u2013 ein zuverl\u00e4ssiger Begleiter f\u00fcr alle, die ihre innere St\u00e4rke pflegen und ihre Kraft aus tiefer Erdung sch\u00f6pfen wollen.<\/p>\n<p data-start=\"1090\" data-end=\"1273\">\ud83d\udd2e <strong data-start=\"1093\" data-end=\"1105\">Hinweis:<\/strong><br data-start=\"1105\" data-end=\"1108\" \/>Jeder Trommelstein ist ein Unikat \u2013 in Farbe, Zeichnung und Form einzigartig \u2013 und findet genau dann zu dir, wenn du bereit bist, seine stille Weisheit zu empfangen<\/p>\n<p data-start=\"1090\" data-end=\"1273\"><strong>Hinweis<\/strong>: Die beschriebenen Wirkungen basieren auf Erfahrungen von Anwendern und Edelsteintherapeuten und sind wissenschaftlich nicht erwiesen. Sie ersetzen keine medizinische Diagnose oder Behandlung. Bitte konsultiere bei gesundheitlichen Beschwerden immer einen Arzt.<\/p>\n","protected":false},"excerpt":{"rendered":"<p>Trommelstein Baumquarz (versteinertes Holz) Gr\u00f6\u00dfe: ca. 2,0 \u2013 3,0 cmBesonderheit: Fossiles, versteinertes Holz in r\u00f6tlich-braunen T\u00f6nen Diese Trommelsteine aus r\u00f6tlichem Baumquarz sind versteinerte Zeugen vergangener Erdzeitalter. Millionen Jahre altes Holz wurde Schicht f\u00fcr Schicht durch Quarz ersetzt \u2013 zur\u00fcck bleibt ein Stein, der Ruhe, Kraft und tiefe Verwurzelung ausstrahlt. \ud83c\udf3f Erdung &amp; Best\u00e4ndigkeitIn der Steinheilkunde [&hellip;]<\/p>\n<p><a class=\"read-more\" href=\"https:\/\/www.bynaldis-shop.com\/?product=versteinertes-holz\">Mehr lesen<span class=\"meta-nav\">&rarr;<\/span><\/a><\/p>\n","protected":false},"featured_media":8638,"template":"","meta":[],"product_brand":[],"product_cat":[206],"product_tag":[],"class_list":{"0":"post-8637","1":"product","2":"type-product","3":"status-publish","4":"has-post-thumbnail","6":"product_cat-trommelsteine","8":"first","9":"instock","10":"taxable","11":"shipping-taxable","12":"purchasable","13":"product-type-simple"},"_links":{"self":[{"href":"https:\/\/www.bynaldis-shop.com\/index.php?rest_route=\/wp\/v2\/product\/8637","targetHints":{"allow":["GET"]}}],"collection":[{"href":"https:\/\/www.bynaldis-shop.com\/index.php?rest_route=\/wp\/v2\/product"}],"about":[{"href":"https:\/\/www.bynaldis-shop.com\/index.php?rest_route=\/wp\/v2\/types\/product"}],"wp:featuredmedia":[{"embeddable":true,"href":"https:\/\/www.bynaldis-shop.com\/index.php?rest_route=\/wp\/v2\/media\/8638"}],"wp:attachment":[{"href":"https:\/\/www.bynaldis-shop.com\/index.php?rest_route=%2Fwp%2Fv2%2Fmedia&parent=8637"}],"wp:term":[{"taxonomy":"product_brand","embeddable":true,"href":"https:\/\/www.bynaldis-shop.com\/index.php?rest_route=%2Fwp%2Fv2%2Fproduct_brand&post=8637"},{"taxonomy":"product_cat","embeddable":true,"href":"https:\/\/www.bynaldis-shop.com\/index.php?rest_route=%2Fwp%2Fv2%2Fproduct_cat&post=8637"},{"taxonomy":"product_tag","embeddable":true,"href":"https:\/\/www.bynaldis-shop.com\/index.php?rest_route=%2Fwp%2Fv2%2Fproduct_tag&post=8637"}],"curies":[{"name":"wp","href":"https:\/\/api.w.org\/{rel}","templated":true}]}}