{"id":8635,"date":"2024-05-30T12:15:03","date_gmt":"2024-05-30T10:15:03","guid":{"rendered":"https:\/\/www.bynaldis-shop.com\/?post_type=product&#038;p=8635"},"modified":"2025-08-12T14:47:00","modified_gmt":"2025-08-12T12:47:00","slug":"drachenstein-epidot","status":"publish","type":"product","link":"https:\/\/www.bynaldis-shop.com\/?product=drachenstein-epidot","title":{"rendered":"Trommelstein Drachenstein (auch: Drachenjaspis \/ Drachenblutjaspis)"},"content":{"rendered":"<p data-start=\"165\" data-end=\"401\"><strong data-start=\"165\" data-end=\"236\">Trommelstein Drachenstein (auch: Drachenjaspis \/ Drachenblutjaspis)<\/strong><\/p>\n<p data-start=\"165\" data-end=\"401\"><br data-start=\"236\" data-end=\"239\" \/><strong data-start=\"239\" data-end=\"249\">Gr\u00f6\u00dfe:<\/strong> ca. 2,3 \u2013 3,0 cm<br data-start=\"266\" data-end=\"269\" \/><strong data-start=\"269\" data-end=\"281\">Fundort:<\/strong> Region Chifeng, Innere Mongolei (Nord-China)<br data-start=\"326\" data-end=\"329\" \/><strong data-start=\"329\" data-end=\"347\">Weitere Namen:<\/strong> Dragonstone Jasper, Epidotquarzit, Drachensteinjaspis<\/p>\n<p data-start=\"403\" data-end=\"676\">Die tiefgr\u00fcne Farbe und charakteristische Maserung der Drachensteine erinnern an uralte, sagenumwobene Landschaften \u2013 wild, kraftvoll und geheimnisvoll. Jeder dieser <strong data-start=\"569\" data-end=\"597\">nat\u00fcrlichen Barocksteine<\/strong> ist einzigartig und bringt die St\u00e4rke und Ruhe seines Herkunftsortes mit sich.<\/p>\n<p data-start=\"678\" data-end=\"1078\">\ud83c\udf3f <strong data-start=\"681\" data-end=\"713\">Erneuerung &amp; Selbstvertrauen<\/strong><br data-start=\"713\" data-end=\"716\" \/>In der Steinheilkunde gilt Drachenstein \u2013 mit seinem Hauptbestandteil Epidot \u2013 als Stein der <strong data-start=\"809\" data-end=\"840\">Regeneration und Erneuerung<\/strong>. Er unterst\u00fctzt dich dabei, deine eigenen Kr\u00e4fte klar und realistisch einzusch\u00e4tzen und schenkt dir Mut, auch lange Wege mit innerer \u00dcberzeugung zu gehen. Besonders in Zeiten des Wandels hilft er, aus der eigenen Mitte heraus zu handeln.<\/p>\n<p data-start=\"1080\" data-end=\"1331\">\ud83d\udd25 <strong data-start=\"1083\" data-end=\"1125\">Mythische Energie &amp; Naturverbundenheit<\/strong><br data-start=\"1125\" data-end=\"1128\" \/>Der symboltr\u00e4chtige Name \u201eDrachenstein\u201c verweist auf seine mystische, fast archaische Ausstrahlung \u2013 ein Stein f\u00fcr alle, die sich mit der Kraft der Erde und ihrer urspr\u00fcnglichen Energie verbinden wollen.<\/p>\n<p data-start=\"1333\" data-end=\"1519\">\ud83d\udd2e <strong data-start=\"1336\" data-end=\"1348\">Hinweis:<\/strong><br data-start=\"1348\" data-end=\"1351\" \/>Jeder Drachenstein ist ein individuelles Unikat \u2013 einzigartig in Form, Farbe und Struktur \u2013 und findet genau dann zu dir, wenn du bereit bist, seine Kraft zu empfangen.<\/p>\n<p data-start=\"1333\" data-end=\"1519\"><strong>Hinweis<\/strong>: Die beschriebenen Wirkungen basieren auf Erfahrungen von Anwendern und Edelsteintherapeuten und sind wissenschaftlich nicht erwiesen. Sie ersetzen keine medizinische Diagnose oder Behandlung. Bitte konsultiere bei gesundheitlichen Beschwerden immer einen Arzt.<\/p>\n","protected":false},"excerpt":{"rendered":"<p>Trommelstein Drachenstein (auch: Drachenjaspis \/ Drachenblutjaspis) Gr\u00f6\u00dfe: ca. 2,3 \u2013 3,0 cmFundort: Region Chifeng, Innere Mongolei (Nord-China)Weitere Namen: Dragonstone Jasper, Epidotquarzit, Drachensteinjaspis Die tiefgr\u00fcne Farbe und charakteristische Maserung der Drachensteine erinnern an uralte, sagenumwobene Landschaften \u2013 wild, kraftvoll und geheimnisvoll. Jeder dieser nat\u00fcrlichen Barocksteine ist einzigartig und bringt die St\u00e4rke und Ruhe seines Herkunftsortes mit [&hellip;]<\/p>\n<p><a class=\"read-more\" href=\"https:\/\/www.bynaldis-shop.com\/?product=drachenstein-epidot\">Mehr lesen<span class=\"meta-nav\">&rarr;<\/span><\/a><\/p>\n","protected":false},"featured_media":8636,"template":"","meta":[],"product_brand":[],"product_cat":[206],"product_tag":[],"class_list":{"0":"post-8635","1":"product","2":"type-product","3":"status-publish","4":"has-post-thumbnail","6":"product_cat-trommelsteine","8":"first","9":"instock","10":"taxable","11":"shipping-taxable","12":"purchasable","13":"product-type-simple"},"_links":{"self":[{"href":"https:\/\/www.bynaldis-shop.com\/index.php?rest_route=\/wp\/v2\/product\/8635","targetHints":{"allow":["GET"]}}],"collection":[{"href":"https:\/\/www.bynaldis-shop.com\/index.php?rest_route=\/wp\/v2\/product"}],"about":[{"href":"https:\/\/www.bynaldis-shop.com\/index.php?rest_route=\/wp\/v2\/types\/product"}],"wp:featuredmedia":[{"embeddable":true,"href":"https:\/\/www.bynaldis-shop.com\/index.php?rest_route=\/wp\/v2\/media\/8636"}],"wp:attachment":[{"href":"https:\/\/www.bynaldis-shop.com\/index.php?rest_route=%2Fwp%2Fv2%2Fmedia&parent=8635"}],"wp:term":[{"taxonomy":"product_brand","embeddable":true,"href":"https:\/\/www.bynaldis-shop.com\/index.php?rest_route=%2Fwp%2Fv2%2Fproduct_brand&post=8635"},{"taxonomy":"product_cat","embeddable":true,"href":"https:\/\/www.bynaldis-shop.com\/index.php?rest_route=%2Fwp%2Fv2%2Fproduct_cat&post=8635"},{"taxonomy":"product_tag","embeddable":true,"href":"https:\/\/www.bynaldis-shop.com\/index.php?rest_route=%2Fwp%2Fv2%2Fproduct_tag&post=8635"}],"curies":[{"name":"wp","href":"https:\/\/api.w.org\/{rel}","templated":true}]}}