{"id":8633,"date":"2024-05-30T12:12:17","date_gmt":"2024-05-30T10:12:17","guid":{"rendered":"https:\/\/www.bynaldis-shop.com\/?post_type=product&#038;p=8633"},"modified":"2025-08-12T14:49:54","modified_gmt":"2025-08-12T12:49:54","slug":"versteinerte-koralle-xl","status":"publish","type":"product","link":"https:\/\/www.bynaldis-shop.com\/?product=versteinerte-koralle-xl","title":{"rendered":"Trommelstein Versteinerte Koralle"},"content":{"rendered":"<p data-start=\"160\" data-end=\"338\"><strong data-start=\"160\" data-end=\"197\">Trommelstein Versteinerte Koralle<\/strong><\/p>\n<p data-start=\"160\" data-end=\"338\"><br data-start=\"197\" data-end=\"200\" \/><strong data-start=\"200\" data-end=\"210\">Gr\u00f6\u00dfe:<\/strong> ca. 3,0 \u2013 3,5 cm (XL)<br data-start=\"232\" data-end=\"235\" \/><strong data-start=\"235\" data-end=\"248\">Herkunft:<\/strong> Region Jambi, Sumatra (Indonesien)<br data-start=\"283\" data-end=\"286\" \/><strong data-start=\"286\" data-end=\"307\">Auch bekannt als:<\/strong> Petoskeystein \/ Petoskey Stone<\/p>\n<p data-start=\"340\" data-end=\"660\">Diese faszinierenden Trommelsteine zeigen die urzeitlichen Strukturen einstiger Meereskorallen \u2013 Zeugen aus einer l\u00e4ngst vergangenen Welt. In Jahrmillionen durch Mineralisierung zu Stein geworden, erinnert die <strong data-start=\"550\" data-end=\"574\">versteinerte Koralle<\/strong> daran, dass Wandel Zeit braucht \u2013 und dass aus dem Miteinander Gro\u00dfes entstehen kann.<\/p>\n<p data-start=\"662\" data-end=\"992\">\ud83c\udf3f <strong data-start=\"665\" data-end=\"695\">Gemeinschaft &amp; Kooperation<\/strong><br data-start=\"695\" data-end=\"698\" \/>In der Steinheilkunde wird versteinerte Koralle gesch\u00e4tzt, um egoistische Muster zu transformieren und den Fokus auf das <strong data-start=\"819\" data-end=\"834\">Miteinander<\/strong> zu lenken. Sie st\u00e4rkt das Gef\u00fchl von Zugeh\u00f6rigkeit und f\u00f6rdert ein friedliches Zusammenwirken \u2013 frei von Misstrauen, Ber\u00fchrungs\u00e4ngsten oder Kleingeistigkeit.<\/p>\n<p data-start=\"994\" data-end=\"1231\">\ud83c\udf0a <strong data-start=\"997\" data-end=\"1027\">Verwurzelte Transformation<\/strong><br data-start=\"1027\" data-end=\"1030\" \/>Tief verwurzelt im Element Wasser, unterst\u00fctzt sie dabei, emotionale Tiefe mit innerer Ruhe zu verbinden. Wer bereit ist, im Einklang mit anderen zu wirken, findet in ihr einen wertvollen Wegbegleiter.<\/p>\n<p data-start=\"1233\" data-end=\"1385\">\ud83d\udd2e <strong data-start=\"1236\" data-end=\"1248\">Hinweis:<\/strong><br data-start=\"1248\" data-end=\"1251\" \/>Jeder Stein ist ein nat\u00fcrliches Unikat \u2013 in Struktur, Farbe und Form einzigartig \u2013 und findet genau dann zu dir, wenn du ihn brauchst.<\/p>\n<p data-start=\"1233\" data-end=\"1385\"><strong>Hinweis:<\/strong> Die beschriebenen Wirkungen basieren auf Erfahrungen von Anwendern und Edelsteintherapeuten und sind wissenschaftlich nicht erwiesen. Sie ersetzen keine medizinische Diagnose oder Behandlung. Bitte konsultiere bei gesundheitlichen Beschwerden immer einen Arzt.<\/p>\n","protected":false},"excerpt":{"rendered":"<p>Trommelstein Versteinerte Koralle Gr\u00f6\u00dfe: ca. 3,0 \u2013 3,5 cm (XL)Herkunft: Region Jambi, Sumatra (Indonesien)Auch bekannt als: Petoskeystein \/ Petoskey Stone Diese faszinierenden Trommelsteine zeigen die urzeitlichen Strukturen einstiger Meereskorallen \u2013 Zeugen aus einer l\u00e4ngst vergangenen Welt. In Jahrmillionen durch Mineralisierung zu Stein geworden, erinnert die versteinerte Koralle daran, dass Wandel Zeit braucht \u2013 und dass [&hellip;]<\/p>\n<p><a class=\"read-more\" href=\"https:\/\/www.bynaldis-shop.com\/?product=versteinerte-koralle-xl\">Mehr lesen<span class=\"meta-nav\">&rarr;<\/span><\/a><\/p>\n","protected":false},"featured_media":8634,"template":"","meta":[],"product_brand":[],"product_cat":[206],"product_tag":[],"class_list":{"0":"post-8633","1":"product","2":"type-product","3":"status-publish","4":"has-post-thumbnail","6":"product_cat-trommelsteine","8":"first","9":"instock","10":"taxable","11":"shipping-taxable","12":"purchasable","13":"product-type-simple"},"_links":{"self":[{"href":"https:\/\/www.bynaldis-shop.com\/index.php?rest_route=\/wp\/v2\/product\/8633","targetHints":{"allow":["GET"]}}],"collection":[{"href":"https:\/\/www.bynaldis-shop.com\/index.php?rest_route=\/wp\/v2\/product"}],"about":[{"href":"https:\/\/www.bynaldis-shop.com\/index.php?rest_route=\/wp\/v2\/types\/product"}],"wp:featuredmedia":[{"embeddable":true,"href":"https:\/\/www.bynaldis-shop.com\/index.php?rest_route=\/wp\/v2\/media\/8634"}],"wp:attachment":[{"href":"https:\/\/www.bynaldis-shop.com\/index.php?rest_route=%2Fwp%2Fv2%2Fmedia&parent=8633"}],"wp:term":[{"taxonomy":"product_brand","embeddable":true,"href":"https:\/\/www.bynaldis-shop.com\/index.php?rest_route=%2Fwp%2Fv2%2Fproduct_brand&post=8633"},{"taxonomy":"product_cat","embeddable":true,"href":"https:\/\/www.bynaldis-shop.com\/index.php?rest_route=%2Fwp%2Fv2%2Fproduct_cat&post=8633"},{"taxonomy":"product_tag","embeddable":true,"href":"https:\/\/www.bynaldis-shop.com\/index.php?rest_route=%2Fwp%2Fv2%2Fproduct_tag&post=8633"}],"curies":[{"name":"wp","href":"https:\/\/api.w.org\/{rel}","templated":true}]}}