{"id":8630,"date":"2024-05-30T12:08:57","date_gmt":"2024-05-30T10:08:57","guid":{"rendered":"https:\/\/www.bynaldis-shop.com\/?post_type=product&#038;p=8630"},"modified":"2025-08-12T14:50:41","modified_gmt":"2025-08-12T12:50:41","slug":"onyx-marmor","status":"publish","type":"product","link":"https:\/\/www.bynaldis-shop.com\/?product=onyx-marmor","title":{"rendered":"Trommelstein Onyx-Marmor (Calcit-Aragonit)"},"content":{"rendered":"<p data-start=\"179\" data-end=\"368\"><strong data-start=\"179\" data-end=\"225\">Trommelstein Onyx-Marmor (Calcit-Aragonit)<\/strong><\/p>\n<p data-start=\"179\" data-end=\"368\"><br data-start=\"225\" data-end=\"228\" \/><strong data-start=\"228\" data-end=\"238\">Gr\u00f6\u00dfe:<\/strong> ca. 2,5 \u2013 3,0 cm (L)<br data-start=\"259\" data-end=\"262\" \/><strong data-start=\"262\" data-end=\"288\">Mineralogisch korrekt:<\/strong> Calcit-Aragonit \/ Aragonit-Calcit<br data-start=\"322\" data-end=\"325\" \/><strong data-start=\"325\" data-end=\"356\">Gebr\u00e4uchlicher Handelsname:<\/strong> Onyx-Marmor<\/p>\n<p data-start=\"370\" data-end=\"722\">Sanfte Schichten in Beige, Elfenbein und hellem Braun verleihen diesem Stein seine besondere Ausstrahlung \u2013 der <strong data-start=\"482\" data-end=\"497\">Onyx-Marmor<\/strong> (korrekt: Calcit-Aragonit) ist ein nat\u00fcrlich geb\u00e4ndertes Zusammenspiel aus Calcit und Aragonit. Er geh\u00f6rt zu den harmonischsten Erscheinungen unter den Natursteinen und wirkt sowohl optisch als auch energetisch ausgleichend.<\/p>\n<p data-start=\"724\" data-end=\"1036\">\ud83c\udf3f <strong data-start=\"727\" data-end=\"755\">Ausgleich &amp; Flexibilit\u00e4t<\/strong><br data-start=\"755\" data-end=\"758\" \/>In der Steinheilkunde wird dieser edle Begleiter gesch\u00e4tzt, um Ruhe und Aktivit\u00e4t in Balance zu bringen. Seine unterst\u00fctzende Kraft kann helfen, Belastung loszulassen, innerlich beweglicher zu werden und neue Perspektiven zu entwickeln \u2013 besonders in Zeiten der Neuorientierung.<\/p>\n<p data-start=\"1038\" data-end=\"1287\">\ud83c\udf17 <strong data-start=\"1041\" data-end=\"1077\">Ein Stein der sanften Stabilit\u00e4t<\/strong><br data-start=\"1077\" data-end=\"1080\" \/>Calcit-Aragonit verbindet wie kaum ein anderer Stein das Thema Erdung mit Leichtigkeit. Er st\u00e4rkt die F\u00e4higkeit, mit den Wellen des Lebens zu flie\u00dfen \u2013 ohne dabei den eigenen Kern aus den Augen zu verlieren.<\/p>\n<p data-start=\"1289\" data-end=\"1427\">\u2728 <strong data-start=\"1291\" data-end=\"1313\">Bekannte Synonyme:<\/strong><br data-start=\"1313\" data-end=\"1316\" \/>Kalkonyx, Calcit-Alabaster, Bandmarmor, Aragonitmarmor, Chalcedon-Onyx, Marmoronyx (nicht jedoch <em data-start=\"1413\" data-end=\"1425\">Onixmarmor<\/em>).<\/p>\n<p data-start=\"1429\" data-end=\"1580\">\ud83d\udd2e <strong data-start=\"1432\" data-end=\"1444\">Hinweis:<\/strong><br data-start=\"1444\" data-end=\"1447\" \/>Jeder Stein ist ein einzigartiges Geschenk der Natur \u2013 in Farbe, Muster und Form individuell \u2013 und findet intuitiv seinen Weg zu dir.<\/p>\n<p data-start=\"1429\" data-end=\"1580\">Hinweis: Die beschriebenen Wirkungen basieren auf Erfahrungen von Anwendern und Edelsteintherapeuten und sind wissenschaftlich nicht erwiesen. Sie ersetzen keine medizinische Diagnose oder Behandlung. Bitte konsultiere bei gesundheitlichen Beschwerden immer einen Arzt.<\/p>\n","protected":false},"excerpt":{"rendered":"<p>Trommelstein Onyx-Marmor (Calcit-Aragonit) Gr\u00f6\u00dfe: ca. 2,5 \u2013 3,0 cm (L)Mineralogisch korrekt: Calcit-Aragonit \/ Aragonit-CalcitGebr\u00e4uchlicher Handelsname: Onyx-Marmor Sanfte Schichten in Beige, Elfenbein und hellem Braun verleihen diesem Stein seine besondere Ausstrahlung \u2013 der Onyx-Marmor (korrekt: Calcit-Aragonit) ist ein nat\u00fcrlich geb\u00e4ndertes Zusammenspiel aus Calcit und Aragonit. Er geh\u00f6rt zu den harmonischsten Erscheinungen unter den Natursteinen und wirkt [&hellip;]<\/p>\n<p><a class=\"read-more\" href=\"https:\/\/www.bynaldis-shop.com\/?product=onyx-marmor\">Mehr lesen<span class=\"meta-nav\">&rarr;<\/span><\/a><\/p>\n","protected":false},"featured_media":8632,"template":"","meta":[],"product_brand":[],"product_cat":[206],"product_tag":[],"class_list":{"0":"post-8630","1":"product","2":"type-product","3":"status-publish","4":"has-post-thumbnail","6":"product_cat-trommelsteine","8":"first","9":"instock","10":"taxable","11":"shipping-taxable","12":"purchasable","13":"product-type-simple"},"_links":{"self":[{"href":"https:\/\/www.bynaldis-shop.com\/index.php?rest_route=\/wp\/v2\/product\/8630","targetHints":{"allow":["GET"]}}],"collection":[{"href":"https:\/\/www.bynaldis-shop.com\/index.php?rest_route=\/wp\/v2\/product"}],"about":[{"href":"https:\/\/www.bynaldis-shop.com\/index.php?rest_route=\/wp\/v2\/types\/product"}],"wp:featuredmedia":[{"embeddable":true,"href":"https:\/\/www.bynaldis-shop.com\/index.php?rest_route=\/wp\/v2\/media\/8632"}],"wp:attachment":[{"href":"https:\/\/www.bynaldis-shop.com\/index.php?rest_route=%2Fwp%2Fv2%2Fmedia&parent=8630"}],"wp:term":[{"taxonomy":"product_brand","embeddable":true,"href":"https:\/\/www.bynaldis-shop.com\/index.php?rest_route=%2Fwp%2Fv2%2Fproduct_brand&post=8630"},{"taxonomy":"product_cat","embeddable":true,"href":"https:\/\/www.bynaldis-shop.com\/index.php?rest_route=%2Fwp%2Fv2%2Fproduct_cat&post=8630"},{"taxonomy":"product_tag","embeddable":true,"href":"https:\/\/www.bynaldis-shop.com\/index.php?rest_route=%2Fwp%2Fv2%2Fproduct_tag&post=8630"}],"curies":[{"name":"wp","href":"https:\/\/api.w.org\/{rel}","templated":true}]}}