{"id":8626,"date":"2024-05-30T12:03:25","date_gmt":"2024-05-30T10:03:25","guid":{"rendered":"https:\/\/www.bynaldis-shop.com\/?post_type=product&#038;p=8626"},"modified":"2025-08-12T14:51:57","modified_gmt":"2025-08-12T12:51:57","slug":"goldfluss-rot","status":"publish","type":"product","link":"https:\/\/www.bynaldis-shop.com\/?product=goldfluss-rot","title":{"rendered":"Trommelstein Goldfluss (Aventuringlas)"},"content":{"rendered":"<p data-start=\"148\" data-end=\"301\"><strong data-start=\"148\" data-end=\"190\">Trommelstein Goldfluss (Aventuringlas)<\/strong><\/p>\n<p data-start=\"148\" data-end=\"301\"><br data-start=\"190\" data-end=\"193\" \/><strong data-start=\"193\" data-end=\"203\">Gr\u00f6\u00dfe:<\/strong> ca. 2 \u2013 2,5 cm (M)<br data-start=\"222\" data-end=\"225\" \/><strong data-start=\"225\" data-end=\"242\">Besonderheit:<\/strong> Glitzernder Glasstein mit fein verteilten Kupferkristallen<\/p>\n<p data-start=\"303\" data-end=\"661\">Der braune Goldfluss funkelt wie ein stiller Nachthimmel \u2013 durchzogen von tausenden goldener Sterne. Seine einzigartige Erscheinung verdankt dieser Stein winzigen Kupferkristallen, die sich w\u00e4hrend eines geheimnisvollen, handwerklich aufw\u00e4ndigen Schmelzprozesses im Glas bilden \u2013 ganz \u201eper avventura\u201c, durch Zufall. So entstand auch sein Name: Aventuringlas.<\/p>\n<p data-start=\"663\" data-end=\"1110\">\u2728 <strong data-start=\"665\" data-end=\"701\">Ein Stein wie ein kleines Wunder<\/strong><br data-start=\"701\" data-end=\"704\" \/>Der Goldfluss ist kein nat\u00fcrliches Mineral, sondern ein gl\u00e4sernes Kunstwerk aus der Alchemie der Elemente \u2013 und doch wird er seit Jahrhunderten gesch\u00e4tzt. In der Steinheilkunde gilt er als Symbol f\u00fcr Lebensfreude, Optimismus und Zuversicht. Er erinnert dich daran, dass aus dem Chaos etwas Wundersch\u00f6nes entstehen kann \u2013 wenn du dich traust, deinen Weg mit Vertrauen und einem Hauch Abenteuerlust zu gehen.<\/p>\n<p data-start=\"1112\" data-end=\"1347\">\ud83c\udf1f <strong data-start=\"1115\" data-end=\"1155\">Ein Begleiter f\u00fcr Mutige und Tr\u00e4umer<\/strong><br data-start=\"1155\" data-end=\"1158\" \/>Ob in st\u00fcrmischen Zeiten oder als funkelnder Talisman im Alltag: Der Goldfluss inspiriert, den inneren Glanz nicht zu vergessen und immer wieder den Zauber des Unvorhergesehenen zuzulassen.<\/p>\n<p data-start=\"1349\" data-end=\"1511\">\ud83d\udd2e <strong data-start=\"1352\" data-end=\"1364\">Hinweis:<\/strong><br data-start=\"1364\" data-end=\"1367\" \/>Jeder Goldfluss ist in Farbe, Musterung und Glanz einzigartig \u2013 und kommt genau dann zu dir, wenn du bereit bist, dein Licht strahlen zu lassen.<\/p>\n<p data-start=\"1349\" data-end=\"1511\"><strong>Hinweis<\/strong>: Die beschriebenen Wirkungen basieren auf Erfahrungen von Anwendern und Edelsteintherapeuten und sind wissenschaftlich nicht erwiesen. Sie ersetzen keine medizinische Diagnose oder Behandlung. Bitte konsultiere bei gesundheitlichen Beschwerden immer einen Arzt.<\/p>\n","protected":false},"excerpt":{"rendered":"<p>Trommelstein Goldfluss (Aventuringlas) Gr\u00f6\u00dfe: ca. 2 \u2013 2,5 cm (M)Besonderheit: Glitzernder Glasstein mit fein verteilten Kupferkristallen Der braune Goldfluss funkelt wie ein stiller Nachthimmel \u2013 durchzogen von tausenden goldener Sterne. Seine einzigartige Erscheinung verdankt dieser Stein winzigen Kupferkristallen, die sich w\u00e4hrend eines geheimnisvollen, handwerklich aufw\u00e4ndigen Schmelzprozesses im Glas bilden \u2013 ganz \u201eper avventura\u201c, durch Zufall. [&hellip;]<\/p>\n<p><a class=\"read-more\" href=\"https:\/\/www.bynaldis-shop.com\/?product=goldfluss-rot\">Mehr lesen<span class=\"meta-nav\">&rarr;<\/span><\/a><\/p>\n","protected":false},"featured_media":8627,"template":"","meta":[],"product_brand":[],"product_cat":[206],"product_tag":[],"class_list":{"0":"post-8626","1":"product","2":"type-product","3":"status-publish","4":"has-post-thumbnail","6":"product_cat-trommelsteine","8":"first","9":"instock","10":"taxable","11":"shipping-taxable","12":"purchasable","13":"product-type-simple"},"_links":{"self":[{"href":"https:\/\/www.bynaldis-shop.com\/index.php?rest_route=\/wp\/v2\/product\/8626","targetHints":{"allow":["GET"]}}],"collection":[{"href":"https:\/\/www.bynaldis-shop.com\/index.php?rest_route=\/wp\/v2\/product"}],"about":[{"href":"https:\/\/www.bynaldis-shop.com\/index.php?rest_route=\/wp\/v2\/types\/product"}],"wp:featuredmedia":[{"embeddable":true,"href":"https:\/\/www.bynaldis-shop.com\/index.php?rest_route=\/wp\/v2\/media\/8627"}],"wp:attachment":[{"href":"https:\/\/www.bynaldis-shop.com\/index.php?rest_route=%2Fwp%2Fv2%2Fmedia&parent=8626"}],"wp:term":[{"taxonomy":"product_brand","embeddable":true,"href":"https:\/\/www.bynaldis-shop.com\/index.php?rest_route=%2Fwp%2Fv2%2Fproduct_brand&post=8626"},{"taxonomy":"product_cat","embeddable":true,"href":"https:\/\/www.bynaldis-shop.com\/index.php?rest_route=%2Fwp%2Fv2%2Fproduct_cat&post=8626"},{"taxonomy":"product_tag","embeddable":true,"href":"https:\/\/www.bynaldis-shop.com\/index.php?rest_route=%2Fwp%2Fv2%2Fproduct_tag&post=8626"}],"curies":[{"name":"wp","href":"https:\/\/api.w.org\/{rel}","templated":true}]}}