{"id":8604,"date":"2024-05-30T11:20:49","date_gmt":"2024-05-30T09:20:49","guid":{"rendered":"https:\/\/www.bynaldis-shop.com\/?post_type=product&#038;p=8604"},"modified":"2025-08-12T15:02:39","modified_gmt":"2025-08-12T13:02:39","slug":"maligano-jaspis-l","status":"publish","type":"product","link":"https:\/\/www.bynaldis-shop.com\/?product=maligano-jaspis-l","title":{"rendered":"Maligano Jaspis L"},"content":{"rendered":"<p><strong>Maligano Jaspis L<\/strong><\/p>\n<p>wurde erstmals um 2011 in der N\u00e4he des Ortes Maligano auf Kendari Island (Sulawesi, S\u00fcd-Ost Celebes) gefunden. Der farbige Jaspis besteht meist aus gelben, orangen, roten und rosa Material, das mit wei\u00dfem, grauen oder schwarzen Quarz verbacken wurde \u2013 es handelt sich also beim Maligano-Jaspis um einen typischen Brekzienjaspis.<\/p>\n<p>In der Steinheilkunde kommt Brekzienjaspis (auch Tr\u00fcmmerjaspis genannt) zur Anwendung, um die Konfliktbereitschaft zu st\u00e4rken und dabei zu unterst\u00fctzen, nach Niederlagen den Mut nicht zu verlieren und weiterzumachen. Durch Konflikte entstandene Sch\u00e4den k\u00f6nnen mit der Unterst\u00fctzung des farbenfrohen Jaspis einfacher wieder behoben werden.<\/p>\n<p>Bitte beachte, dass jeder Stein in seiner Gr\u00f6\u00dfe, Form und Farbe einzigartig ist und immer dein Seelenstein zu dir kommt.<\/p>\n<p><strong>Hinweis:<\/strong> Die beschriebenen Wirkungen basieren auf Erfahrungen von Anwendern und Edelsteintherapeuten und sind wissenschaftlich nicht erwiesen. Sie ersetzen keine medizinische Diagnose oder Behandlung. Bitte konsultiere bei gesundheitlichen Beschwerden immer einen Arzt.<\/p>\n","protected":false},"excerpt":{"rendered":"<p>Maligano Jaspis L wurde erstmals um 2011 in der N\u00e4he des Ortes Maligano auf Kendari Island (Sulawesi, S\u00fcd-Ost Celebes) gefunden. Der farbige Jaspis besteht meist aus gelben, orangen, roten und rosa Material, das mit wei\u00dfem, grauen oder schwarzen Quarz verbacken wurde \u2013 es handelt sich also beim Maligano-Jaspis um einen typischen Brekzienjaspis. In der Steinheilkunde [&hellip;]<\/p>\n<p><a class=\"read-more\" href=\"https:\/\/www.bynaldis-shop.com\/?product=maligano-jaspis-l\">Mehr lesen<span class=\"meta-nav\">&rarr;<\/span><\/a><\/p>\n","protected":false},"featured_media":8590,"template":"","meta":[],"product_brand":[],"product_cat":[206],"product_tag":[],"class_list":{"0":"post-8604","1":"product","2":"type-product","3":"status-publish","4":"has-post-thumbnail","6":"product_cat-trommelsteine","8":"first","9":"instock","10":"taxable","11":"shipping-taxable","12":"purchasable","13":"product-type-simple"},"_links":{"self":[{"href":"https:\/\/www.bynaldis-shop.com\/index.php?rest_route=\/wp\/v2\/product\/8604","targetHints":{"allow":["GET"]}}],"collection":[{"href":"https:\/\/www.bynaldis-shop.com\/index.php?rest_route=\/wp\/v2\/product"}],"about":[{"href":"https:\/\/www.bynaldis-shop.com\/index.php?rest_route=\/wp\/v2\/types\/product"}],"wp:featuredmedia":[{"embeddable":true,"href":"https:\/\/www.bynaldis-shop.com\/index.php?rest_route=\/wp\/v2\/media\/8590"}],"wp:attachment":[{"href":"https:\/\/www.bynaldis-shop.com\/index.php?rest_route=%2Fwp%2Fv2%2Fmedia&parent=8604"}],"wp:term":[{"taxonomy":"product_brand","embeddable":true,"href":"https:\/\/www.bynaldis-shop.com\/index.php?rest_route=%2Fwp%2Fv2%2Fproduct_brand&post=8604"},{"taxonomy":"product_cat","embeddable":true,"href":"https:\/\/www.bynaldis-shop.com\/index.php?rest_route=%2Fwp%2Fv2%2Fproduct_cat&post=8604"},{"taxonomy":"product_tag","embeddable":true,"href":"https:\/\/www.bynaldis-shop.com\/index.php?rest_route=%2Fwp%2Fv2%2Fproduct_tag&post=8604"}],"curies":[{"name":"wp","href":"https:\/\/api.w.org\/{rel}","templated":true}]}}