{"id":8599,"date":"2024-05-30T11:14:24","date_gmt":"2024-05-30T09:14:24","guid":{"rendered":"https:\/\/www.bynaldis-shop.com\/?post_type=product&#038;p=8599"},"modified":"2025-08-12T15:03:18","modified_gmt":"2025-08-12T13:03:18","slug":"chalcedon-blau-xl","status":"publish","type":"product","link":"https:\/\/www.bynaldis-shop.com\/?product=chalcedon-blau-xl","title":{"rendered":"Chalcedon blau &#8211; XL"},"content":{"rendered":"<p><strong>Chalcedon blau &#8211; XL<\/strong><\/p>\n<p>Gr\u00f6\u00dfe der Chalcedone ca. 2,9 &#8211; 3,4cm &#8211; ideal auch als Handschmeichler!<\/p>\n<p>Kommunikation, Zuh\u00f6ren und Verstehen sind die Themen, bei denen der blaue Chalcedon in der modernen Steinheilkunde zur Anwendung kommt. Blauer Chalcedon wird daher auch als &#8222;Redner-Stein&#8220; bezeichnet.<\/p>\n<p>Bitte beachte, dass jeder Stein in seiner Gr\u00f6\u00dfe, Form und Farbe einzigartig ist und immer dein Seelenstein zu dir kommt.<\/p>\n<p><strong>Hinweis:<\/strong> Die beschriebenen Wirkungen basieren auf Erfahrungen von Anwendern und Edelsteintherapeuten und sind wissenschaftlich nicht erwiesen. Sie ersetzen keine medizinische Diagnose oder Behandlung. Bitte konsultiere bei gesundheitlichen Beschwerden immer einen Arzt.<\/p>\n","protected":false},"excerpt":{"rendered":"<p>Chalcedon blau &#8211; XL Gr\u00f6\u00dfe der Chalcedone ca. 2,9 &#8211; 3,4cm &#8211; ideal auch als Handschmeichler! Kommunikation, Zuh\u00f6ren und Verstehen sind die Themen, bei denen der blaue Chalcedon in der modernen Steinheilkunde zur Anwendung kommt. Blauer Chalcedon wird daher auch als &#8222;Redner-Stein&#8220; bezeichnet. Bitte beachte, dass jeder Stein in seiner Gr\u00f6\u00dfe, Form und Farbe einzigartig [&hellip;]<\/p>\n<p><a class=\"read-more\" href=\"https:\/\/www.bynaldis-shop.com\/?product=chalcedon-blau-xl\">Mehr lesen<span class=\"meta-nav\">&rarr;<\/span><\/a><\/p>\n","protected":false},"featured_media":8600,"template":"","meta":[],"product_brand":[],"product_cat":[206],"product_tag":[],"class_list":{"0":"post-8599","1":"product","2":"type-product","3":"status-publish","4":"has-post-thumbnail","6":"product_cat-trommelsteine","8":"first","9":"instock","10":"taxable","11":"shipping-taxable","12":"purchasable","13":"product-type-simple"},"_links":{"self":[{"href":"https:\/\/www.bynaldis-shop.com\/index.php?rest_route=\/wp\/v2\/product\/8599","targetHints":{"allow":["GET"]}}],"collection":[{"href":"https:\/\/www.bynaldis-shop.com\/index.php?rest_route=\/wp\/v2\/product"}],"about":[{"href":"https:\/\/www.bynaldis-shop.com\/index.php?rest_route=\/wp\/v2\/types\/product"}],"wp:featuredmedia":[{"embeddable":true,"href":"https:\/\/www.bynaldis-shop.com\/index.php?rest_route=\/wp\/v2\/media\/8600"}],"wp:attachment":[{"href":"https:\/\/www.bynaldis-shop.com\/index.php?rest_route=%2Fwp%2Fv2%2Fmedia&parent=8599"}],"wp:term":[{"taxonomy":"product_brand","embeddable":true,"href":"https:\/\/www.bynaldis-shop.com\/index.php?rest_route=%2Fwp%2Fv2%2Fproduct_brand&post=8599"},{"taxonomy":"product_cat","embeddable":true,"href":"https:\/\/www.bynaldis-shop.com\/index.php?rest_route=%2Fwp%2Fv2%2Fproduct_cat&post=8599"},{"taxonomy":"product_tag","embeddable":true,"href":"https:\/\/www.bynaldis-shop.com\/index.php?rest_route=%2Fwp%2Fv2%2Fproduct_tag&post=8599"}],"curies":[{"name":"wp","href":"https:\/\/api.w.org\/{rel}","templated":true}]}}