{"id":8597,"date":"2024-05-30T11:11:49","date_gmt":"2024-05-30T09:11:49","guid":{"rendered":"https:\/\/www.bynaldis-shop.com\/?post_type=product&#038;p=8597"},"modified":"2025-08-12T15:05:30","modified_gmt":"2025-08-12T13:05:30","slug":"angelit","status":"publish","type":"product","link":"https:\/\/www.bynaldis-shop.com\/?product=angelit","title":{"rendered":"Angelit Stabilit\u00e4t und Bodenst\u00e4ndigkeit\u00a0"},"content":{"rendered":"<p><strong>Angelit Stabilit\u00e4t und Bodenst\u00e4ndigkeit\u00a0<\/strong><\/p>\n<p>Gr\u00f6\u00dfe der blauen Angelit-Trommelsteine ca. 25 &#8211; 32mm.<\/p>\n<p>Angelit wird in der Edelsteinheilkunde verwendet, um Stabilit\u00e4t und Bodenst\u00e4ndigkeit zu st\u00e4rken. Die innere Sicherheit wird unterst\u00fctzt, so dass man im t\u00e4glichen Handeln sicherer und gelassener sein kann. Andere Bezeichnungen f\u00fcr den Angelit sind Anhydrit, Engelsstein, Bardiglionit sowie Leuchtstein. In der Mineralogie sind auch Anhydrit, Gekr\u00f6sstein, Karstenit und Muriacit gebr\u00e4uchliche Synonyme. Anhydrit ist als Rohstein sehr splittrig und vollkommen spaltbar; zur Herstellung von Trommelsteinen wird der Stein daher mit Parafin gewachst. Herkunft der Rohware: Peru<\/p>\n<p>Bitte beachte, dass jeder Stein in seiner Gr\u00f6\u00dfe, Form und Farbe einzigartig ist und immer dein Seelenstein zu dir kommt.<\/p>\n<p><strong>Hinweis<\/strong>: Die beschriebenen Wirkungen basieren auf Erfahrungen von Anwendern und Edelsteintherapeuten und sind wissenschaftlich nicht erwiesen. Sie ersetzen keine medizinische Diagnose oder Behandlung. Bitte konsultiere bei gesundheitlichen Beschwerden immer einen Arzt.<\/p>\n","protected":false},"excerpt":{"rendered":"<p>Angelit Stabilit\u00e4t und Bodenst\u00e4ndigkeit\u00a0 Gr\u00f6\u00dfe der blauen Angelit-Trommelsteine ca. 25 &#8211; 32mm. Angelit wird in der Edelsteinheilkunde verwendet, um Stabilit\u00e4t und Bodenst\u00e4ndigkeit zu st\u00e4rken. Die innere Sicherheit wird unterst\u00fctzt, so dass man im t\u00e4glichen Handeln sicherer und gelassener sein kann. Andere Bezeichnungen f\u00fcr den Angelit sind Anhydrit, Engelsstein, Bardiglionit sowie Leuchtstein. In der Mineralogie sind [&hellip;]<\/p>\n<p><a class=\"read-more\" href=\"https:\/\/www.bynaldis-shop.com\/?product=angelit\">Mehr lesen<span class=\"meta-nav\">&rarr;<\/span><\/a><\/p>\n","protected":false},"featured_media":8598,"template":"","meta":[],"product_brand":[],"product_cat":[206],"product_tag":[],"class_list":{"0":"post-8597","1":"product","2":"type-product","3":"status-publish","4":"has-post-thumbnail","6":"product_cat-trommelsteine","8":"first","9":"instock","10":"taxable","11":"shipping-taxable","12":"purchasable","13":"product-type-simple"},"_links":{"self":[{"href":"https:\/\/www.bynaldis-shop.com\/index.php?rest_route=\/wp\/v2\/product\/8597","targetHints":{"allow":["GET"]}}],"collection":[{"href":"https:\/\/www.bynaldis-shop.com\/index.php?rest_route=\/wp\/v2\/product"}],"about":[{"href":"https:\/\/www.bynaldis-shop.com\/index.php?rest_route=\/wp\/v2\/types\/product"}],"wp:featuredmedia":[{"embeddable":true,"href":"https:\/\/www.bynaldis-shop.com\/index.php?rest_route=\/wp\/v2\/media\/8598"}],"wp:attachment":[{"href":"https:\/\/www.bynaldis-shop.com\/index.php?rest_route=%2Fwp%2Fv2%2Fmedia&parent=8597"}],"wp:term":[{"taxonomy":"product_brand","embeddable":true,"href":"https:\/\/www.bynaldis-shop.com\/index.php?rest_route=%2Fwp%2Fv2%2Fproduct_brand&post=8597"},{"taxonomy":"product_cat","embeddable":true,"href":"https:\/\/www.bynaldis-shop.com\/index.php?rest_route=%2Fwp%2Fv2%2Fproduct_cat&post=8597"},{"taxonomy":"product_tag","embeddable":true,"href":"https:\/\/www.bynaldis-shop.com\/index.php?rest_route=%2Fwp%2Fv2%2Fproduct_tag&post=8597"}],"curies":[{"name":"wp","href":"https:\/\/api.w.org\/{rel}","templated":true}]}}