{"id":8596,"date":"2024-05-30T11:09:24","date_gmt":"2024-05-30T09:09:24","guid":{"rendered":"https:\/\/www.bynaldis-shop.com\/?post_type=product&#038;p=8596"},"modified":"2025-08-12T15:07:19","modified_gmt":"2025-08-12T13:07:19","slug":"serpentin","status":"publish","type":"product","link":"https:\/\/www.bynaldis-shop.com\/?product=serpentin","title":{"rendered":"Serpentin"},"content":{"rendered":"<p><strong>Serpentin<\/strong><\/p>\n<p>Die Gr\u00f6\u00dfe der L Trommelsteine ist ca. 2,6- 3,1cm.<\/p>\n<p>Andere Bezeichnungen f\u00fcr den hellgr\u00fcnen Serpentin sind Edelserpentin, New Jade, China Jade und Antigorit sowie Bowenit.<\/p>\n<p>Bitte beachte, dass jeder Stein in seiner Gr\u00f6\u00dfe, Form und Farbe einzigartig ist und immer dein Seelenstein zu dir kommt.<\/p>\n<p><strong>Hinweis<\/strong>: Die beschriebenen Wirkungen basieren auf Erfahrungen von Anwendern und Edelsteintherapeuten und sind wissenschaftlich nicht erwiesen. Sie ersetzen keine medizinische Diagnose oder Behandlung. Bitte konsultiere bei gesundheitlichen Beschwerden immer einen Arzt.<\/p>\n","protected":false},"excerpt":{"rendered":"<p>Serpentin Die Gr\u00f6\u00dfe der L Trommelsteine ist ca. 2,6- 3,1cm. Andere Bezeichnungen f\u00fcr den hellgr\u00fcnen Serpentin sind Edelserpentin, New Jade, China Jade und Antigorit sowie Bowenit. Bitte beachte, dass jeder Stein in seiner Gr\u00f6\u00dfe, Form und Farbe einzigartig ist und immer dein Seelenstein zu dir kommt. Hinweis: Die beschriebenen Wirkungen basieren auf Erfahrungen von Anwendern [&hellip;]<\/p>\n<p><a class=\"read-more\" href=\"https:\/\/www.bynaldis-shop.com\/?product=serpentin\">Mehr lesen<span class=\"meta-nav\">&rarr;<\/span><\/a><\/p>\n","protected":false},"featured_media":8602,"template":"","meta":[],"product_brand":[],"product_cat":[206],"product_tag":[],"class_list":{"0":"post-8596","1":"product","2":"type-product","3":"status-publish","4":"has-post-thumbnail","6":"product_cat-trommelsteine","8":"first","9":"instock","10":"taxable","11":"shipping-taxable","12":"purchasable","13":"product-type-simple"},"_links":{"self":[{"href":"https:\/\/www.bynaldis-shop.com\/index.php?rest_route=\/wp\/v2\/product\/8596","targetHints":{"allow":["GET"]}}],"collection":[{"href":"https:\/\/www.bynaldis-shop.com\/index.php?rest_route=\/wp\/v2\/product"}],"about":[{"href":"https:\/\/www.bynaldis-shop.com\/index.php?rest_route=\/wp\/v2\/types\/product"}],"wp:featuredmedia":[{"embeddable":true,"href":"https:\/\/www.bynaldis-shop.com\/index.php?rest_route=\/wp\/v2\/media\/8602"}],"wp:attachment":[{"href":"https:\/\/www.bynaldis-shop.com\/index.php?rest_route=%2Fwp%2Fv2%2Fmedia&parent=8596"}],"wp:term":[{"taxonomy":"product_brand","embeddable":true,"href":"https:\/\/www.bynaldis-shop.com\/index.php?rest_route=%2Fwp%2Fv2%2Fproduct_brand&post=8596"},{"taxonomy":"product_cat","embeddable":true,"href":"https:\/\/www.bynaldis-shop.com\/index.php?rest_route=%2Fwp%2Fv2%2Fproduct_cat&post=8596"},{"taxonomy":"product_tag","embeddable":true,"href":"https:\/\/www.bynaldis-shop.com\/index.php?rest_route=%2Fwp%2Fv2%2Fproduct_tag&post=8596"}],"curies":[{"name":"wp","href":"https:\/\/api.w.org\/{rel}","templated":true}]}}