{"id":8594,"date":"2024-05-30T11:07:20","date_gmt":"2024-05-30T09:07:20","guid":{"rendered":"https:\/\/www.bynaldis-shop.com\/?post_type=product&#038;p=8594"},"modified":"2025-08-12T15:08:19","modified_gmt":"2025-08-12T13:08:19","slug":"brekzienjaspis","status":"publish","type":"product","link":"https:\/\/www.bynaldis-shop.com\/?product=brekzienjaspis","title":{"rendered":"Brekzienjaspis"},"content":{"rendered":"<p>Brekzienjaspis<\/p>\n<p>Dieser Brekzienjaspis (auch Tr\u00fcmmerjaspis genannt) begeistert durch die zahlreichen verschiedenen Muster in Creme, Rotbraun und Schwarz. Die \u00fcberwiegend blockigen Trommelsteine sind ca. 2,5 &#8211; 4,0cm gro\u00df. In der Steinheilkunde findet Brekzienjaspis Verwendung, wenn die Konfliktbereitschaft gest\u00e4rkt werden soll. Eine weitere Anwendungsm\u00f6glichkeit ist Unterst\u00fctzung nach erlittenen Niederlagen.<\/p>\n<p>Bitte beachte, dass jeder Stein in seiner Gr\u00f6\u00dfe, Form und Farbe einzigartig ist und immer dein Seelenstein zu dir kommt.<\/p>\n<p><strong>Hinweis:<\/strong> Die beschriebenen Wirkungen basieren auf Erfahrungen von Anwendern und Edelsteintherapeuten und sind wissenschaftlich nicht erwiesen. Sie ersetzen keine medizinische Diagnose oder Behandlung. Bitte konsultiere bei gesundheitlichen Beschwerden immer einen Arzt.<\/p>\n","protected":false},"excerpt":{"rendered":"<p>Brekzienjaspis Dieser Brekzienjaspis (auch Tr\u00fcmmerjaspis genannt) begeistert durch die zahlreichen verschiedenen Muster in Creme, Rotbraun und Schwarz. Die \u00fcberwiegend blockigen Trommelsteine sind ca. 2,5 &#8211; 4,0cm gro\u00df. In der Steinheilkunde findet Brekzienjaspis Verwendung, wenn die Konfliktbereitschaft gest\u00e4rkt werden soll. Eine weitere Anwendungsm\u00f6glichkeit ist Unterst\u00fctzung nach erlittenen Niederlagen. Bitte beachte, dass jeder Stein in seiner Gr\u00f6\u00dfe, [&hellip;]<\/p>\n<p><a class=\"read-more\" href=\"https:\/\/www.bynaldis-shop.com\/?product=brekzienjaspis\">Mehr lesen<span class=\"meta-nav\">&rarr;<\/span><\/a><\/p>\n","protected":false},"featured_media":8595,"template":"","meta":[],"product_brand":[],"product_cat":[206],"product_tag":[],"class_list":{"0":"post-8594","1":"product","2":"type-product","3":"status-publish","4":"has-post-thumbnail","6":"product_cat-trommelsteine","8":"first","9":"instock","10":"taxable","11":"shipping-taxable","12":"purchasable","13":"product-type-simple"},"_links":{"self":[{"href":"https:\/\/www.bynaldis-shop.com\/index.php?rest_route=\/wp\/v2\/product\/8594","targetHints":{"allow":["GET"]}}],"collection":[{"href":"https:\/\/www.bynaldis-shop.com\/index.php?rest_route=\/wp\/v2\/product"}],"about":[{"href":"https:\/\/www.bynaldis-shop.com\/index.php?rest_route=\/wp\/v2\/types\/product"}],"wp:featuredmedia":[{"embeddable":true,"href":"https:\/\/www.bynaldis-shop.com\/index.php?rest_route=\/wp\/v2\/media\/8595"}],"wp:attachment":[{"href":"https:\/\/www.bynaldis-shop.com\/index.php?rest_route=%2Fwp%2Fv2%2Fmedia&parent=8594"}],"wp:term":[{"taxonomy":"product_brand","embeddable":true,"href":"https:\/\/www.bynaldis-shop.com\/index.php?rest_route=%2Fwp%2Fv2%2Fproduct_brand&post=8594"},{"taxonomy":"product_cat","embeddable":true,"href":"https:\/\/www.bynaldis-shop.com\/index.php?rest_route=%2Fwp%2Fv2%2Fproduct_cat&post=8594"},{"taxonomy":"product_tag","embeddable":true,"href":"https:\/\/www.bynaldis-shop.com\/index.php?rest_route=%2Fwp%2Fv2%2Fproduct_tag&post=8594"}],"curies":[{"name":"wp","href":"https:\/\/api.w.org\/{rel}","templated":true}]}}