{"id":8593,"date":"2024-05-30T11:04:31","date_gmt":"2024-05-30T09:04:31","guid":{"rendered":"https:\/\/www.bynaldis-shop.com\/?post_type=product&#038;p=8593"},"modified":"2025-08-12T16:29:51","modified_gmt":"2025-08-12T14:29:51","slug":"baumachat","status":"publish","type":"product","link":"https:\/\/www.bynaldis-shop.com\/?product=baumachat","title":{"rendered":"Baumachat"},"content":{"rendered":"<p><strong>Baumachat<\/strong><\/p>\n<p>Die wei\u00dfen Trommelsteine mit den gr\u00fcnen Adern erinnern an B\u00e4ume, \u00c4ste und Zweige, was diesem Quarz seinen Namen &#8222;Baumachat&#8220; gegeben hat.<\/p>\n<p>Die F\u00f6rderung von Beharrlichkeit, Stabilit\u00e4t und Ausdauer auch in unangenehmen Situationen sind die klassischen steinheilkundlichen Anwendungen f\u00fcr den Baumachat.<\/p>\n<p>Bitte beachte, dass jeder Stein in seiner Gr\u00f6\u00dfe, Form und Farbe einzigartig ist und immer dein Seelenstein zu dir kommt.<\/p>\n<p><strong>Hinweis<\/strong>: Die beschriebenen Wirkungen basieren auf Erfahrungen von Anwendern und Edelsteintherapeuten und sind wissenschaftlich nicht erwiesen. Sie ersetzen keine medizinische Diagnose oder Behandlung. Bitte konsultiere bei gesundheitlichen Beschwerden immer einen Arzt.<\/p>\n","protected":false},"excerpt":{"rendered":"<p>Baumachat Die wei\u00dfen Trommelsteine mit den gr\u00fcnen Adern erinnern an B\u00e4ume, \u00c4ste und Zweige, was diesem Quarz seinen Namen &#8222;Baumachat&#8220; gegeben hat. Die F\u00f6rderung von Beharrlichkeit, Stabilit\u00e4t und Ausdauer auch in unangenehmen Situationen sind die klassischen steinheilkundlichen Anwendungen f\u00fcr den Baumachat. Bitte beachte, dass jeder Stein in seiner Gr\u00f6\u00dfe, Form und Farbe einzigartig ist und [&hellip;]<\/p>\n<p><a class=\"read-more\" href=\"https:\/\/www.bynaldis-shop.com\/?product=baumachat\">Mehr lesen<span class=\"meta-nav\">&rarr;<\/span><\/a><\/p>\n","protected":false},"featured_media":8601,"template":"","meta":[],"product_brand":[],"product_cat":[206],"product_tag":[],"class_list":{"0":"post-8593","1":"product","2":"type-product","3":"status-publish","4":"has-post-thumbnail","6":"product_cat-trommelsteine","8":"first","9":"instock","10":"taxable","11":"shipping-taxable","12":"purchasable","13":"product-type-simple"},"_links":{"self":[{"href":"https:\/\/www.bynaldis-shop.com\/index.php?rest_route=\/wp\/v2\/product\/8593","targetHints":{"allow":["GET"]}}],"collection":[{"href":"https:\/\/www.bynaldis-shop.com\/index.php?rest_route=\/wp\/v2\/product"}],"about":[{"href":"https:\/\/www.bynaldis-shop.com\/index.php?rest_route=\/wp\/v2\/types\/product"}],"wp:featuredmedia":[{"embeddable":true,"href":"https:\/\/www.bynaldis-shop.com\/index.php?rest_route=\/wp\/v2\/media\/8601"}],"wp:attachment":[{"href":"https:\/\/www.bynaldis-shop.com\/index.php?rest_route=%2Fwp%2Fv2%2Fmedia&parent=8593"}],"wp:term":[{"taxonomy":"product_brand","embeddable":true,"href":"https:\/\/www.bynaldis-shop.com\/index.php?rest_route=%2Fwp%2Fv2%2Fproduct_brand&post=8593"},{"taxonomy":"product_cat","embeddable":true,"href":"https:\/\/www.bynaldis-shop.com\/index.php?rest_route=%2Fwp%2Fv2%2Fproduct_cat&post=8593"},{"taxonomy":"product_tag","embeddable":true,"href":"https:\/\/www.bynaldis-shop.com\/index.php?rest_route=%2Fwp%2Fv2%2Fproduct_tag&post=8593"}],"curies":[{"name":"wp","href":"https:\/\/api.w.org\/{rel}","templated":true}]}}