{"id":8591,"date":"2024-05-30T11:02:46","date_gmt":"2024-05-30T09:02:46","guid":{"rendered":"https:\/\/www.bynaldis-shop.com\/?post_type=product&#038;p=8591"},"modified":"2025-08-12T16:30:41","modified_gmt":"2025-08-12T14:30:41","slug":"leoparden-jaspis","status":"publish","type":"product","link":"https:\/\/www.bynaldis-shop.com\/?product=leoparden-jaspis","title":{"rendered":"Leoparden-Jaspis"},"content":{"rendered":"<p><strong>Leoparden-Jaspis<\/strong><\/p>\n<p>In der Gr\u00f6\u00dfe L (large) sind die Trommelsteine ca. 2,5 &#8211; 3,8cm gro\u00df.<\/p>\n<p>Der gefleckte Jaspis steht f\u00fcr die Themen Festigung, Verdeutlichung des Notwendigen und Ausgewogenheit zwischen Aktivit\u00e4t und Ruhe.<\/p>\n<p>Handelsname f\u00fcr dem Leopardenfell-Stein ist auch Leopardenfell-Jaspis, Leopardit, Leopardenfellrhyolith oder Leopoardenjaspis. Die im Gro\u00dfhandel gelegentlich anzutreffende Bezeichnung Poppy-Jaspis ist f\u00fcr den Leopardenfelljaspis nicht korrekt.<\/p>\n<p>Die erste wissenschaftliche Beschreibung des Rhyoliths erfolgte 1860 von Baron Ferdinand von Richthofen (1833 \u2013 1905). Der Name Rhyolith leitet sich von den beiden griechischen Worten \u201erhein\u201c (flie\u00dfen) und \u201elithos\u201c (Stein) ab und spielt auf die vulkanische Entstehung an. Von verschiedenen m\u00f6glichen Schreibweisen, z.B. Rhiolith, Riolith, Ryholith oder Ryolith, hat sich im Einzel- und Gro\u00dfhandel Rhyolith durchgesetzt. Augenjaspis ist ein bekanntes Synonym; veraltet sind die Bezeichnungen Quarzporphyr und Liparit.<\/p>\n<p>Bitte beachte, dass jeder Stein in seiner Gr\u00f6\u00dfe, Form und Farbe einzigartig ist und immer dein Seelenstein zu dir kommt.<\/p>\n<p><strong>Hinweis<\/strong>: Die beschriebenen Wirkungen basieren auf Erfahrungen von Anwendern und Edelsteintherapeuten und sind wissenschaftlich nicht erwiesen. Sie ersetzen keine medizinische Diagnose oder Behandlung. Bitte konsultiere bei gesundheitlichen Beschwerden immer einen Arzt.<\/p>\n","protected":false},"excerpt":{"rendered":"<p>Leoparden-Jaspis In der Gr\u00f6\u00dfe L (large) sind die Trommelsteine ca. 2,5 &#8211; 3,8cm gro\u00df. Der gefleckte Jaspis steht f\u00fcr die Themen Festigung, Verdeutlichung des Notwendigen und Ausgewogenheit zwischen Aktivit\u00e4t und Ruhe. Handelsname f\u00fcr dem Leopardenfell-Stein ist auch Leopardenfell-Jaspis, Leopardit, Leopardenfellrhyolith oder Leopoardenjaspis. Die im Gro\u00dfhandel gelegentlich anzutreffende Bezeichnung Poppy-Jaspis ist f\u00fcr den Leopardenfelljaspis nicht korrekt. [&hellip;]<\/p>\n<p><a class=\"read-more\" href=\"https:\/\/www.bynaldis-shop.com\/?product=leoparden-jaspis\">Mehr lesen<span class=\"meta-nav\">&rarr;<\/span><\/a><\/p>\n","protected":false},"featured_media":8592,"template":"","meta":[],"product_brand":[],"product_cat":[206],"product_tag":[],"class_list":{"0":"post-8591","1":"product","2":"type-product","3":"status-publish","4":"has-post-thumbnail","6":"product_cat-trommelsteine","8":"first","9":"instock","10":"taxable","11":"shipping-taxable","12":"purchasable","13":"product-type-simple"},"_links":{"self":[{"href":"https:\/\/www.bynaldis-shop.com\/index.php?rest_route=\/wp\/v2\/product\/8591","targetHints":{"allow":["GET"]}}],"collection":[{"href":"https:\/\/www.bynaldis-shop.com\/index.php?rest_route=\/wp\/v2\/product"}],"about":[{"href":"https:\/\/www.bynaldis-shop.com\/index.php?rest_route=\/wp\/v2\/types\/product"}],"wp:featuredmedia":[{"embeddable":true,"href":"https:\/\/www.bynaldis-shop.com\/index.php?rest_route=\/wp\/v2\/media\/8592"}],"wp:attachment":[{"href":"https:\/\/www.bynaldis-shop.com\/index.php?rest_route=%2Fwp%2Fv2%2Fmedia&parent=8591"}],"wp:term":[{"taxonomy":"product_brand","embeddable":true,"href":"https:\/\/www.bynaldis-shop.com\/index.php?rest_route=%2Fwp%2Fv2%2Fproduct_brand&post=8591"},{"taxonomy":"product_cat","embeddable":true,"href":"https:\/\/www.bynaldis-shop.com\/index.php?rest_route=%2Fwp%2Fv2%2Fproduct_cat&post=8591"},{"taxonomy":"product_tag","embeddable":true,"href":"https:\/\/www.bynaldis-shop.com\/index.php?rest_route=%2Fwp%2Fv2%2Fproduct_tag&post=8591"}],"curies":[{"name":"wp","href":"https:\/\/api.w.org\/{rel}","templated":true}]}}