{"id":8587,"date":"2024-05-30T10:57:43","date_gmt":"2024-05-30T08:57:43","guid":{"rendered":"https:\/\/www.bynaldis-shop.com\/?post_type=product&#038;p=8587"},"modified":"2025-08-12T16:31:58","modified_gmt":"2025-08-12T14:31:58","slug":"prasem","status":"publish","type":"product","link":"https:\/\/www.bynaldis-shop.com\/?product=prasem","title":{"rendered":"Prasem \u2013 Stein der Ausgeglichenheit &#038; sanften St\u00e4rke"},"content":{"rendered":"<h3 data-start=\"218\" data-end=\"283\"><strong data-start=\"225\" data-end=\"281\">Prasem \u2013 Stein der Ausgeglichenheit &amp; sanften St\u00e4rke<\/strong><\/h3>\n<p data-start=\"284\" data-end=\"313\"><strong data-start=\"284\" data-end=\"294\">Gr\u00f6\u00dfe:<\/strong> ca. 2,5 \u2013 4,5 cm<\/p>\n<p data-start=\"315\" data-end=\"630\">Der <strong data-start=\"319\" data-end=\"341\">dunkelgr\u00fcne Prasem<\/strong> ist nicht nur wundersch\u00f6n anzusehen, sondern auch eine <strong data-start=\"397\" data-end=\"414\">echte Rarit\u00e4t<\/strong>: Mit nur einer bekannten Fundstelle in Afrika wird dieser besondere Heilstein immer seltener. Durch langj\u00e4hrige Kontakte und etwas Gl\u00fcck konnten wir noch einen kleinen Posten sichern \u2013 <strong data-start=\"600\" data-end=\"630\">solange der Vorrat reicht!<\/strong><\/p>\n<p data-start=\"632\" data-end=\"879\">In der <strong data-start=\"639\" data-end=\"657\">Steinheilkunde<\/strong> wird der Prasem gesch\u00e4tzt f\u00fcr seine <strong data-start=\"694\" data-end=\"734\">ausgleichende, bes\u00e4nftigende Wirkung<\/strong>. Er hilft, <strong data-start=\"746\" data-end=\"778\">hitzige Gem\u00fcter zu beruhigen<\/strong>, f\u00f6rdert <strong data-start=\"788\" data-end=\"807\">innere Klarheit<\/strong> und unterst\u00fctzt dabei, <strong data-start=\"831\" data-end=\"876\">Konflikte mit Ruhe und Weitblick zu l\u00f6sen<\/strong>.<\/p>\n<p data-start=\"881\" data-end=\"1119\">Sein Name leitet sich vom griechischen Wort <em data-start=\"925\" data-end=\"935\">\u201eprasos\u201c<\/em> f\u00fcr <em data-start=\"940\" data-end=\"947\">Lauch<\/em> ab \u2013 eine Anspielung auf seine einzigartige, lauchgr\u00fcne F\u00e4rbung. Weitere Bezeichnungen sind <strong data-start=\"1040\" data-end=\"1054\">Lauchquarz<\/strong>, <strong data-start=\"1056\" data-end=\"1068\">Budstone<\/strong>, <strong data-start=\"1070\" data-end=\"1086\">Smaragdquarz<\/strong> oder auch <strong data-start=\"1097\" data-end=\"1118\">afrikanische Jade<\/strong>.<\/p>\n<p data-start=\"1121\" data-end=\"1147\">\u2728 <strong data-start=\"1123\" data-end=\"1146\">Wirkung &amp; Bedeutung<\/strong>:<\/p>\n<ul data-start=\"1148\" data-end=\"1390\">\n<li data-start=\"1148\" data-end=\"1208\">\n<p data-start=\"1150\" data-end=\"1208\">Bringt <strong data-start=\"1157\" data-end=\"1172\">innere Ruhe<\/strong> und <strong data-start=\"1177\" data-end=\"1208\">emotionale Ausgeglichenheit<\/strong><\/p>\n<\/li>\n<li data-start=\"1209\" data-end=\"1256\">\n<p data-start=\"1211\" data-end=\"1256\">Unterst\u00fctzt bei der <strong data-start=\"1231\" data-end=\"1256\">L\u00f6sung von Konflikten<\/strong><\/p>\n<\/li>\n<li data-start=\"1257\" data-end=\"1315\">\n<p data-start=\"1259\" data-end=\"1315\">F\u00f6rdert <strong data-start=\"1267\" data-end=\"1315\">Geduld, Toleranz und diplomatisches Geschick<\/strong><\/p>\n<\/li>\n<li data-start=\"1316\" data-end=\"1390\">\n<p data-start=\"1318\" data-end=\"1390\">Verbindet dich mit der <strong data-start=\"1341\" data-end=\"1359\">Kraft der Erde<\/strong> und der <strong data-start=\"1368\" data-end=\"1390\">Weisheit der Natur<\/strong><\/p>\n<\/li>\n<\/ul>\n<p data-start=\"1392\" data-end=\"1600\">\ud83d\udd39 <strong data-start=\"1395\" data-end=\"1406\">Hinweis<\/strong>:<br data-start=\"1407\" data-end=\"1410\" \/>Jeder Prasem-Trommelstein ist ein <strong data-start=\"1444\" data-end=\"1454\">Unikat<\/strong>, von der Natur in Farbe, Struktur und Form individuell geformt. <strong data-start=\"1519\" data-end=\"1539\">Dein Seelenstein<\/strong> findet intuitiv den Weg zu dir \u2013 einzigartig, wie du selbst.<\/p>\n<p data-start=\"1392\" data-end=\"1600\"><strong>Hinweis<\/strong>: Die beschriebenen Wirkungen basieren auf Erfahrungen von Anwendern und Edelsteintherapeuten und sind wissenschaftlich nicht erwiesen. Sie ersetzen keine medizinische Diagnose oder Behandlung. Bitte konsultiere bei gesundheitlichen Beschwerden immer einen Arzt.<\/p>\n","protected":false},"excerpt":{"rendered":"<p>Prasem \u2013 Stein der Ausgeglichenheit &amp; sanften St\u00e4rke Gr\u00f6\u00dfe: ca. 2,5 \u2013 4,5 cm Der dunkelgr\u00fcne Prasem ist nicht nur wundersch\u00f6n anzusehen, sondern auch eine echte Rarit\u00e4t: Mit nur einer bekannten Fundstelle in Afrika wird dieser besondere Heilstein immer seltener. Durch langj\u00e4hrige Kontakte und etwas Gl\u00fcck konnten wir noch einen kleinen Posten sichern \u2013 solange [&hellip;]<\/p>\n<p><a class=\"read-more\" href=\"https:\/\/www.bynaldis-shop.com\/?product=prasem\">Mehr lesen<span class=\"meta-nav\">&rarr;<\/span><\/a><\/p>\n","protected":false},"featured_media":8588,"template":"","meta":[],"product_brand":[],"product_cat":[206],"product_tag":[],"class_list":{"0":"post-8587","1":"product","2":"type-product","3":"status-publish","4":"has-post-thumbnail","6":"product_cat-trommelsteine","8":"first","9":"instock","10":"taxable","11":"shipping-taxable","12":"purchasable","13":"product-type-simple"},"_links":{"self":[{"href":"https:\/\/www.bynaldis-shop.com\/index.php?rest_route=\/wp\/v2\/product\/8587","targetHints":{"allow":["GET"]}}],"collection":[{"href":"https:\/\/www.bynaldis-shop.com\/index.php?rest_route=\/wp\/v2\/product"}],"about":[{"href":"https:\/\/www.bynaldis-shop.com\/index.php?rest_route=\/wp\/v2\/types\/product"}],"wp:featuredmedia":[{"embeddable":true,"href":"https:\/\/www.bynaldis-shop.com\/index.php?rest_route=\/wp\/v2\/media\/8588"}],"wp:attachment":[{"href":"https:\/\/www.bynaldis-shop.com\/index.php?rest_route=%2Fwp%2Fv2%2Fmedia&parent=8587"}],"wp:term":[{"taxonomy":"product_brand","embeddable":true,"href":"https:\/\/www.bynaldis-shop.com\/index.php?rest_route=%2Fwp%2Fv2%2Fproduct_brand&post=8587"},{"taxonomy":"product_cat","embeddable":true,"href":"https:\/\/www.bynaldis-shop.com\/index.php?rest_route=%2Fwp%2Fv2%2Fproduct_cat&post=8587"},{"taxonomy":"product_tag","embeddable":true,"href":"https:\/\/www.bynaldis-shop.com\/index.php?rest_route=%2Fwp%2Fv2%2Fproduct_tag&post=8587"}],"curies":[{"name":"wp","href":"https:\/\/api.w.org\/{rel}","templated":true}]}}