{"id":8585,"date":"2024-05-30T10:54:54","date_gmt":"2024-05-30T08:54:54","guid":{"rendered":"https:\/\/www.bynaldis-shop.com\/?post_type=product&#038;p=8585"},"modified":"2025-08-12T16:32:32","modified_gmt":"2025-08-12T14:32:32","slug":"schwarzer-turmalin-schoerl","status":"publish","type":"product","link":"https:\/\/www.bynaldis-shop.com\/?product=schwarzer-turmalin-schoerl","title":{"rendered":"Schwarzer Turmalin (Sch\u00f6rl) \u2013 Stein des Schutzes &#038; der inneren Ruhe"},"content":{"rendered":"<h3 data-start=\"133\" data-end=\"226\"><em data-start=\"155\" data-end=\"184\">Schwarzer Turmalin (Sch\u00f6rl)<\/em> \u2013 Stein des Schutzes &amp; der inneren Ruhe<\/h3>\n<p data-start=\"227\" data-end=\"248\">Gr\u00f6\u00dfe: ca. 20\u201335 mm<\/p>\n<p data-start=\"250\" data-end=\"534\">Der <strong data-start=\"254\" data-end=\"275\">schwarze Turmalin<\/strong>, auch <em data-start=\"282\" data-end=\"290\">Sch\u00f6rl<\/em> genannt, ist ein kraftvoller <strong data-start=\"320\" data-end=\"335\">Schutzstein<\/strong>, der in der Steinheilkunde einen besonderen Platz einnimmt. Er hilft dabei, <strong data-start=\"412\" data-end=\"444\">negative Energien abzuleiten<\/strong>, sch\u00fctzt vor \u00e4u\u00dferen Einfl\u00fcssen und schenkt <strong data-start=\"489\" data-end=\"533\">Stabilit\u00e4t, innere Ruhe und Gelassenheit<\/strong>.<\/p>\n<p data-start=\"536\" data-end=\"741\">In herausfordernden Zeiten unterst\u00fctzt er dich wie ein energetischer Anker \u2013 <strong data-start=\"613\" data-end=\"648\">kl\u00e4rend, st\u00e4rkend und sch\u00fctzend<\/strong>. Er erdet dich sanft und hilft dir dabei, dich wieder mit deiner eigenen Kraft zu verbinden.<\/p>\n<p data-start=\"743\" data-end=\"769\">\u2728 <strong data-start=\"745\" data-end=\"768\">Wirkung &amp; Bedeutung<\/strong>:<\/p>\n<ul data-start=\"770\" data-end=\"1016\">\n<li data-start=\"770\" data-end=\"828\">\n<p data-start=\"772\" data-end=\"828\">Der klassische <strong data-start=\"787\" data-end=\"826\">Schutzstein gegen negative Energien<\/strong><\/p>\n<\/li>\n<li data-start=\"829\" data-end=\"881\">\n<p data-start=\"831\" data-end=\"881\">F\u00f6rdert <strong data-start=\"839\" data-end=\"879\">innere Stabilit\u00e4t, Ruhe und Klarheit<\/strong><\/p>\n<\/li>\n<li data-start=\"882\" data-end=\"940\">\n<p data-start=\"884\" data-end=\"940\">Unterst\u00fctzt dich in der <strong data-start=\"908\" data-end=\"938\">Abgrenzung und Zentrierung<\/strong><\/p>\n<\/li>\n<li data-start=\"941\" data-end=\"1016\">\n<p data-start=\"943\" data-end=\"1016\">Ein starker Begleiter f\u00fcr emotionale Balance und energetische Reinigung<\/p>\n<\/li>\n<\/ul>\n<p data-start=\"1018\" data-end=\"1223\">\ud83d\udd39 <strong data-start=\"1021\" data-end=\"1032\">Hinweis<\/strong>:<br data-start=\"1033\" data-end=\"1036\" \/>Jeder <strong data-start=\"1042\" data-end=\"1071\">geschliffene Trommelstein<\/strong> ist ein Unikat \u2013 in Farbe, Form und Struktur einzigartig von der Natur erschaffen. <strong data-start=\"1155\" data-end=\"1175\">Dein Seelenstein<\/strong> findet genau dann zu dir, wenn du ihn brauchst.<\/p>\n<p data-start=\"1018\" data-end=\"1223\"><strong>Hinweis<\/strong>: Die beschriebenen Wirkungen basieren auf Erfahrungen von Anwendern und Edelsteintherapeuten und sind wissenschaftlich nicht erwiesen. Sie ersetzen keine medizinische Diagnose oder Behandlung. Bitte konsultiere bei gesundheitlichen Beschwerden immer einen Arzt.<\/p>\n","protected":false},"excerpt":{"rendered":"<p>Schwarzer Turmalin (Sch\u00f6rl) \u2013 Stein des Schutzes &amp; der inneren Ruhe Gr\u00f6\u00dfe: ca. 20\u201335 mm Der schwarze Turmalin, auch Sch\u00f6rl genannt, ist ein kraftvoller Schutzstein, der in der Steinheilkunde einen besonderen Platz einnimmt. Er hilft dabei, negative Energien abzuleiten, sch\u00fctzt vor \u00e4u\u00dferen Einfl\u00fcssen und schenkt Stabilit\u00e4t, innere Ruhe und Gelassenheit. In herausfordernden Zeiten unterst\u00fctzt er [&hellip;]<\/p>\n<p><a class=\"read-more\" href=\"https:\/\/www.bynaldis-shop.com\/?product=schwarzer-turmalin-schoerl\">Mehr lesen<span class=\"meta-nav\">&rarr;<\/span><\/a><\/p>\n","protected":false},"featured_media":8586,"template":"","meta":[],"product_brand":[],"product_cat":[206],"product_tag":[],"class_list":{"0":"post-8585","1":"product","2":"type-product","3":"status-publish","4":"has-post-thumbnail","6":"product_cat-trommelsteine","8":"first","9":"instock","10":"taxable","11":"shipping-taxable","12":"purchasable","13":"product-type-simple"},"_links":{"self":[{"href":"https:\/\/www.bynaldis-shop.com\/index.php?rest_route=\/wp\/v2\/product\/8585","targetHints":{"allow":["GET"]}}],"collection":[{"href":"https:\/\/www.bynaldis-shop.com\/index.php?rest_route=\/wp\/v2\/product"}],"about":[{"href":"https:\/\/www.bynaldis-shop.com\/index.php?rest_route=\/wp\/v2\/types\/product"}],"wp:featuredmedia":[{"embeddable":true,"href":"https:\/\/www.bynaldis-shop.com\/index.php?rest_route=\/wp\/v2\/media\/8586"}],"wp:attachment":[{"href":"https:\/\/www.bynaldis-shop.com\/index.php?rest_route=%2Fwp%2Fv2%2Fmedia&parent=8585"}],"wp:term":[{"taxonomy":"product_brand","embeddable":true,"href":"https:\/\/www.bynaldis-shop.com\/index.php?rest_route=%2Fwp%2Fv2%2Fproduct_brand&post=8585"},{"taxonomy":"product_cat","embeddable":true,"href":"https:\/\/www.bynaldis-shop.com\/index.php?rest_route=%2Fwp%2Fv2%2Fproduct_cat&post=8585"},{"taxonomy":"product_tag","embeddable":true,"href":"https:\/\/www.bynaldis-shop.com\/index.php?rest_route=%2Fwp%2Fv2%2Fproduct_tag&post=8585"}],"curies":[{"name":"wp","href":"https:\/\/api.w.org\/{rel}","templated":true}]}}