{"id":8583,"date":"2024-05-30T10:51:21","date_gmt":"2024-05-30T08:51:21","guid":{"rendered":"https:\/\/www.bynaldis-shop.com\/?post_type=product&#038;p=8583"},"modified":"2025-08-12T16:33:07","modified_gmt":"2025-08-12T14:33:07","slug":"lapislazuli-xl","status":"publish","type":"product","link":"https:\/\/www.bynaldis-shop.com\/?product=lapislazuli-xl","title":{"rendered":"XL Trommelstein Lapislazuli \u2013 Stein der Wahrheit &#038; Aufrichtigkeit"},"content":{"rendered":"<h3 data-start=\"127\" data-end=\"203\">XL Trommelstein <em data-start=\"150\" data-end=\"163\">Lapislazuli<\/em> \u2013 Stein der Wahrheit &amp; Aufrichtigkeit<\/h3>\n<p data-start=\"204\" data-end=\"227\">Gr\u00f6\u00dfe: ca. 2,5\u20133,5 cm<\/p>\n<p data-start=\"229\" data-end=\"581\">Der tiefblaue <strong data-start=\"243\" data-end=\"258\">Lapislazuli<\/strong> gilt seit Jahrtausenden als Stein der K\u00f6nige und Wahrheitssucher. In der Steinheilkunde wird er gesch\u00e4tzt f\u00fcr seine F\u00e4higkeit, <strong data-start=\"386\" data-end=\"440\">Aufrichtigkeit, Kontaktfreude und inneren Ausdruck<\/strong> zu st\u00e4rken. Er unterst\u00fctzt dich darin, <strong data-start=\"480\" data-end=\"551\">deine Wahrheit zu sprechen und auch die Wahrheit anderer anzunehmen<\/strong> \u2013 mit Mut, Klarheit und Herz.<\/p>\n<p data-start=\"583\" data-end=\"818\">Schon im alten \u00c4gypten wurde Lapislazuli als <strong data-start=\"628\" data-end=\"654\">heiliger Stein verehrt<\/strong> und fand seinen Platz in k\u00f6niglichen Totenmasken \u2013 ein Symbol f\u00fcr die Verbindung zur g\u00f6ttlichen Weisheit. Deshalb wird er auch als <strong data-start=\"786\" data-end=\"804\">Pharaonenstein<\/strong> bezeichnet.<\/p>\n<p data-start=\"820\" data-end=\"846\">\u2728 <strong data-start=\"822\" data-end=\"845\">Wirkung &amp; Bedeutung<\/strong>:<\/p>\n<ul data-start=\"847\" data-end=\"1088\">\n<li data-start=\"847\" data-end=\"895\">\n<p data-start=\"849\" data-end=\"895\">F\u00f6rdert <strong data-start=\"857\" data-end=\"893\">Selbstausdruck und Authentizit\u00e4t<\/strong><\/p>\n<\/li>\n<li data-start=\"896\" data-end=\"951\">\n<p data-start=\"898\" data-end=\"951\">Unterst\u00fctzt dich beim <strong data-start=\"920\" data-end=\"949\">ehrlichen, offenen Dialog<\/strong><\/p>\n<\/li>\n<li data-start=\"952\" data-end=\"1001\">\n<p data-start=\"954\" data-end=\"1001\">St\u00e4rkt das Vertrauen in deine innere Wahrheit<\/p>\n<\/li>\n<li data-start=\"1002\" data-end=\"1088\">\n<p data-start=\"1004\" data-end=\"1088\">Ein kraftvoller Begleiter bei Meditation, Kommunikation oder pers\u00f6nlichem Wachstum<\/p>\n<\/li>\n<\/ul>\n<p data-start=\"1090\" data-end=\"1303\">\ud83d\udd39 <strong data-start=\"1093\" data-end=\"1104\">Hinweis<\/strong>:<br data-start=\"1105\" data-end=\"1108\" \/>Jeder <strong data-start=\"1114\" data-end=\"1133\">XL Trommelstein<\/strong> ist ein liebevoll geschliffenes Unikat mit einzigartiger Struktur, Farbe und Energie. <strong data-start=\"1220\" data-end=\"1253\">Dein pers\u00f6nlicher Seelenstein<\/strong> findet genau zur richtigen Zeit den Weg zu dir.<\/p>\n<p data-start=\"1090\" data-end=\"1303\"><strong>Hinweis:<\/strong> Die beschriebenen Wirkungen basieren auf Erfahrungen von Anwendern und Edelsteintherapeuten und sind wissenschaftlich nicht erwiesen. Sie ersetzen keine medizinische Diagnose oder Behandlung. Bitte konsultiere bei gesundheitlichen Beschwerden immer einen Arzt.<\/p>\n","protected":false},"excerpt":{"rendered":"<p>XL Trommelstein Lapislazuli \u2013 Stein der Wahrheit &amp; Aufrichtigkeit Gr\u00f6\u00dfe: ca. 2,5\u20133,5 cm Der tiefblaue Lapislazuli gilt seit Jahrtausenden als Stein der K\u00f6nige und Wahrheitssucher. In der Steinheilkunde wird er gesch\u00e4tzt f\u00fcr seine F\u00e4higkeit, Aufrichtigkeit, Kontaktfreude und inneren Ausdruck zu st\u00e4rken. Er unterst\u00fctzt dich darin, deine Wahrheit zu sprechen und auch die Wahrheit anderer anzunehmen [&hellip;]<\/p>\n<p><a class=\"read-more\" href=\"https:\/\/www.bynaldis-shop.com\/?product=lapislazuli-xl\">Mehr lesen<span class=\"meta-nav\">&rarr;<\/span><\/a><\/p>\n","protected":false},"featured_media":8584,"template":"","meta":[],"product_brand":[],"product_cat":[206],"product_tag":[],"class_list":{"0":"post-8583","1":"product","2":"type-product","3":"status-publish","4":"has-post-thumbnail","6":"product_cat-trommelsteine","8":"first","9":"instock","10":"taxable","11":"shipping-taxable","12":"purchasable","13":"product-type-simple"},"_links":{"self":[{"href":"https:\/\/www.bynaldis-shop.com\/index.php?rest_route=\/wp\/v2\/product\/8583","targetHints":{"allow":["GET"]}}],"collection":[{"href":"https:\/\/www.bynaldis-shop.com\/index.php?rest_route=\/wp\/v2\/product"}],"about":[{"href":"https:\/\/www.bynaldis-shop.com\/index.php?rest_route=\/wp\/v2\/types\/product"}],"wp:featuredmedia":[{"embeddable":true,"href":"https:\/\/www.bynaldis-shop.com\/index.php?rest_route=\/wp\/v2\/media\/8584"}],"wp:attachment":[{"href":"https:\/\/www.bynaldis-shop.com\/index.php?rest_route=%2Fwp%2Fv2%2Fmedia&parent=8583"}],"wp:term":[{"taxonomy":"product_brand","embeddable":true,"href":"https:\/\/www.bynaldis-shop.com\/index.php?rest_route=%2Fwp%2Fv2%2Fproduct_brand&post=8583"},{"taxonomy":"product_cat","embeddable":true,"href":"https:\/\/www.bynaldis-shop.com\/index.php?rest_route=%2Fwp%2Fv2%2Fproduct_cat&post=8583"},{"taxonomy":"product_tag","embeddable":true,"href":"https:\/\/www.bynaldis-shop.com\/index.php?rest_route=%2Fwp%2Fv2%2Fproduct_tag&post=8583"}],"curies":[{"name":"wp","href":"https:\/\/api.w.org\/{rel}","templated":true}]}}