{"id":8578,"date":"2024-05-28T15:25:45","date_gmt":"2024-05-28T13:25:45","guid":{"rendered":"https:\/\/www.bynaldis-shop.com\/?post_type=product&#038;p=8578"},"modified":"2025-10-21T19:13:20","modified_gmt":"2025-10-21T17:13:20","slug":"raeucherstaebchenhalter-aus-sandstein-lang","status":"publish","type":"product","link":"https:\/\/www.bynaldis-shop.com\/?product=raeucherstaebchenhalter-aus-sandstein-lang","title":{"rendered":"R\u00e4ucherst\u00e4bchenhalter Blume des Lebens \u2013 aus Sandstein, lang"},"content":{"rendered":"<h3 data-start=\"126\" data-end=\"198\">R\u00e4ucherst\u00e4bchenhalter <em data-start=\"156\" data-end=\"174\">Blume des Lebens<\/em> \u2013 aus Sandstein, lang<\/h3>\n<p data-start=\"200\" data-end=\"498\">Ein stilvoller und kraftvoller Begleiter f\u00fcr deine R\u00e4ucherrituale:<br data-start=\"266\" data-end=\"269\" \/>Dieser <strong data-start=\"276\" data-end=\"320\">edle R\u00e4ucherst\u00e4bchenhalter aus Sandstein<\/strong> besticht durch sein klares, naturverbundenes Design und den <strong data-start=\"381\" data-end=\"429\">aufgedruckten Kraftsymbol \u201eBlume des Lebens\u201c<\/strong> \u2013 ein uraltes Zeichen f\u00fcr Harmonie, Schutz und energetische Ordnung.<\/p>\n<p data-start=\"500\" data-end=\"698\">Die l\u00e4ngliche Form (25,5 x 5 cm) bietet viel Platz f\u00fcr herabfallende Asche und macht ihn zu einem <strong data-start=\"598\" data-end=\"645\">praktischen wie auch dekorativen Accessoire<\/strong> auf jedem Altar, Fensterbrett oder Meditationsplatz.<\/p>\n<p data-start=\"700\" data-end=\"797\">\u2728 Ideal f\u00fcr deine Lieblingsr\u00e4ucherst\u00e4bchen \u2013 f\u00fcr Momente der Ruhe, Reinigung und inneren Einkehr.<\/p>\n<p data-start=\"700\" data-end=\"797\">Und weil ein sch\u00f6ner Halter noch mehr Freude macht mit dem passenden Duft, findest du in unserem Shop eine gro\u00dfe Auswahl an herrlichen R\u00e4ucherst\u00e4bchen \u2013 von sanft blumig bis w\u00fcrzig warm. St\u00f6bere gern ein bisschen, lass dich von den D\u00fcften inspirieren und finde genau die Aromen, die dein Herz ber\u00fchren.<\/p>\n<p data-start=\"700\" data-end=\"797\">\n","protected":false},"excerpt":{"rendered":"<p>R\u00e4ucherst\u00e4bchenhalter Blume des Lebens \u2013 aus Sandstein, lang Ein stilvoller und kraftvoller Begleiter f\u00fcr deine R\u00e4ucherrituale:Dieser edle R\u00e4ucherst\u00e4bchenhalter aus Sandstein besticht durch sein klares, naturverbundenes Design und den aufgedruckten Kraftsymbol \u201eBlume des Lebens\u201c \u2013 ein uraltes Zeichen f\u00fcr Harmonie, Schutz und energetische Ordnung. Die l\u00e4ngliche Form (25,5 x 5 cm) bietet viel Platz f\u00fcr herabfallende [&hellip;]<\/p>\n<p><a class=\"read-more\" href=\"https:\/\/www.bynaldis-shop.com\/?product=raeucherstaebchenhalter-aus-sandstein-lang\">Mehr lesen<span class=\"meta-nav\">&rarr;<\/span><\/a><\/p>\n","protected":false},"featured_media":8579,"template":"","meta":[],"product_brand":[],"product_cat":[252],"product_tag":[],"class_list":{"0":"post-8578","1":"product","2":"type-product","3":"status-publish","4":"has-post-thumbnail","6":"product_cat-zubehoer","8":"first","9":"instock","10":"taxable","11":"shipping-taxable","12":"purchasable","13":"product-type-simple"},"_links":{"self":[{"href":"https:\/\/www.bynaldis-shop.com\/index.php?rest_route=\/wp\/v2\/product\/8578","targetHints":{"allow":["GET"]}}],"collection":[{"href":"https:\/\/www.bynaldis-shop.com\/index.php?rest_route=\/wp\/v2\/product"}],"about":[{"href":"https:\/\/www.bynaldis-shop.com\/index.php?rest_route=\/wp\/v2\/types\/product"}],"wp:featuredmedia":[{"embeddable":true,"href":"https:\/\/www.bynaldis-shop.com\/index.php?rest_route=\/wp\/v2\/media\/8579"}],"wp:attachment":[{"href":"https:\/\/www.bynaldis-shop.com\/index.php?rest_route=%2Fwp%2Fv2%2Fmedia&parent=8578"}],"wp:term":[{"taxonomy":"product_brand","embeddable":true,"href":"https:\/\/www.bynaldis-shop.com\/index.php?rest_route=%2Fwp%2Fv2%2Fproduct_brand&post=8578"},{"taxonomy":"product_cat","embeddable":true,"href":"https:\/\/www.bynaldis-shop.com\/index.php?rest_route=%2Fwp%2Fv2%2Fproduct_cat&post=8578"},{"taxonomy":"product_tag","embeddable":true,"href":"https:\/\/www.bynaldis-shop.com\/index.php?rest_route=%2Fwp%2Fv2%2Fproduct_tag&post=8578"}],"curies":[{"name":"wp","href":"https:\/\/api.w.org\/{rel}","templated":true}]}}