{"id":8570,"date":"2024-05-28T15:04:58","date_gmt":"2024-05-28T13:04:58","guid":{"rendered":"https:\/\/www.bynaldis-shop.com\/?post_type=product&#038;p=8570"},"modified":"2025-10-21T19:12:36","modified_gmt":"2025-10-21T17:12:36","slug":"notizheft-herz","status":"publish","type":"product","link":"https:\/\/www.bynaldis-shop.com\/?product=notizheft-herz","title":{"rendered":"Notizheft Herz \u2013 Raum f\u00fcr deine Gedanken"},"content":{"rendered":"<h3 data-start=\"154\" data-end=\"205\">Notizheft <em data-start=\"171\" data-end=\"177\">Herz<\/em> \u2013 Raum f\u00fcr deine Gedanken<\/h3>\n<p data-start=\"207\" data-end=\"407\">Unser liebevoll gestaltetes Notizheft im <strong data-start=\"248\" data-end=\"272\">handlichen A6-Format<\/strong> schenkt dir Platz f\u00fcr all das, was dir wichtig ist: Gedanken, W\u00fcnsche, Tr\u00e4ume, Erkenntnisse oder einfach deine t\u00e4gliche To-do-Liste.<\/p>\n<p data-start=\"409\" data-end=\"681\">Mit seinem sanften Design und dem zarten <strong data-start=\"450\" data-end=\"478\">Herz-Motiv auf dem Cover<\/strong> l\u00e4dt es dich ein, wieder mehr zu schreiben \u2013 ganz intuitiv und nur f\u00fcr dich. Ob als Tagebuch, Ideensammler oder Begleiter f\u00fcr besondere Momente \u2013 dieses Heft ber\u00fchrt die Seele und inspiriert das Herz.<\/p>\n<p data-start=\"683\" data-end=\"812\">\u2728 <strong data-start=\"685\" data-end=\"707\">Besonders geeignet<\/strong> als Geschenk f\u00fcr Herzensmenschen \u2013 oder f\u00fcr dich selbst, wenn du wieder n\u00e4her bei dir ankommen m\u00f6chtest.<\/p>\n","protected":false},"excerpt":{"rendered":"<p>Notizheft Herz \u2013 Raum f\u00fcr deine Gedanken Unser liebevoll gestaltetes Notizheft im handlichen A6-Format schenkt dir Platz f\u00fcr all das, was dir wichtig ist: Gedanken, W\u00fcnsche, Tr\u00e4ume, Erkenntnisse oder einfach deine t\u00e4gliche To-do-Liste. Mit seinem sanften Design und dem zarten Herz-Motiv auf dem Cover l\u00e4dt es dich ein, wieder mehr zu schreiben \u2013 ganz intuitiv [&hellip;]<\/p>\n<p><a class=\"read-more\" href=\"https:\/\/www.bynaldis-shop.com\/?product=notizheft-herz\">Mehr lesen<span class=\"meta-nav\">&rarr;<\/span><\/a><\/p>\n","protected":false},"featured_media":9047,"template":"","meta":[],"product_brand":[],"product_cat":[190],"product_tag":[],"class_list":{"0":"post-8570","1":"product","2":"type-product","3":"status-publish","4":"has-post-thumbnail","6":"product_cat-notizhefte","8":"first","9":"instock","10":"taxable","11":"shipping-taxable","12":"purchasable","13":"product-type-simple"},"_links":{"self":[{"href":"https:\/\/www.bynaldis-shop.com\/index.php?rest_route=\/wp\/v2\/product\/8570","targetHints":{"allow":["GET"]}}],"collection":[{"href":"https:\/\/www.bynaldis-shop.com\/index.php?rest_route=\/wp\/v2\/product"}],"about":[{"href":"https:\/\/www.bynaldis-shop.com\/index.php?rest_route=\/wp\/v2\/types\/product"}],"wp:featuredmedia":[{"embeddable":true,"href":"https:\/\/www.bynaldis-shop.com\/index.php?rest_route=\/wp\/v2\/media\/9047"}],"wp:attachment":[{"href":"https:\/\/www.bynaldis-shop.com\/index.php?rest_route=%2Fwp%2Fv2%2Fmedia&parent=8570"}],"wp:term":[{"taxonomy":"product_brand","embeddable":true,"href":"https:\/\/www.bynaldis-shop.com\/index.php?rest_route=%2Fwp%2Fv2%2Fproduct_brand&post=8570"},{"taxonomy":"product_cat","embeddable":true,"href":"https:\/\/www.bynaldis-shop.com\/index.php?rest_route=%2Fwp%2Fv2%2Fproduct_cat&post=8570"},{"taxonomy":"product_tag","embeddable":true,"href":"https:\/\/www.bynaldis-shop.com\/index.php?rest_route=%2Fwp%2Fv2%2Fproduct_tag&post=8570"}],"curies":[{"name":"wp","href":"https:\/\/api.w.org\/{rel}","templated":true}]}}