{"id":8566,"date":"2024-05-28T14:57:09","date_gmt":"2024-05-28T12:57:09","guid":{"rendered":"https:\/\/www.bynaldis-shop.com\/?post_type=product&#038;p=8566"},"modified":"2025-10-21T19:12:00","modified_gmt":"2025-10-21T17:12:00","slug":"drachenblut","status":"publish","type":"product","link":"https:\/\/www.bynaldis-shop.com\/?product=drachenblut","title":{"rendered":"Drachenblut \u2013 Kraft &#038; Schutz aus der Natur"},"content":{"rendered":"<h3 data-start=\"107\" data-end=\"158\">Drachenblut \u2013 Kraft &amp; Schutz aus der Natur<\/h3>\n<p data-start=\"159\" data-end=\"216\"><strong data-start=\"159\" data-end=\"216\">30 g im T\u00fctchen | reines Harz der Drachenblutgew\u00e4chse<\/strong><\/p>\n<p data-start=\"218\" data-end=\"633\">Das tiefrote Harz des Drachenbluts tr\u00e4gt eine uralte, kraftvolle Energie in sich. Es wirkt <strong data-start=\"309\" data-end=\"338\">erdend und stabilisierend<\/strong>, st\u00e4rkt unser <strong data-start=\"353\" data-end=\"370\">Wurzel-Chakra<\/strong> und schenkt uns ein kraftvolles Schutzfeld gegen negative Einfl\u00fcsse. In Ritualen und R\u00e4ucherungen entfaltet es seine besondere St\u00e4rke: Es verleiht uns <strong data-start=\"522\" data-end=\"538\">Drachenkraft<\/strong>, hilft uns bei <strong data-start=\"554\" data-end=\"579\">klaren Entscheidungen<\/strong> und bringt uns ganz in das <strong data-start=\"607\" data-end=\"625\">Hier und Jetzt<\/strong> zur\u00fcck.<\/p>\n<p data-start=\"635\" data-end=\"749\">Der <strong data-start=\"639\" data-end=\"660\">w\u00fcrzig-herbe Duft<\/strong> ist markant und intensiv \u2013 perfekt f\u00fcr alle, die bewusst und kraftvoll r\u00e4uchern m\u00f6chten.<\/p>\n<p data-start=\"751\" data-end=\"912\">\u2728 <strong data-start=\"753\" data-end=\"767\">Anwendung:<\/strong> Ideal zum R\u00e4uchern auf Kohle oder einem Siebgef\u00e4\u00df.<br data-start=\"818\" data-end=\"821\" \/>\ud83c\udf3f <strong data-start=\"824\" data-end=\"836\">Wirkung:<\/strong> Sch\u00fctzend, st\u00e4rkend, kl\u00e4rend, zentrierend.<br data-start=\"879\" data-end=\"882\" \/>\ud83d\udce6 <strong data-start=\"885\" data-end=\"896\">Inhalt:<\/strong> 30 g im T\u00fctchen<\/p>\n<p data-start=\"914\" data-end=\"1044\">Ein kraftvoller Begleiter f\u00fcr Schutzrituale, Energiearbeit oder einfach f\u00fcr Momente, in denen du bei dir selbst ankommen m\u00f6chtest.<\/p>\n","protected":false},"excerpt":{"rendered":"<p>Drachenblut \u2013 Kraft &amp; Schutz aus der Natur 30 g im T\u00fctchen | reines Harz der Drachenblutgew\u00e4chse Das tiefrote Harz des Drachenbluts tr\u00e4gt eine uralte, kraftvolle Energie in sich. Es wirkt erdend und stabilisierend, st\u00e4rkt unser Wurzel-Chakra und schenkt uns ein kraftvolles Schutzfeld gegen negative Einfl\u00fcsse. In Ritualen und R\u00e4ucherungen entfaltet es seine besondere St\u00e4rke: [&hellip;]<\/p>\n<p><a class=\"read-more\" href=\"https:\/\/www.bynaldis-shop.com\/?product=drachenblut\">Mehr lesen<span class=\"meta-nav\">&rarr;<\/span><\/a><\/p>\n","protected":false},"featured_media":8490,"template":"","meta":[],"product_brand":[],"product_cat":[197],"product_tag":[],"class_list":{"0":"post-8566","1":"product","2":"type-product","3":"status-publish","4":"has-post-thumbnail","6":"product_cat-raeucherzubehoer","8":"first","9":"instock","10":"taxable","11":"shipping-taxable","12":"purchasable","13":"product-type-simple"},"_links":{"self":[{"href":"https:\/\/www.bynaldis-shop.com\/index.php?rest_route=\/wp\/v2\/product\/8566","targetHints":{"allow":["GET"]}}],"collection":[{"href":"https:\/\/www.bynaldis-shop.com\/index.php?rest_route=\/wp\/v2\/product"}],"about":[{"href":"https:\/\/www.bynaldis-shop.com\/index.php?rest_route=\/wp\/v2\/types\/product"}],"wp:featuredmedia":[{"embeddable":true,"href":"https:\/\/www.bynaldis-shop.com\/index.php?rest_route=\/wp\/v2\/media\/8490"}],"wp:attachment":[{"href":"https:\/\/www.bynaldis-shop.com\/index.php?rest_route=%2Fwp%2Fv2%2Fmedia&parent=8566"}],"wp:term":[{"taxonomy":"product_brand","embeddable":true,"href":"https:\/\/www.bynaldis-shop.com\/index.php?rest_route=%2Fwp%2Fv2%2Fproduct_brand&post=8566"},{"taxonomy":"product_cat","embeddable":true,"href":"https:\/\/www.bynaldis-shop.com\/index.php?rest_route=%2Fwp%2Fv2%2Fproduct_cat&post=8566"},{"taxonomy":"product_tag","embeddable":true,"href":"https:\/\/www.bynaldis-shop.com\/index.php?rest_route=%2Fwp%2Fv2%2Fproduct_tag&post=8566"}],"curies":[{"name":"wp","href":"https:\/\/api.w.org\/{rel}","templated":true}]}}