{"id":8531,"date":"2024-05-28T09:21:42","date_gmt":"2024-05-28T07:21:42","guid":{"rendered":"https:\/\/www.bynaldis-shop.com\/?post_type=product&#038;p=8531"},"modified":"2025-10-21T19:08:55","modified_gmt":"2025-10-21T17:08:55","slug":"stoevchen-rot","status":"publish","type":"product","link":"https:\/\/www.bynaldis-shop.com\/?product=stoevchen-rot","title":{"rendered":"R\u00e4ucherst\u00f6vchen mit Sieb \u2013 in warmem Rot"},"content":{"rendered":"<h3 data-start=\"145\" data-end=\"192\">R\u00e4ucherst\u00f6vchen mit Sieb \u2013 in warmem Rot<\/h3>\n<p data-start=\"194\" data-end=\"482\">Dieses <strong data-start=\"201\" data-end=\"258\">stilvolle R\u00e4ucherst\u00f6vchen in einem kraftvollen Rotton<\/strong> bringt W\u00e4rme, Harmonie und eine Prise Magie in dein Zuhause. Es ist nicht nur ein praktisches R\u00e4ucherwerkzeug, sondern auch ein echter Blickfang \u2013 besonders in der dunkleren Jahreszeit oder bei deinen spirituellen Ritualen.<\/p>\n<p data-start=\"484\" data-end=\"741\">Mit dem <strong data-start=\"492\" data-end=\"513\">feinen Metallsieb<\/strong> kannst du Harze, Kr\u00e4uter und Mischungen besonders sanft und wirkungsvoll verr\u00e4uchern. Das St\u00f6vchen eignet sich hervorragend f\u00fcr l\u00e4ngere Rituale, Meditationen oder zum energetischen Reinigen deiner R\u00e4ume \u2013 ganz ohne offene Glut.<\/p>\n<p data-start=\"743\" data-end=\"757\">\u2728 <strong data-start=\"745\" data-end=\"757\">Details:<\/strong><\/p>\n<ul data-start=\"759\" data-end=\"1050\">\n<li data-start=\"759\" data-end=\"810\">\n<p data-start=\"761\" data-end=\"810\">Aus robuster Keramik mit leuchtend roter Glasur<\/p>\n<\/li>\n<li data-start=\"811\" data-end=\"878\">\n<p data-start=\"813\" data-end=\"878\">Mit <strong data-start=\"817\" data-end=\"847\">herausnehmbarem Metallsieb<\/strong> \u2013 ideal f\u00fcr sanftes R\u00e4uchern<\/p>\n<\/li>\n<li data-start=\"879\" data-end=\"941\">\n<p data-start=\"881\" data-end=\"941\">F\u00fcr Kr\u00e4uter, Harze, H\u00f6lzer oder R\u00e4uchermischungen geeignet<\/p>\n<\/li>\n<li data-start=\"942\" data-end=\"986\">\n<p data-start=\"944\" data-end=\"986\">Betrieb mit Teelicht \u2013 kein Kohlenbrauch<\/p>\n<\/li>\n<\/ul>\n<p data-start=\"1052\" data-end=\"1243\">Das rote R\u00e4ucherst\u00f6vchen vereint <strong data-start=\"1085\" data-end=\"1121\">Sinnlichkeit, Erdung und Energie<\/strong> \u2013 perfekt f\u00fcr dein R\u00e4ucher-Ritual oder als liebevolles Geschenk f\u00fcr jemanden, der Ruhe, Ausgleich und Atmosph\u00e4re sch\u00e4tzt.<\/p>\n","protected":false},"excerpt":{"rendered":"<p>R\u00e4ucherst\u00f6vchen mit Sieb \u2013 in warmem Rot Dieses stilvolle R\u00e4ucherst\u00f6vchen in einem kraftvollen Rotton bringt W\u00e4rme, Harmonie und eine Prise Magie in dein Zuhause. Es ist nicht nur ein praktisches R\u00e4ucherwerkzeug, sondern auch ein echter Blickfang \u2013 besonders in der dunkleren Jahreszeit oder bei deinen spirituellen Ritualen. Mit dem feinen Metallsieb kannst du Harze, Kr\u00e4uter [&hellip;]<\/p>\n<p><a class=\"read-more\" href=\"https:\/\/www.bynaldis-shop.com\/?product=stoevchen-rot\">Mehr lesen<span class=\"meta-nav\">&rarr;<\/span><\/a><\/p>\n","protected":false},"featured_media":9041,"template":"","meta":[],"product_brand":[],"product_cat":[197],"product_tag":[],"class_list":{"0":"post-8531","1":"product","2":"type-product","3":"status-publish","4":"has-post-thumbnail","6":"product_cat-raeucherzubehoer","8":"first","9":"instock","10":"taxable","11":"shipping-taxable","12":"purchasable","13":"product-type-simple"},"_links":{"self":[{"href":"https:\/\/www.bynaldis-shop.com\/index.php?rest_route=\/wp\/v2\/product\/8531","targetHints":{"allow":["GET"]}}],"collection":[{"href":"https:\/\/www.bynaldis-shop.com\/index.php?rest_route=\/wp\/v2\/product"}],"about":[{"href":"https:\/\/www.bynaldis-shop.com\/index.php?rest_route=\/wp\/v2\/types\/product"}],"wp:featuredmedia":[{"embeddable":true,"href":"https:\/\/www.bynaldis-shop.com\/index.php?rest_route=\/wp\/v2\/media\/9041"}],"wp:attachment":[{"href":"https:\/\/www.bynaldis-shop.com\/index.php?rest_route=%2Fwp%2Fv2%2Fmedia&parent=8531"}],"wp:term":[{"taxonomy":"product_brand","embeddable":true,"href":"https:\/\/www.bynaldis-shop.com\/index.php?rest_route=%2Fwp%2Fv2%2Fproduct_brand&post=8531"},{"taxonomy":"product_cat","embeddable":true,"href":"https:\/\/www.bynaldis-shop.com\/index.php?rest_route=%2Fwp%2Fv2%2Fproduct_cat&post=8531"},{"taxonomy":"product_tag","embeddable":true,"href":"https:\/\/www.bynaldis-shop.com\/index.php?rest_route=%2Fwp%2Fv2%2Fproduct_tag&post=8531"}],"curies":[{"name":"wp","href":"https:\/\/api.w.org\/{rel}","templated":true}]}}