{"id":8454,"date":"2024-05-02T15:52:36","date_gmt":"2024-05-02T13:52:36","guid":{"rendered":"https:\/\/www.bynaldis-shop.com\/?post_type=product&#038;p=8454"},"modified":"2025-10-21T19:07:44","modified_gmt":"2025-10-21T17:07:44","slug":"notizheft-schildkroeten","status":"publish","type":"product","link":"https:\/\/www.bynaldis-shop.com\/?product=notizheft-schildkroeten","title":{"rendered":"Notizheft Schildkr\u00f6te \u2013 A6 Format"},"content":{"rendered":"<h3 data-start=\"133\" data-end=\"175\">Notizheft <em data-start=\"150\" data-end=\"163\">Schildkr\u00f6te<\/em> \u2013 A6 Format<\/h3>\n<p data-start=\"177\" data-end=\"427\">Dieses besondere Notizheft schenkt dir Raum f\u00fcr alles, was dich bewegt: <strong data-start=\"249\" data-end=\"299\">deine Gedanken, Tr\u00e4ume, Erkenntnisse und Ziele<\/strong>. Es l\u00e4dt dich ein, innezuhalten, zu reflektieren und dich mit deinem inneren Fluss zu verbinden \u2013 ganz in deinem eigenen Tempo.<\/p>\n<p data-start=\"429\" data-end=\"644\">Das sanfte <strong data-start=\"440\" data-end=\"462\">Schildkr\u00f6ten-Motiv<\/strong> auf dem Cover steht f\u00fcr Ruhe, Best\u00e4ndigkeit und Weisheit. Es erinnert dich daran, dass jeder Schritt z\u00e4hlt \u2013 egal wie klein \u2013 und dass in der Langsamkeit oft die gr\u00f6\u00dfte Kraft liegt.<\/p>\n<p data-start=\"646\" data-end=\"662\">\u2728 <strong data-start=\"648\" data-end=\"660\">Details:<\/strong><\/p>\n<ul data-start=\"663\" data-end=\"962\">\n<li data-start=\"663\" data-end=\"718\">\n<p data-start=\"665\" data-end=\"718\">Format: <strong data-start=\"673\" data-end=\"679\">A6<\/strong> \u2013 handlich und perfekt f\u00fcr unterwegs<\/p>\n<\/li>\n<li data-start=\"719\" data-end=\"771\">\n<p data-start=\"721\" data-end=\"771\">Mit liebevoll gestaltetem <strong data-start=\"747\" data-end=\"769\">Schildkr\u00f6ten-Cover<\/strong><\/p>\n<\/li>\n<li data-start=\"772\" data-end=\"822\">\n<p data-start=\"774\" data-end=\"822\">Innengestaltung in sanften, harmonischen T\u00f6nen<\/p>\n<\/li>\n<li data-start=\"823\" data-end=\"891\">\n<p data-start=\"825\" data-end=\"891\">Viel Platz f\u00fcr Gedanken, Pl\u00e4ne, Notizen oder einfach freie Worte<\/p>\n<\/li>\n<li data-start=\"892\" data-end=\"962\">\n<p data-start=\"894\" data-end=\"962\">Wundersch\u00f6n als kleines Geschenk f\u00fcr alle, die schreiben und tr\u00e4umen<\/p>\n<\/li>\n<\/ul>\n<p data-start=\"964\" data-end=\"1076\">Ein achtsamer Begleiter f\u00fcr den Alltag oder eine pers\u00f6nliche Reise \u2013 mit viel Raum f\u00fcr das, was dir wichtig ist.<\/p>\n","protected":false},"excerpt":{"rendered":"<p>Notizheft Schildkr\u00f6te \u2013 A6 Format Dieses besondere Notizheft schenkt dir Raum f\u00fcr alles, was dich bewegt: deine Gedanken, Tr\u00e4ume, Erkenntnisse und Ziele. Es l\u00e4dt dich ein, innezuhalten, zu reflektieren und dich mit deinem inneren Fluss zu verbinden \u2013 ganz in deinem eigenen Tempo. Das sanfte Schildkr\u00f6ten-Motiv auf dem Cover steht f\u00fcr Ruhe, Best\u00e4ndigkeit und Weisheit. [&hellip;]<\/p>\n<p><a class=\"read-more\" href=\"https:\/\/www.bynaldis-shop.com\/?product=notizheft-schildkroeten\">Mehr lesen<span class=\"meta-nav\">&rarr;<\/span><\/a><\/p>\n","protected":false},"featured_media":8412,"template":"","meta":[],"product_brand":[],"product_cat":[190],"product_tag":[],"class_list":{"0":"post-8454","1":"product","2":"type-product","3":"status-publish","4":"has-post-thumbnail","6":"product_cat-notizhefte","8":"first","9":"instock","10":"taxable","11":"shipping-taxable","12":"purchasable","13":"product-type-simple"},"_links":{"self":[{"href":"https:\/\/www.bynaldis-shop.com\/index.php?rest_route=\/wp\/v2\/product\/8454","targetHints":{"allow":["GET"]}}],"collection":[{"href":"https:\/\/www.bynaldis-shop.com\/index.php?rest_route=\/wp\/v2\/product"}],"about":[{"href":"https:\/\/www.bynaldis-shop.com\/index.php?rest_route=\/wp\/v2\/types\/product"}],"wp:featuredmedia":[{"embeddable":true,"href":"https:\/\/www.bynaldis-shop.com\/index.php?rest_route=\/wp\/v2\/media\/8412"}],"wp:attachment":[{"href":"https:\/\/www.bynaldis-shop.com\/index.php?rest_route=%2Fwp%2Fv2%2Fmedia&parent=8454"}],"wp:term":[{"taxonomy":"product_brand","embeddable":true,"href":"https:\/\/www.bynaldis-shop.com\/index.php?rest_route=%2Fwp%2Fv2%2Fproduct_brand&post=8454"},{"taxonomy":"product_cat","embeddable":true,"href":"https:\/\/www.bynaldis-shop.com\/index.php?rest_route=%2Fwp%2Fv2%2Fproduct_cat&post=8454"},{"taxonomy":"product_tag","embeddable":true,"href":"https:\/\/www.bynaldis-shop.com\/index.php?rest_route=%2Fwp%2Fv2%2Fproduct_tag&post=8454"}],"curies":[{"name":"wp","href":"https:\/\/api.w.org\/{rel}","templated":true}]}}