{"id":8285,"date":"2024-03-12T19:58:00","date_gmt":"2024-03-12T18:58:00","guid":{"rendered":"https:\/\/www.bynaldis-shop.com\/?post_type=product&#038;p=8285"},"modified":"2025-10-21T19:05:56","modified_gmt":"2025-10-21T17:05:56","slug":"ostern","status":"publish","type":"product","link":"https:\/\/www.bynaldis-shop.com\/?product=ostern","title":{"rendered":"Dekoaufsteller Ostern \u2013 edel &#038; nat\u00fcrlich"},"content":{"rendered":"<h3 data-start=\"90\" data-end=\"139\">Dekoaufsteller <em data-start=\"112\" data-end=\"120\">Ostern<\/em> \u2013 edel &amp; nat\u00fcrlich<\/h3>\n<p data-start=\"141\" data-end=\"523\">Ein stilvoller Blickfang f\u00fcr die Fr\u00fchlings- und Osterzeit: Dieser hochwertige <strong data-start=\"219\" data-end=\"246\">Dekoaufsteller aus Holz<\/strong> tr\u00e4gt den silbernen Schriftzug <strong data-start=\"278\" data-end=\"290\">\u201eOstern\u201c<\/strong> und vereint schlichte Eleganz mit nat\u00fcrlichem Charme. Der warme Holzton in Kombination mit der gl\u00e4nzenden Silberoptik sorgt f\u00fcr eine harmonische, zeitlose Osterdeko \u2013 perfekt f\u00fcr Fensterbank, Sideboard oder festlich gedeckten Tisch.<\/p>\n<p data-start=\"525\" data-end=\"541\">\u2728 <strong data-start=\"527\" data-end=\"539\">Details:<\/strong><\/p>\n<ul data-start=\"542\" data-end=\"796\">\n<li data-start=\"542\" data-end=\"581\">\n<p data-start=\"544\" data-end=\"581\">Aufsteller aus naturbelassenem Holz<\/p>\n<\/li>\n<li data-start=\"582\" data-end=\"621\">\n<p data-start=\"584\" data-end=\"621\">Schriftzug \u201eOstern\u201c in edlem Silber<\/p>\n<\/li>\n<li data-start=\"622\" data-end=\"669\">\n<p data-start=\"624\" data-end=\"669\">Stilvolle Kombination aus rustikal &amp; modern<\/p>\n<\/li>\n<li data-start=\"706\" data-end=\"796\">\n<p data-start=\"708\" data-end=\"796\">Perfekt als Fr\u00fchlings- oder Osterdekoration f\u00fcr Zuhause oder als liebevolles Mitbringsel<\/p>\n<\/li>\n<\/ul>\n<p data-start=\"798\" data-end=\"935\">Ob alleinstehend oder kombiniert mit anderen Fr\u00fchlingsaccessoires \u2013 dieser Aufsteller verleiht jedem Raum ein festliches, frisches Flair.<\/p>\n","protected":false},"excerpt":{"rendered":"<p>Dekoaufsteller Ostern \u2013 edel &amp; nat\u00fcrlich Ein stilvoller Blickfang f\u00fcr die Fr\u00fchlings- und Osterzeit: Dieser hochwertige Dekoaufsteller aus Holz tr\u00e4gt den silbernen Schriftzug \u201eOstern\u201c und vereint schlichte Eleganz mit nat\u00fcrlichem Charme. Der warme Holzton in Kombination mit der gl\u00e4nzenden Silberoptik sorgt f\u00fcr eine harmonische, zeitlose Osterdeko \u2013 perfekt f\u00fcr Fensterbank, Sideboard oder festlich gedeckten Tisch. [&hellip;]<\/p>\n<p><a class=\"read-more\" href=\"https:\/\/www.bynaldis-shop.com\/?product=ostern\">Mehr lesen<span class=\"meta-nav\">&rarr;<\/span><\/a><\/p>\n","protected":false},"featured_media":8286,"template":"","meta":[],"product_brand":[],"product_cat":[211],"product_tag":[],"class_list":{"0":"post-8285","1":"product","2":"type-product","3":"status-publish","4":"has-post-thumbnail","6":"product_cat-ostern","8":"first","9":"instock","10":"taxable","11":"shipping-taxable","12":"purchasable","13":"product-type-simple"},"_links":{"self":[{"href":"https:\/\/www.bynaldis-shop.com\/index.php?rest_route=\/wp\/v2\/product\/8285","targetHints":{"allow":["GET"]}}],"collection":[{"href":"https:\/\/www.bynaldis-shop.com\/index.php?rest_route=\/wp\/v2\/product"}],"about":[{"href":"https:\/\/www.bynaldis-shop.com\/index.php?rest_route=\/wp\/v2\/types\/product"}],"wp:featuredmedia":[{"embeddable":true,"href":"https:\/\/www.bynaldis-shop.com\/index.php?rest_route=\/wp\/v2\/media\/8286"}],"wp:attachment":[{"href":"https:\/\/www.bynaldis-shop.com\/index.php?rest_route=%2Fwp%2Fv2%2Fmedia&parent=8285"}],"wp:term":[{"taxonomy":"product_brand","embeddable":true,"href":"https:\/\/www.bynaldis-shop.com\/index.php?rest_route=%2Fwp%2Fv2%2Fproduct_brand&post=8285"},{"taxonomy":"product_cat","embeddable":true,"href":"https:\/\/www.bynaldis-shop.com\/index.php?rest_route=%2Fwp%2Fv2%2Fproduct_cat&post=8285"},{"taxonomy":"product_tag","embeddable":true,"href":"https:\/\/www.bynaldis-shop.com\/index.php?rest_route=%2Fwp%2Fv2%2Fproduct_tag&post=8285"}],"curies":[{"name":"wp","href":"https:\/\/api.w.org\/{rel}","templated":true}]}}