{"id":8283,"date":"2024-03-12T19:56:47","date_gmt":"2024-03-12T18:56:47","guid":{"rendered":"https:\/\/www.bynaldis-shop.com\/?post_type=product&#038;p=8283"},"modified":"2025-10-21T19:05:24","modified_gmt":"2025-10-21T17:05:24","slug":"hasenpaar-2","status":"publish","type":"product","link":"https:\/\/www.bynaldis-shop.com\/?product=hasenpaar-2","title":{"rendered":"Deko-Holzhasenpaar \u2013 Liebevoll vereint"},"content":{"rendered":"<h3 data-start=\"103\" data-end=\"148\">Deko-Holzhasenpaar \u2013 Liebevoll vereint<\/h3>\n<p data-start=\"150\" data-end=\"459\">Dieses bezaubernde <strong data-start=\"169\" data-end=\"186\">Holzhasenpaar<\/strong> aus naturbelassenem Holz bringt nicht nur Fr\u00fchlingsstimmung in dein Zuhause, sondern auch eine Extraportion Herzensw\u00e4rme. Eng umschlungen stehen die beiden Hasen beieinander und symbolisieren Liebe, N\u00e4he und Geborgenheit \u2013 eine wunderbare Dekoration, die das Herz ber\u00fchrt.<\/p>\n<p data-start=\"461\" data-end=\"616\">Ob auf dem Fensterbrett, dem Ostertisch oder im Regal: Dieses dekorative Hasenpaar ist ein echter Blickfang, der Zuneigung und Zusammenhalt sichtbar macht.<\/p>\n<p data-start=\"618\" data-end=\"634\">\u2728 <strong data-start=\"620\" data-end=\"632\">Details:<\/strong><\/p>\n<ul data-start=\"635\" data-end=\"924\">\n<li data-start=\"635\" data-end=\"687\">\n<p data-start=\"637\" data-end=\"687\">Zwei sich umarmende Hasen aus massivem Mangoholz<\/p>\n<\/li>\n<li data-start=\"688\" data-end=\"750\">\n<p data-start=\"690\" data-end=\"750\">Sch\u00f6n geschwungene Silhouette mit liebevoller Ausstrahlung<\/p>\n<\/li>\n<li data-start=\"751\" data-end=\"807\">\n<p data-start=\"753\" data-end=\"807\">Nat\u00fcrliche Holzmaserung \u2013 jedes St\u00fcck ist ein Unikat<\/p>\n<\/li>\n<li data-start=\"808\" data-end=\"890\">\n<p data-start=\"810\" data-end=\"890\">Ideal als Osterdeko, Fr\u00fchlingsgru\u00df oder kleines Geschenk f\u00fcr Lieblingsmenschen<\/p>\n<\/li>\n<\/ul>\n<p data-start=\"926\" data-end=\"1075\">\ud83d\udc9b <strong data-start=\"929\" data-end=\"970\">Ein Symbol f\u00fcr Liebe und Zusammenhalt<\/strong> \u2013 perfekt f\u00fcr Paare, Familien oder als herzerw\u00e4rmende Geschenkidee zu Ostern oder einfach zwischendurch<\/p>\n","protected":false},"excerpt":{"rendered":"<p>Deko-Holzhasenpaar \u2013 Liebevoll vereint Dieses bezaubernde Holzhasenpaar aus naturbelassenem Holz bringt nicht nur Fr\u00fchlingsstimmung in dein Zuhause, sondern auch eine Extraportion Herzensw\u00e4rme. Eng umschlungen stehen die beiden Hasen beieinander und symbolisieren Liebe, N\u00e4he und Geborgenheit \u2013 eine wunderbare Dekoration, die das Herz ber\u00fchrt. Ob auf dem Fensterbrett, dem Ostertisch oder im Regal: Dieses dekorative Hasenpaar [&hellip;]<\/p>\n<p><a class=\"read-more\" href=\"https:\/\/www.bynaldis-shop.com\/?product=hasenpaar-2\">Mehr lesen<span class=\"meta-nav\">&rarr;<\/span><\/a><\/p>\n","protected":false},"featured_media":8284,"template":"","meta":[],"product_brand":[],"product_cat":[211],"product_tag":[],"class_list":{"0":"post-8283","1":"product","2":"type-product","3":"status-publish","4":"has-post-thumbnail","6":"product_cat-ostern","8":"first","9":"instock","10":"taxable","11":"shipping-taxable","12":"purchasable","13":"product-type-simple"},"_links":{"self":[{"href":"https:\/\/www.bynaldis-shop.com\/index.php?rest_route=\/wp\/v2\/product\/8283","targetHints":{"allow":["GET"]}}],"collection":[{"href":"https:\/\/www.bynaldis-shop.com\/index.php?rest_route=\/wp\/v2\/product"}],"about":[{"href":"https:\/\/www.bynaldis-shop.com\/index.php?rest_route=\/wp\/v2\/types\/product"}],"wp:featuredmedia":[{"embeddable":true,"href":"https:\/\/www.bynaldis-shop.com\/index.php?rest_route=\/wp\/v2\/media\/8284"}],"wp:attachment":[{"href":"https:\/\/www.bynaldis-shop.com\/index.php?rest_route=%2Fwp%2Fv2%2Fmedia&parent=8283"}],"wp:term":[{"taxonomy":"product_brand","embeddable":true,"href":"https:\/\/www.bynaldis-shop.com\/index.php?rest_route=%2Fwp%2Fv2%2Fproduct_brand&post=8283"},{"taxonomy":"product_cat","embeddable":true,"href":"https:\/\/www.bynaldis-shop.com\/index.php?rest_route=%2Fwp%2Fv2%2Fproduct_cat&post=8283"},{"taxonomy":"product_tag","embeddable":true,"href":"https:\/\/www.bynaldis-shop.com\/index.php?rest_route=%2Fwp%2Fv2%2Fproduct_tag&post=8283"}],"curies":[{"name":"wp","href":"https:\/\/api.w.org\/{rel}","templated":true}]}}