{"id":8134,"date":"2024-03-12T11:59:40","date_gmt":"2024-03-12T10:59:40","guid":{"rendered":"https:\/\/www.bynaldis-shop.com\/?post_type=product&#038;p=8134"},"modified":"2025-08-12T16:48:42","modified_gmt":"2025-08-12T14:48:42","slug":"mosachat","status":"publish","type":"product","link":"https:\/\/www.bynaldis-shop.com\/?product=mosachat","title":{"rendered":"Moosachat \u2013 Stein des inneren Friedens"},"content":{"rendered":"<p data-start=\"115\" data-end=\"157\"><strong data-start=\"115\" data-end=\"157\">Moosachat \u2013 Stein des inneren Friedens<\/strong><\/p>\n<p data-start=\"159\" data-end=\"428\">Der Moosachat ist ein sanfter Begleiter auf dem Weg zu innerer Harmonie und seelischer Befreiung. Mit seiner naturverbundenen Ausstrahlung bringt er uns zur\u00fcck zu den Wurzeln \u2013 zu uns selbst \u2013 und hilft dabei, seelische Schwere, Druck und alte Belastungen aufzul\u00f6sen.<\/p>\n<p data-start=\"430\" data-end=\"747\">Seine Energie wirkt ausgleichend und kl\u00e4rend. Wie ein Spaziergang im gr\u00fcnen Wald schenkt er frische Kraft, Weite im Denken und das beruhigende Gef\u00fchl, dass alles gut wird. Der Moosachat bringt dich in Kontakt mit deinem nat\u00fcrlichen Rhythmus und unterst\u00fctzt dich dabei, inneren Frieden und neue Leichtigkeit zu finden.<\/p>\n<p data-start=\"749\" data-end=\"896\">Er eignet sich besonders in Zeiten von Stress, innerer Unruhe oder emotionaler \u00dcberforderung \u2013 als t\u00e4glicher Begleiter oder f\u00fcr meditative Momente.<\/p>\n<p data-start=\"898\" data-end=\"1123\">\u2728 <strong data-start=\"900\" data-end=\"918\">Bitte beachte:<\/strong> Jeder Trommelstein ist ein Unikat \u2013 in Form, Farbe und Muster von der Natur gestaltet. Genau der Stein, den du empf\u00e4ngst, ist derjenige, der dich jetzt am besten begleitet \u2013 dein pers\u00f6nlicher Seelenstein.<\/p>\n<p data-start=\"898\" data-end=\"1123\"><strong>Hinweis<\/strong>: Die beschriebenen Wirkungen basieren auf Erfahrungen von Anwendern und Edelsteintherapeuten und sind wissenschaftlich nicht erwiesen. Sie ersetzen keine medizinische Diagnose oder Behandlung. Bitte konsultiere bei gesundheitlichen Beschwerden immer einen Arzt.<\/p>\n","protected":false},"excerpt":{"rendered":"<p>Moosachat \u2013 Stein des inneren Friedens Der Moosachat ist ein sanfter Begleiter auf dem Weg zu innerer Harmonie und seelischer Befreiung. Mit seiner naturverbundenen Ausstrahlung bringt er uns zur\u00fcck zu den Wurzeln \u2013 zu uns selbst \u2013 und hilft dabei, seelische Schwere, Druck und alte Belastungen aufzul\u00f6sen. Seine Energie wirkt ausgleichend und kl\u00e4rend. Wie ein [&hellip;]<\/p>\n<p><a class=\"read-more\" href=\"https:\/\/www.bynaldis-shop.com\/?product=mosachat\">Mehr lesen<span class=\"meta-nav\">&rarr;<\/span><\/a><\/p>\n","protected":false},"featured_media":8135,"template":"","meta":[],"product_brand":[],"product_cat":[206],"product_tag":[],"class_list":{"0":"post-8134","1":"product","2":"type-product","3":"status-publish","4":"has-post-thumbnail","6":"product_cat-trommelsteine","8":"first","9":"instock","10":"taxable","11":"shipping-taxable","12":"purchasable","13":"product-type-simple"},"_links":{"self":[{"href":"https:\/\/www.bynaldis-shop.com\/index.php?rest_route=\/wp\/v2\/product\/8134","targetHints":{"allow":["GET"]}}],"collection":[{"href":"https:\/\/www.bynaldis-shop.com\/index.php?rest_route=\/wp\/v2\/product"}],"about":[{"href":"https:\/\/www.bynaldis-shop.com\/index.php?rest_route=\/wp\/v2\/types\/product"}],"wp:featuredmedia":[{"embeddable":true,"href":"https:\/\/www.bynaldis-shop.com\/index.php?rest_route=\/wp\/v2\/media\/8135"}],"wp:attachment":[{"href":"https:\/\/www.bynaldis-shop.com\/index.php?rest_route=%2Fwp%2Fv2%2Fmedia&parent=8134"}],"wp:term":[{"taxonomy":"product_brand","embeddable":true,"href":"https:\/\/www.bynaldis-shop.com\/index.php?rest_route=%2Fwp%2Fv2%2Fproduct_brand&post=8134"},{"taxonomy":"product_cat","embeddable":true,"href":"https:\/\/www.bynaldis-shop.com\/index.php?rest_route=%2Fwp%2Fv2%2Fproduct_cat&post=8134"},{"taxonomy":"product_tag","embeddable":true,"href":"https:\/\/www.bynaldis-shop.com\/index.php?rest_route=%2Fwp%2Fv2%2Fproduct_tag&post=8134"}],"curies":[{"name":"wp","href":"https:\/\/api.w.org\/{rel}","templated":true}]}}