{"id":8026,"date":"2024-03-11T12:48:49","date_gmt":"2024-03-11T11:48:49","guid":{"rendered":"https:\/\/www.bynaldis-shop.com\/?post_type=product&#038;p=8026"},"modified":"2025-10-15T14:59:17","modified_gmt":"2025-10-15T12:59:17","slug":"raeuchermaennchen","status":"publish","type":"product","link":"https:\/\/www.bynaldis-shop.com\/?product=raeuchermaennchen","title":{"rendered":"Kleines R\u00e4ucherm\u00e4nnchen aus Holz"},"content":{"rendered":"<p data-start=\"122\" data-end=\"181\"><strong data-start=\"125\" data-end=\"161\">Kleines R\u00e4ucherm\u00e4nnchen aus Holz<\/strong><br data-start=\"161\" data-end=\"164\" \/>H\u00f6he: ca. 12 cm<\/p>\n<p data-start=\"183\" data-end=\"353\">Dieses charmante kleine R\u00e4ucherm\u00e4nnchen aus Holz ist nicht nur ein praktischer Helfer f\u00fcr deine R\u00e4ucherkegel, sondern auch ein liebevoll gestaltetes Dekost\u00fcck mit Herz.<\/p>\n<p data-start=\"355\" data-end=\"556\">Ob auf dem Meditationsplatz, dem Fensterbrett oder als stimmungsvolles Highlight auf dem Wohnzimmertisch \u2013 das M\u00e4nnchen verbreitet mit seinem feinen Rauch ein Gef\u00fchl von W\u00e4rme, Ruhe und Geborgenheit.<\/p>\n<p data-start=\"558\" data-end=\"626\">\ud83c\udf81 <strong data-start=\"561\" data-end=\"585\">Ein ideales Geschenk<\/strong> \u2013 f\u00fcr deine Liebsten oder dich selbst.<\/p>\n<p data-start=\"628\" data-end=\"779\">Einfach den R\u00e4ucherkegel in den unteren Teil stellen, M\u00e4nnchen daraufsetzen, anz\u00fcnden und den wohligen Rauch aus der kleinen Figur aufsteigen lassen.<\/p>\n<p data-start=\"781\" data-end=\"859\">\u2728 F\u00fcr entspannte Momente mit einem Hauch von Tradition und ganz viel Charme.<\/p>\n","protected":false},"excerpt":{"rendered":"<p>Kleines R\u00e4ucherm\u00e4nnchen aus HolzH\u00f6he: ca. 12 cm Dieses charmante kleine R\u00e4ucherm\u00e4nnchen aus Holz ist nicht nur ein praktischer Helfer f\u00fcr deine R\u00e4ucherkegel, sondern auch ein liebevoll gestaltetes Dekost\u00fcck mit Herz. Ob auf dem Meditationsplatz, dem Fensterbrett oder als stimmungsvolles Highlight auf dem Wohnzimmertisch \u2013 das M\u00e4nnchen verbreitet mit seinem feinen Rauch ein Gef\u00fchl von W\u00e4rme, [&hellip;]<\/p>\n<p><a class=\"read-more\" href=\"https:\/\/www.bynaldis-shop.com\/?product=raeuchermaennchen\">Mehr lesen<span class=\"meta-nav\">&rarr;<\/span><\/a><\/p>\n","protected":false},"featured_media":8488,"template":"","meta":[],"product_brand":[],"product_cat":[247],"product_tag":[],"class_list":{"0":"post-8026","1":"product","2":"type-product","3":"status-publish","4":"has-post-thumbnail","6":"product_cat-raeucherkegel-zubehoer","8":"first","9":"instock","10":"taxable","11":"shipping-taxable","12":"purchasable","13":"product-type-simple"},"_links":{"self":[{"href":"https:\/\/www.bynaldis-shop.com\/index.php?rest_route=\/wp\/v2\/product\/8026","targetHints":{"allow":["GET"]}}],"collection":[{"href":"https:\/\/www.bynaldis-shop.com\/index.php?rest_route=\/wp\/v2\/product"}],"about":[{"href":"https:\/\/www.bynaldis-shop.com\/index.php?rest_route=\/wp\/v2\/types\/product"}],"wp:featuredmedia":[{"embeddable":true,"href":"https:\/\/www.bynaldis-shop.com\/index.php?rest_route=\/wp\/v2\/media\/8488"}],"wp:attachment":[{"href":"https:\/\/www.bynaldis-shop.com\/index.php?rest_route=%2Fwp%2Fv2%2Fmedia&parent=8026"}],"wp:term":[{"taxonomy":"product_brand","embeddable":true,"href":"https:\/\/www.bynaldis-shop.com\/index.php?rest_route=%2Fwp%2Fv2%2Fproduct_brand&post=8026"},{"taxonomy":"product_cat","embeddable":true,"href":"https:\/\/www.bynaldis-shop.com\/index.php?rest_route=%2Fwp%2Fv2%2Fproduct_cat&post=8026"},{"taxonomy":"product_tag","embeddable":true,"href":"https:\/\/www.bynaldis-shop.com\/index.php?rest_route=%2Fwp%2Fv2%2Fproduct_tag&post=8026"}],"curies":[{"name":"wp","href":"https:\/\/api.w.org\/{rel}","templated":true}]}}