{"id":8025,"date":"2024-03-11T12:45:55","date_gmt":"2024-03-11T11:45:55","guid":{"rendered":"https:\/\/www.bynaldis-shop.com\/?post_type=product&#038;p=8025"},"modified":"2025-10-28T11:28:58","modified_gmt":"2025-10-28T10:28:58","slug":"amber","status":"publish","type":"product","link":"https:\/\/www.bynaldis-shop.com\/?product=amber","title":{"rendered":"10 R\u00e4ucherkegel \u2013 Amber"},"content":{"rendered":"<p data-start=\"158\" data-end=\"190\"><strong data-start=\"161\" data-end=\"190\">Lose R\u00e4ucherkegel \u2013 Amber<\/strong><\/p>\n<p data-start=\"192\" data-end=\"340\">Tauchen Sie ein in die faszinierende Welt der <strong data-start=\"238\" data-end=\"260\">Amber R\u00e4ucherkegel<\/strong>, in der sich die Essenz von Jahrhunderten in einem einzigen Moment entfaltet.<\/p>\n<p data-start=\"342\" data-end=\"513\">Dieser Duft umh\u00fcllt die Sinne mit einer geheimnisvollen, warmen Note \u2013 sinnlich, w\u00fcrzig, leicht balsamisch \u2013 und entf\u00fchrt in eine Welt voller Tiefe, Ruhe und Raffinesse.<\/p>\n<p data-start=\"515\" data-end=\"749\">Hergestellt aus einer erlesenen <strong data-start=\"547\" data-end=\"563\">Masala-Paste<\/strong> \u2013 einer kunstvollen Mischung aus H\u00f6lzern, Harzen, Kr\u00e4utern, Bl\u00fcten und edlen \u00d6len \u2013 offenbart jeder Kegel eine vielschichtige Duftkomposition, die sich langsam und intensiv entfaltet.<\/p>\n<p data-start=\"751\" data-end=\"940\">\u2728 <strong data-start=\"753\" data-end=\"781\">Wirkung auf einen Blick:<\/strong><br data-start=\"781\" data-end=\"784\" \/>\u2013 schafft eine warme, behagliche Atmosph\u00e4re<br data-start=\"827\" data-end=\"830\" \/>\u2013 regt die Fantasie an &amp; unterst\u00fctzt meditative Rituale<br data-start=\"885\" data-end=\"888\" \/>\u2013 ideal f\u00fcr bewusste Auszeiten &amp; besondere Momente<\/p>\n<p data-start=\"942\" data-end=\"1073\">\ud83d\udd6f\ufe0f <strong data-start=\"946\" data-end=\"968\">Anwendungshinweis:<\/strong><br data-start=\"968\" data-end=\"971\" \/>Zum sicheren Abbrennen bitte eine <strong data-start=\"1005\" data-end=\"1033\">feuerfeste R\u00e4ucherschale<\/strong> oder ein <strong data-start=\"1043\" data-end=\"1062\">R\u00e4ucherm\u00e4nnchen<\/strong> verwenden.<\/p>\n<p data-start=\"1075\" data-end=\"1197\">Lassen Sie sich vom edlen Duft des Ambers verzaubern \u2013 ein Hauch von Luxus, der Ihre R\u00e4ume erf\u00fcllt und Ihre Sinne ber\u00fchrt.<\/p>\n","protected":false},"excerpt":{"rendered":"<p>Lose R\u00e4ucherkegel \u2013 Amber Tauchen Sie ein in die faszinierende Welt der Amber R\u00e4ucherkegel, in der sich die Essenz von Jahrhunderten in einem einzigen Moment entfaltet. Dieser Duft umh\u00fcllt die Sinne mit einer geheimnisvollen, warmen Note \u2013 sinnlich, w\u00fcrzig, leicht balsamisch \u2013 und entf\u00fchrt in eine Welt voller Tiefe, Ruhe und Raffinesse. Hergestellt aus einer [&hellip;]<\/p>\n<p><a class=\"read-more\" href=\"https:\/\/www.bynaldis-shop.com\/?product=amber\">Mehr lesen<span class=\"meta-nav\">&rarr;<\/span><\/a><\/p>\n","protected":false},"featured_media":8186,"template":"","meta":[],"product_brand":[],"product_cat":[247],"product_tag":[],"class_list":{"0":"post-8025","1":"product","2":"type-product","3":"status-publish","4":"has-post-thumbnail","6":"product_cat-raeucherkegel-zubehoer","8":"first","9":"instock","10":"taxable","11":"shipping-taxable","12":"purchasable","13":"product-type-simple"},"_links":{"self":[{"href":"https:\/\/www.bynaldis-shop.com\/index.php?rest_route=\/wp\/v2\/product\/8025","targetHints":{"allow":["GET"]}}],"collection":[{"href":"https:\/\/www.bynaldis-shop.com\/index.php?rest_route=\/wp\/v2\/product"}],"about":[{"href":"https:\/\/www.bynaldis-shop.com\/index.php?rest_route=\/wp\/v2\/types\/product"}],"wp:featuredmedia":[{"embeddable":true,"href":"https:\/\/www.bynaldis-shop.com\/index.php?rest_route=\/wp\/v2\/media\/8186"}],"wp:attachment":[{"href":"https:\/\/www.bynaldis-shop.com\/index.php?rest_route=%2Fwp%2Fv2%2Fmedia&parent=8025"}],"wp:term":[{"taxonomy":"product_brand","embeddable":true,"href":"https:\/\/www.bynaldis-shop.com\/index.php?rest_route=%2Fwp%2Fv2%2Fproduct_brand&post=8025"},{"taxonomy":"product_cat","embeddable":true,"href":"https:\/\/www.bynaldis-shop.com\/index.php?rest_route=%2Fwp%2Fv2%2Fproduct_cat&post=8025"},{"taxonomy":"product_tag","embeddable":true,"href":"https:\/\/www.bynaldis-shop.com\/index.php?rest_route=%2Fwp%2Fv2%2Fproduct_tag&post=8025"}],"curies":[{"name":"wp","href":"https:\/\/api.w.org\/{rel}","templated":true}]}}