{"id":8024,"date":"2024-03-11T12:44:53","date_gmt":"2024-03-11T11:44:53","guid":{"rendered":"https:\/\/www.bynaldis-shop.com\/?post_type=product&#038;p=8024"},"modified":"2025-10-28T11:29:22","modified_gmt":"2025-10-28T10:29:22","slug":"lotus","status":"publish","type":"product","link":"https:\/\/www.bynaldis-shop.com\/?product=lotus","title":{"rendered":"10 R\u00e4ucherkegel &#8211; Lotus"},"content":{"rendered":"<p data-start=\"189\" data-end=\"447\"><strong>Lose R\u00e4ucherkegel-Lotus<\/strong><\/p>\n<p data-start=\"189\" data-end=\"447\">Die Lotus R\u00e4ucherkegel verstr\u00f6men einen sinnlich-sanften Duft, der dich in eine Welt der inneren Ruhe und Ausgeglichenheit entf\u00fchrt.<br data-start=\"321\" data-end=\"324\" \/>Schlie\u00dfe die Augen, atme tief ein \u2013 und sp\u00fcre, wie sich mit jedem Hauch eine beruhigende Energie in deinem Raum ausbreitet.<\/p>\n<p data-start=\"449\" data-end=\"672\">Der Lotus steht seit jeher als Symbol f\u00fcr Reinheit, Erneuerung und spirituelle Klarheit. Beim sanften Aufsteigen des duftenden Rauchs entsteht eine wohltuende Atmosph\u00e4re, die Gelassenheit und Frieden in dein Zuhause bringt.<\/p>\n<p data-start=\"674\" data-end=\"854\">\u2728 <strong data-start=\"676\" data-end=\"704\">Wirkung auf einen Blick:<\/strong><br data-start=\"704\" data-end=\"707\" \/>\u2013 schafft eine friedvolle, achtsame Stimmung<br data-start=\"751\" data-end=\"754\" \/>\u2013 inspiriert zu innerer Balance und Meditation<br data-start=\"800\" data-end=\"803\" \/>\u2013 begleitet dich bei Ritualen &amp; Momenten der Stille<\/p>\n<p data-start=\"856\" data-end=\"983\">\ud83d\udd6f\ufe0f <strong data-start=\"860\" data-end=\"882\">Anwendungshinweis:<\/strong><br data-start=\"882\" data-end=\"885\" \/>Bitte nutze zum sicheren Abbrennen eine <strong data-start=\"925\" data-end=\"953\">feuerfeste R\u00e4ucherschale<\/strong> oder ein <strong data-start=\"963\" data-end=\"982\">R\u00e4ucherm\u00e4nnchen<\/strong>.<\/p>\n<p data-start=\"985\" data-end=\"1090\">Lass dich von der subtilen Magie des Lotus ber\u00fchren und genie\u00dfe Momente voller Licht und Leichtigkeit.<\/p>\n","protected":false},"excerpt":{"rendered":"<p>Lose R\u00e4ucherkegel-Lotus Die Lotus R\u00e4ucherkegel verstr\u00f6men einen sinnlich-sanften Duft, der dich in eine Welt der inneren Ruhe und Ausgeglichenheit entf\u00fchrt.Schlie\u00dfe die Augen, atme tief ein \u2013 und sp\u00fcre, wie sich mit jedem Hauch eine beruhigende Energie in deinem Raum ausbreitet. Der Lotus steht seit jeher als Symbol f\u00fcr Reinheit, Erneuerung und spirituelle Klarheit. Beim sanften [&hellip;]<\/p>\n<p><a class=\"read-more\" href=\"https:\/\/www.bynaldis-shop.com\/?product=lotus\">Mehr lesen<span class=\"meta-nav\">&rarr;<\/span><\/a><\/p>\n","protected":false},"featured_media":8188,"template":"","meta":[],"product_brand":[],"product_cat":[247],"product_tag":[],"class_list":{"0":"post-8024","1":"product","2":"type-product","3":"status-publish","4":"has-post-thumbnail","6":"product_cat-raeucherkegel-zubehoer","8":"first","9":"instock","10":"taxable","11":"shipping-taxable","12":"purchasable","13":"product-type-simple"},"_links":{"self":[{"href":"https:\/\/www.bynaldis-shop.com\/index.php?rest_route=\/wp\/v2\/product\/8024","targetHints":{"allow":["GET"]}}],"collection":[{"href":"https:\/\/www.bynaldis-shop.com\/index.php?rest_route=\/wp\/v2\/product"}],"about":[{"href":"https:\/\/www.bynaldis-shop.com\/index.php?rest_route=\/wp\/v2\/types\/product"}],"wp:featuredmedia":[{"embeddable":true,"href":"https:\/\/www.bynaldis-shop.com\/index.php?rest_route=\/wp\/v2\/media\/8188"}],"wp:attachment":[{"href":"https:\/\/www.bynaldis-shop.com\/index.php?rest_route=%2Fwp%2Fv2%2Fmedia&parent=8024"}],"wp:term":[{"taxonomy":"product_brand","embeddable":true,"href":"https:\/\/www.bynaldis-shop.com\/index.php?rest_route=%2Fwp%2Fv2%2Fproduct_brand&post=8024"},{"taxonomy":"product_cat","embeddable":true,"href":"https:\/\/www.bynaldis-shop.com\/index.php?rest_route=%2Fwp%2Fv2%2Fproduct_cat&post=8024"},{"taxonomy":"product_tag","embeddable":true,"href":"https:\/\/www.bynaldis-shop.com\/index.php?rest_route=%2Fwp%2Fv2%2Fproduct_tag&post=8024"}],"curies":[{"name":"wp","href":"https:\/\/api.w.org\/{rel}","templated":true}]}}