{"id":8022,"date":"2024-03-11T12:44:03","date_gmt":"2024-03-11T11:44:03","guid":{"rendered":"https:\/\/www.bynaldis-shop.com\/?post_type=product&#038;p=8022"},"modified":"2025-10-28T11:30:12","modified_gmt":"2025-10-28T10:30:12","slug":"sandelholz","status":"publish","type":"product","link":"https:\/\/www.bynaldis-shop.com\/?product=sandelholz","title":{"rendered":"10 R\u00e4ucherkegel \u2013 Sandelholz"},"content":{"rendered":"<p data-start=\"107\" data-end=\"144\"><strong data-start=\"110\" data-end=\"144\">Lose R\u00e4ucherkegel \u2013 Sandelholz<\/strong><\/p>\n<p data-start=\"146\" data-end=\"321\">Erleben Sie ein exotisches und intensives Dufterlebnis mit unseren hochwertigen Sandelholz-R\u00e4ucherkegeln \u2013 handgefertigt in Indien und traditionell unter der Sonne getrocknet.<\/p>\n<p data-start=\"323\" data-end=\"645\">Der sanft s\u00fc\u00df-w\u00fcrzige Duft dieses edlen Holzes breitet sich wohlig in Ihren R\u00e4umen aus und entf\u00fchrt Sie in eine Welt voller Entspannung, innerer Ruhe und Gelassenheit.<br data-start=\"490\" data-end=\"493\" \/>Sandelholz gilt seit Jahrhunderten als Begleiter f\u00fcr Meditation, Achtsamkeit und spirituelle Praxis \u2013 ideal auch f\u00fcr Momente der Regeneration im Alltag.<\/p>\n<p data-start=\"647\" data-end=\"804\">Ob zur meditativen Einstimmung oder einfach zum Wohlf\u00fchlen: Der warme Duft des Sandelholzes schafft eine Atmosph\u00e4re, die K\u00f6rper und Geist in Einklang bringt.<\/p>\n<p data-start=\"806\" data-end=\"972\">\ud83d\udd6f\ufe0f <strong data-start=\"810\" data-end=\"832\">Anwendungshinweis:<\/strong><br data-start=\"832\" data-end=\"835\" \/>Zum sicheren Abbrennen der R\u00e4ucherkegel empfehlen wir die Verwendung einer feuerfesten <strong data-start=\"922\" data-end=\"939\">R\u00e4ucherschale<\/strong> oder eines <strong data-start=\"951\" data-end=\"971\">R\u00e4ucherm\u00e4nnchens<\/strong>.<\/p>\n<p data-start=\"974\" data-end=\"1102\">Lassen Sie sich von der beruhigenden Pr\u00e4senz des Sandelholzes tragen \u2013 ein Hauch fern\u00f6stlicher Gelassenheit f\u00fcr Ihr Zuhause.<\/p>\n","protected":false},"excerpt":{"rendered":"<p>Lose R\u00e4ucherkegel \u2013 Sandelholz Erleben Sie ein exotisches und intensives Dufterlebnis mit unseren hochwertigen Sandelholz-R\u00e4ucherkegeln \u2013 handgefertigt in Indien und traditionell unter der Sonne getrocknet. Der sanft s\u00fc\u00df-w\u00fcrzige Duft dieses edlen Holzes breitet sich wohlig in Ihren R\u00e4umen aus und entf\u00fchrt Sie in eine Welt voller Entspannung, innerer Ruhe und Gelassenheit.Sandelholz gilt seit Jahrhunderten als [&hellip;]<\/p>\n<p><a class=\"read-more\" href=\"https:\/\/www.bynaldis-shop.com\/?product=sandelholz\">Mehr lesen<span class=\"meta-nav\">&rarr;<\/span><\/a><\/p>\n","protected":false},"featured_media":8187,"template":"","meta":[],"product_brand":[],"product_cat":[247],"product_tag":[],"class_list":{"0":"post-8022","1":"product","2":"type-product","3":"status-publish","4":"has-post-thumbnail","6":"product_cat-raeucherkegel-zubehoer","8":"first","9":"instock","10":"taxable","11":"shipping-taxable","12":"purchasable","13":"product-type-simple"},"_links":{"self":[{"href":"https:\/\/www.bynaldis-shop.com\/index.php?rest_route=\/wp\/v2\/product\/8022","targetHints":{"allow":["GET"]}}],"collection":[{"href":"https:\/\/www.bynaldis-shop.com\/index.php?rest_route=\/wp\/v2\/product"}],"about":[{"href":"https:\/\/www.bynaldis-shop.com\/index.php?rest_route=\/wp\/v2\/types\/product"}],"wp:featuredmedia":[{"embeddable":true,"href":"https:\/\/www.bynaldis-shop.com\/index.php?rest_route=\/wp\/v2\/media\/8187"}],"wp:attachment":[{"href":"https:\/\/www.bynaldis-shop.com\/index.php?rest_route=%2Fwp%2Fv2%2Fmedia&parent=8022"}],"wp:term":[{"taxonomy":"product_brand","embeddable":true,"href":"https:\/\/www.bynaldis-shop.com\/index.php?rest_route=%2Fwp%2Fv2%2Fproduct_brand&post=8022"},{"taxonomy":"product_cat","embeddable":true,"href":"https:\/\/www.bynaldis-shop.com\/index.php?rest_route=%2Fwp%2Fv2%2Fproduct_cat&post=8022"},{"taxonomy":"product_tag","embeddable":true,"href":"https:\/\/www.bynaldis-shop.com\/index.php?rest_route=%2Fwp%2Fv2%2Fproduct_tag&post=8022"}],"curies":[{"name":"wp","href":"https:\/\/api.w.org\/{rel}","templated":true}]}}