{"id":8018,"date":"2024-03-11T12:36:53","date_gmt":"2024-03-11T11:36:53","guid":{"rendered":"https:\/\/www.bynaldis-shop.com\/?post_type=product&#038;p=8018"},"modified":"2026-05-05T12:13:41","modified_gmt":"2026-05-05T10:13:41","slug":"kristall-7","status":"publish","type":"product","link":"https:\/\/www.bynaldis-shop.com\/?product=kristall-7","title":{"rendered":"Regenbogenkristall Violett \u2013 Lichtspiel in magischem Glanz"},"content":{"rendered":"<p data-start=\"157\" data-end=\"222\"><strong data-start=\"160\" data-end=\"222\">Regenbogenkristall Violett \u2013 Lichtspiel in magischem Glanz<\/strong><\/p>\n<p data-start=\"224\" data-end=\"455\">Regenbogenkristalle bringen Licht und Leben in Ihr Zuhause. In den facettenreich geschliffenen Fl\u00e4chen dieses violetten Kristalls bricht sich das Sonnenlicht prismenhaft und zaubert tanzende Regenb\u00f6gen an W\u00e4nde, Decken und B\u00f6den. \u2728<\/p>\n<p data-start=\"457\" data-end=\"711\">Gerade im Feng Shui sind Sun Catcher wertvolle Begleiter, denn sie lenken das Chi (Lebensenergie) positiv und harmonisieren den Raum. Ob im Wohnzimmer, Schlafzimmer oder am Arbeitsplatz \u2013 aufgeh\u00e4ngt im Fenster entfaltet dieser Kristall seine ganze Magie.<\/p>\n<p data-start=\"713\" data-end=\"845\">\ud83d\udc9c <strong data-start=\"716\" data-end=\"727\">Violett<\/strong> steht f\u00fcr Spiritualit\u00e4t, Intuition und innere Klarheit \u2013 ideal, um eine ruhige, inspirierende Atmosph\u00e4re zu schaffen.<\/p>\n<p data-start=\"847\" data-end=\"940\">\ud83d\udd39 <strong data-start=\"850\" data-end=\"860\">Gr\u00f6\u00dfe:<\/strong> \u00d8 ca. 4 cm<br data-start=\"871\" data-end=\"874\" \/>\ud83d\udd39 <strong data-start=\"877\" data-end=\"887\">Farbe:<\/strong> Violett<br data-start=\"895\" data-end=\"898\" \/>\ud83d\udd39 <strong data-start=\"901\" data-end=\"914\">Material:<\/strong> Hochwertiges Kristallglas<\/p>\n<p data-start=\"942\" data-end=\"1078\">Lassen Sie sich jeden Tag aufs Neue von diesem funkelnden Farbspiel verzaubern \u2013 und holen Sie sich ein St\u00fcck Magie in Ihr Zuhause!<\/p>\n","protected":false},"excerpt":{"rendered":"<p>Regenbogenkristall Violett \u2013 Lichtspiel in magischem Glanz Regenbogenkristalle bringen Licht und Leben in Ihr Zuhause. In den facettenreich geschliffenen Fl\u00e4chen dieses violetten Kristalls bricht sich das Sonnenlicht prismenhaft und zaubert tanzende Regenb\u00f6gen an W\u00e4nde, Decken und B\u00f6den. \u2728 Gerade im Feng Shui sind Sun Catcher wertvolle Begleiter, denn sie lenken das Chi (Lebensenergie) positiv und [&hellip;]<\/p>\n<p><a class=\"read-more\" href=\"https:\/\/www.bynaldis-shop.com\/?product=kristall-7\">Mehr lesen<span class=\"meta-nav\">&rarr;<\/span><\/a><\/p>\n","protected":false},"featured_media":9011,"template":"","meta":[],"product_brand":[],"product_cat":[210],"product_tag":[],"class_list":{"0":"post-8018","1":"product","2":"type-product","3":"status-publish","4":"has-post-thumbnail","6":"product_cat-kristalle","8":"first","9":"instock","10":"taxable","11":"shipping-taxable","12":"purchasable","13":"product-type-simple"},"_links":{"self":[{"href":"https:\/\/www.bynaldis-shop.com\/index.php?rest_route=\/wp\/v2\/product\/8018","targetHints":{"allow":["GET"]}}],"collection":[{"href":"https:\/\/www.bynaldis-shop.com\/index.php?rest_route=\/wp\/v2\/product"}],"about":[{"href":"https:\/\/www.bynaldis-shop.com\/index.php?rest_route=\/wp\/v2\/types\/product"}],"wp:featuredmedia":[{"embeddable":true,"href":"https:\/\/www.bynaldis-shop.com\/index.php?rest_route=\/wp\/v2\/media\/9011"}],"wp:attachment":[{"href":"https:\/\/www.bynaldis-shop.com\/index.php?rest_route=%2Fwp%2Fv2%2Fmedia&parent=8018"}],"wp:term":[{"taxonomy":"product_brand","embeddable":true,"href":"https:\/\/www.bynaldis-shop.com\/index.php?rest_route=%2Fwp%2Fv2%2Fproduct_brand&post=8018"},{"taxonomy":"product_cat","embeddable":true,"href":"https:\/\/www.bynaldis-shop.com\/index.php?rest_route=%2Fwp%2Fv2%2Fproduct_cat&post=8018"},{"taxonomy":"product_tag","embeddable":true,"href":"https:\/\/www.bynaldis-shop.com\/index.php?rest_route=%2Fwp%2Fv2%2Fproduct_tag&post=8018"}],"curies":[{"name":"wp","href":"https:\/\/api.w.org\/{rel}","templated":true}]}}