{"id":8014,"date":"2024-03-11T12:34:57","date_gmt":"2024-03-11T11:34:57","guid":{"rendered":"https:\/\/www.bynaldis-shop.com\/?post_type=product&#038;p=8014"},"modified":"2026-05-05T12:14:28","modified_gmt":"2026-05-05T10:14:28","slug":"kristall-4","status":"publish","type":"product","link":"https:\/\/www.bynaldis-shop.com\/?product=kristall-4","title":{"rendered":"Regenbogenkristall \u2013 Magie des Lichts"},"content":{"rendered":"<p data-start=\"98\" data-end=\"142\"><strong data-start=\"101\" data-end=\"142\">Regenbogenkristall \u2013 Magie des Lichts<\/strong><\/p>\n<p data-start=\"144\" data-end=\"381\">Regenbogenkristalle bringen Licht und Leben in Ihr Zuhause. In ihren geschliffenen Facetten bricht sich das Sonnenlicht prismenhaft und wirft funkelnde Lichtspiele auf W\u00e4nde, Decke und Boden \u2013 ein zauberhaftes Schauspiel f\u00fcr die Sinne. \u2728<\/p>\n<p data-start=\"383\" data-end=\"619\">Wer nach den Prinzipien des Feng Shui wohnt oder arbeitet, wird auf diese kleinen Sonnenf\u00e4nger nicht verzichten wollen. Sie lassen sich ganz einfach in jedes Fenster h\u00e4ngen, durch das Licht f\u00e4llt \u2013 und entfalten dort ihre volle Wirkung.<\/p>\n<p data-start=\"621\" data-end=\"778\">\ud83d\udd38 <strong data-start=\"624\" data-end=\"634\">Gr\u00f6\u00dfe:<\/strong> ca. 2,9 \u00d7 5\u202fcm<br data-start=\"649\" data-end=\"652\" \/>\ud83d\udd38 <strong data-start=\"655\" data-end=\"668\">Material:<\/strong> Kristallglas, facettiert geschliffen<br data-start=\"705\" data-end=\"708\" \/>\ud83d\udd38 <strong data-start=\"711\" data-end=\"723\">Wirkung:<\/strong> Lichtspiele, gute Energie, harmonisierendes Raumgef\u00fchl<\/p>\n<p data-start=\"780\" data-end=\"834\">Lassen Sie sich verzaubern \u2013 jeden Tag aufs Neue.<\/p>\n","protected":false},"excerpt":{"rendered":"<p>Regenbogenkristall \u2013 Magie des Lichts Regenbogenkristalle bringen Licht und Leben in Ihr Zuhause. In ihren geschliffenen Facetten bricht sich das Sonnenlicht prismenhaft und wirft funkelnde Lichtspiele auf W\u00e4nde, Decke und Boden \u2013 ein zauberhaftes Schauspiel f\u00fcr die Sinne. \u2728 Wer nach den Prinzipien des Feng Shui wohnt oder arbeitet, wird auf diese kleinen Sonnenf\u00e4nger nicht [&hellip;]<\/p>\n<p><a class=\"read-more\" href=\"https:\/\/www.bynaldis-shop.com\/?product=kristall-4\">Mehr lesen<span class=\"meta-nav\">&rarr;<\/span><\/a><\/p>\n","protected":false},"featured_media":9014,"template":"","meta":[],"product_brand":[],"product_cat":[210],"product_tag":[],"class_list":{"0":"post-8014","1":"product","2":"type-product","3":"status-publish","4":"has-post-thumbnail","6":"product_cat-kristalle","8":"first","9":"instock","10":"taxable","11":"shipping-taxable","12":"purchasable","13":"product-type-simple"},"_links":{"self":[{"href":"https:\/\/www.bynaldis-shop.com\/index.php?rest_route=\/wp\/v2\/product\/8014","targetHints":{"allow":["GET"]}}],"collection":[{"href":"https:\/\/www.bynaldis-shop.com\/index.php?rest_route=\/wp\/v2\/product"}],"about":[{"href":"https:\/\/www.bynaldis-shop.com\/index.php?rest_route=\/wp\/v2\/types\/product"}],"wp:featuredmedia":[{"embeddable":true,"href":"https:\/\/www.bynaldis-shop.com\/index.php?rest_route=\/wp\/v2\/media\/9014"}],"wp:attachment":[{"href":"https:\/\/www.bynaldis-shop.com\/index.php?rest_route=%2Fwp%2Fv2%2Fmedia&parent=8014"}],"wp:term":[{"taxonomy":"product_brand","embeddable":true,"href":"https:\/\/www.bynaldis-shop.com\/index.php?rest_route=%2Fwp%2Fv2%2Fproduct_brand&post=8014"},{"taxonomy":"product_cat","embeddable":true,"href":"https:\/\/www.bynaldis-shop.com\/index.php?rest_route=%2Fwp%2Fv2%2Fproduct_cat&post=8014"},{"taxonomy":"product_tag","embeddable":true,"href":"https:\/\/www.bynaldis-shop.com\/index.php?rest_route=%2Fwp%2Fv2%2Fproduct_tag&post=8014"}],"curies":[{"name":"wp","href":"https:\/\/api.w.org\/{rel}","templated":true}]}}