{"id":8013,"date":"2024-03-11T12:34:26","date_gmt":"2024-03-11T11:34:26","guid":{"rendered":"https:\/\/www.bynaldis-shop.com\/?post_type=product&#038;p=8013"},"modified":"2026-05-05T12:14:43","modified_gmt":"2026-05-05T10:14:43","slug":"kristall-3","status":"publish","type":"product","link":"https:\/\/www.bynaldis-shop.com\/?product=kristall-3","title":{"rendered":"Regenbogenkristall \u2013 Lichtspiel f\u00fcr Herz &#038; Raum"},"content":{"rendered":"<p data-start=\"140\" data-end=\"194\"><strong data-start=\"143\" data-end=\"194\">Regenbogenkristall \u2013 Lichtspiel f\u00fcr Herz &amp; Raum<\/strong><\/p>\n<p data-start=\"196\" data-end=\"402\">Regenbogenkristalle bringen Licht und Leben in Ihr Zuhause. In ihren kunstvoll geschliffenen Facetten bricht sich das Sonnenlicht zu einem funkelnden Farbenspiel, das tanzend \u00fcber W\u00e4nde und B\u00f6den gleitet. \u2728<\/p>\n<p data-start=\"404\" data-end=\"651\">Wer nach den Prinzipien des Feng Shui lebt, wird auf diesen kleinen Lichtbringer nicht verzichten wollen. Der Sun Catcher entfaltet seine Magie in jedem Fenster, durch das Sonnenlicht f\u00e4llt \u2013 sei es im Wohnzimmer, Arbeitsbereich oder Kinderzimmer.<\/p>\n<p data-start=\"653\" data-end=\"785\">\ud83d\udd38 <strong data-start=\"656\" data-end=\"666\">Gr\u00f6\u00dfe:<\/strong> ca. 3,2 \u00d7 5\u202fcm<br data-start=\"681\" data-end=\"684\" \/>\ud83d\udd38 <strong data-start=\"687\" data-end=\"700\">Material:<\/strong> geschliffenes Kristallglas<br data-start=\"727\" data-end=\"730\" \/>\ud83d\udd38 <strong data-start=\"733\" data-end=\"744\">Effekt:<\/strong> strahlende Regenb\u00f6gen &amp; positive Energie<\/p>\n<p data-start=\"787\" data-end=\"912\">\ud83c\udf1e Lassen Sie sich t\u00e4glich von den faszinierenden Lichtspielen verzaubern \u2013 ein St\u00fcck Harmonie f\u00fcr K\u00f6rper, Geist und Raum.<\/p>\n","protected":false},"excerpt":{"rendered":"<p>Regenbogenkristall \u2013 Lichtspiel f\u00fcr Herz &amp; Raum Regenbogenkristalle bringen Licht und Leben in Ihr Zuhause. In ihren kunstvoll geschliffenen Facetten bricht sich das Sonnenlicht zu einem funkelnden Farbenspiel, das tanzend \u00fcber W\u00e4nde und B\u00f6den gleitet. \u2728 Wer nach den Prinzipien des Feng Shui lebt, wird auf diesen kleinen Lichtbringer nicht verzichten wollen. Der Sun Catcher [&hellip;]<\/p>\n<p><a class=\"read-more\" href=\"https:\/\/www.bynaldis-shop.com\/?product=kristall-3\">Mehr lesen<span class=\"meta-nav\">&rarr;<\/span><\/a><\/p>\n","protected":false},"featured_media":9016,"template":"","meta":[],"product_brand":[],"product_cat":[210],"product_tag":[],"class_list":{"0":"post-8013","1":"product","2":"type-product","3":"status-publish","4":"has-post-thumbnail","6":"product_cat-kristalle","8":"first","9":"instock","10":"taxable","11":"shipping-taxable","12":"purchasable","13":"product-type-simple"},"_links":{"self":[{"href":"https:\/\/www.bynaldis-shop.com\/index.php?rest_route=\/wp\/v2\/product\/8013","targetHints":{"allow":["GET"]}}],"collection":[{"href":"https:\/\/www.bynaldis-shop.com\/index.php?rest_route=\/wp\/v2\/product"}],"about":[{"href":"https:\/\/www.bynaldis-shop.com\/index.php?rest_route=\/wp\/v2\/types\/product"}],"wp:featuredmedia":[{"embeddable":true,"href":"https:\/\/www.bynaldis-shop.com\/index.php?rest_route=\/wp\/v2\/media\/9016"}],"wp:attachment":[{"href":"https:\/\/www.bynaldis-shop.com\/index.php?rest_route=%2Fwp%2Fv2%2Fmedia&parent=8013"}],"wp:term":[{"taxonomy":"product_brand","embeddable":true,"href":"https:\/\/www.bynaldis-shop.com\/index.php?rest_route=%2Fwp%2Fv2%2Fproduct_brand&post=8013"},{"taxonomy":"product_cat","embeddable":true,"href":"https:\/\/www.bynaldis-shop.com\/index.php?rest_route=%2Fwp%2Fv2%2Fproduct_cat&post=8013"},{"taxonomy":"product_tag","embeddable":true,"href":"https:\/\/www.bynaldis-shop.com\/index.php?rest_route=%2Fwp%2Fv2%2Fproduct_tag&post=8013"}],"curies":[{"name":"wp","href":"https:\/\/api.w.org\/{rel}","templated":true}]}}